{"id":802,"date":"2022-08-15T16:50:24","date_gmt":"2022-08-15T19:50:24","guid":{"rendered":"https:\/\/ifmaker.gravatai.ifsul.edu.br\/?page_id=802"},"modified":"2022-08-26T11:41:02","modified_gmt":"2022-08-26T14:41:02","slug":"802-2","status":"publish","type":"page","link":"https:\/\/ifmaker.gravatai.ifsul.edu.br\/?page_id=802","title":{"rendered":"Modelagem e impress\u00e3o de objetos 3D aplicada \u00e0s pr\u00e1ticas de biologia"},"content":{"rendered":"\n<h2 class=\"wp-block-heading\">Modelagem e impress\u00e3o de objetos 3D aplicada \u00e0s pr\u00e1ticas de biologia<\/h2>\n\n\n\n<p class=\"has-medium-font-size\"><strong>O projeto consiste na integra\u00e7\u00e3o de conhecimentos das \u00e1reas de modelagem e impress\u00e3o 3D e biologia, por meio da cria\u00e7\u00e3o de um grupo de estudos que tem por objetivo identificar, modelar e imprimir objetos tridimensionais no Laborat\u00f3rio de Prototipagem IFMaker para serem empregados nas pr\u00e1ticas de biologia executadas no Laborat\u00f3rio Multidisciplinar, ambos no C\u00e2mpus Gravata\u00ed.<\/strong><\/p>\n\n\n\n<p class=\"has-medium-font-size\"><strong>Per\u00edodo da A\u00e7\u00e3o:<\/strong>&nbsp;agosto a dezembro de 2022<\/p>\n\n\n\n<p class=\"has-medium-font-size\"><strong>Coordenadores:<\/strong>&nbsp;<\/p>\n\n\n\n<ul class=\"has-medium-font-size wp-block-list\"><li>Ademir Dorneles de Dorneles<\/li><li>Raquel Calloni<\/li><\/ul>\n\n\n\n<p class=\"has-medium-font-size\"><strong>Bolsistas:<\/strong><\/p>\n\n\n\n<ul class=\"has-medium-font-size wp-block-list\"><li>Anne Santos da Silva<\/li><li>Felipe Vilanova Villa Verde<\/li><\/ul>\n","protected":false},"excerpt":{"rendered":"<p>Modelagem e impress\u00e3o de objetos 3D aplicada \u00e0s pr\u00e1ticas de biologia O projeto consiste na integra\u00e7\u00e3o de conhecimentos das \u00e1reas de modelagem e impress\u00e3o 3D e biologia, por meio da cria\u00e7\u00e3o de um grupo de estudos que tem por objetivo identificar, modelar e imprimir objetos tridimensionais no Laborat\u00f3rio de Prototipagem IFMaker para serem empregados nas [&hellip;]<\/p>\n","protected":false},"author":2,"featured_media":0,"parent":0,"menu_order":0,"comment_status":"closed","ping_status":"closed","template":"templates\/template-page-full-width.php","meta":{"footnotes":""},"class_list":["post-802","page","type-page","status-publish","hentry"],"_links":{"self":[{"href":"https:\/\/ifmaker.gravatai.ifsul.edu.br\/index.php?rest_route=\/wp\/v2\/pages\/802","targetHints":{"allow":["GET"]}}],"collection":[{"href":"https:\/\/ifmaker.gravatai.ifsul.edu.br\/index.php?rest_route=\/wp\/v2\/pages"}],"about":[{"href":"https:\/\/ifmaker.gravatai.ifsul.edu.br\/index.php?rest_route=\/wp\/v2\/types\/page"}],"author":[{"embeddable":true,"href":"https:\/\/ifmaker.gravatai.ifsul.edu.br\/index.php?rest_route=\/wp\/v2\/users\/2"}],"replies":[{"embeddable":true,"href":"https:\/\/ifmaker.gravatai.ifsul.edu.br\/index.php?rest_route=%2Fwp%2Fv2%2Fcomments&post=802"}],"version-history":[{"count":3,"href":"https:\/\/ifmaker.gravatai.ifsul.edu.br\/index.php?rest_route=\/wp\/v2\/pages\/802\/revisions"}],"predecessor-version":[{"id":1129,"href":"https:\/\/ifmaker.gravatai.ifsul.edu.br\/index.php?rest_route=\/wp\/v2\/pages\/802\/revisions\/1129"}],"wp:attachment":[{"href":"https:\/\/ifmaker.gravatai.ifsul.edu.br\/index.php?rest_route=%2Fwp%2Fv2%2Fmedia&parent=802"}],"curies":[{"name":"wp","href":"https:\/\/api.w.org\/{rel}","templated":true}]}}