{"id":796,"date":"2022-08-11T15:07:32","date_gmt":"2022-08-11T18:07:32","guid":{"rendered":"https:\/\/ifmaker.gravatai.ifsul.edu.br\/?page_id=796"},"modified":"2022-09-26T17:17:06","modified_gmt":"2022-09-26T20:17:06","slug":"projeto-de-extensao-formacao-docente-em-robotica-educacional","status":"publish","type":"page","link":"https:\/\/ifmaker.gravatai.ifsul.edu.br\/?page_id=796","title":{"rendered":"Projeto de Extens\u00e3o\u00a0Forma\u00e7\u00e3o Docente em\u00a0Rob\u00f3tica\u00a0Educacional"},"content":{"rendered":"\n<h2 class=\"wp-block-heading\"><strong>Projeto de Extens\u00e3o&nbsp;Forma\u00e7\u00e3o Docente em&nbsp;Rob\u00f3tica&nbsp;Educacional<\/strong><\/h2>\n\n\n\n<p class=\"has-medium-font-size\">O Projeto de Extens\u00e3o&nbsp;Forma\u00e7\u00e3o Docente em Rob\u00f3tica Educacional est\u00e1 vinculado ao Laborat\u00f3rio de Prototipagem IFMaker \u2013 Gravata\u00ed e&nbsp;tem como objetivo realizar uma forma\u00e7\u00e3o t\u00e9cnico-pedag\u00f3gica docente com foco na abordagem da Rob\u00f3tica Educacional aos profissionais de educa\u00e7\u00e3o da rede municipal de ensino de Gravata\u00ed\/RS,&nbsp; preferencialmente atuante na modalidade do 6\u00ba ao 9\u00ba ano do Ensino Fundamental, tendo como vi\u00e9s a contextualiza\u00e7\u00e3o de possibilidades e interven\u00e7\u00f5es pedag\u00f3gicas fundamentadas na utiliza\u00e7\u00e3o da rob\u00f3tica.<\/p>\n\n\n\n<p class=\"has-medium-font-size\"><strong>Per\u00edodo da A\u00e7\u00e3o: <\/strong>setembro&nbsp;a&nbsp;novembro de 2022<\/p>\n\n\n\n<p class=\"has-medium-font-size\"><strong>Coordenador:<\/strong>&nbsp;Ademir Dorneles de Dorneles<\/p>\n\n\n\n<p class=\"has-medium-font-size\"><strong>Bolsistas:&nbsp;<\/strong>Ana Luiza Silveira Leite e&nbsp; Jo\u00e3o Vitor Santos da Silva<\/p>\n\n\n\n<p class=\"has-medium-font-size\"><strong>Contatos:<\/strong>\u00a0\u00a0<a href=\"mailto:ademirdorneles@ifsul.edu.br\">ademirdorneles<\/a>@ademirdorneles<\/p>\n\n\n\n<div style=\"height:100px\" aria-hidden=\"true\" class=\"wp-block-spacer\"><\/div>\n\n\n\n<h2 class=\"wp-block-heading\">Posts relacionados:<\/h2>\n\n\n\n<figure class=\"wp-block-embed is-type-wp-embed is-provider-laboratorio-ifmaker-gravatai wp-block-embed-laboratorio-ifmaker-gravatai\"><div class=\"wp-block-embed__wrapper\">\n<blockquote class=\"wp-embedded-content\" data-secret=\"0QSoENrUW2\"><a href=\"https:\/\/ifmaker.gravatai.ifsul.edu.br\/?p=895\">C\u00e2mpus Gravata\u00ed e NTE\/SMED realizam aula inaugural do Projeto de Extens\u00e3o Forma\u00e7\u00e3o Docente em Rob\u00f3tica Educacional<\/a><\/blockquote><iframe class=\"wp-embedded-content\" sandbox=\"allow-scripts\" security=\"restricted\" style=\"position: absolute; clip: rect(1px, 1px, 1px, 1px);\" title=\"&#8220;C\u00e2mpus Gravata\u00ed e NTE\/SMED realizam aula inaugural do Projeto de Extens\u00e3o Forma\u00e7\u00e3o Docente em Rob\u00f3tica Educacional&#8221; &#8212; Laborat\u00f3rio IFMaker - Gravata\u00ed\" src=\"https:\/\/ifmaker.gravatai.ifsul.edu.br\/?p=895&#038;embed=true#?secret=9IL3wkPWbO#?secret=0QSoENrUW2\" data-secret=\"0QSoENrUW2\" width=\"600\" height=\"338\" frameborder=\"0\" marginwidth=\"0\" marginheight=\"0\" scrolling=\"no\"><\/iframe>\n<\/div><\/figure>\n","protected":false},"excerpt":{"rendered":"<p>Projeto de Extens\u00e3o&nbsp;Forma\u00e7\u00e3o Docente em&nbsp;Rob\u00f3tica&nbsp;Educacional O Projeto de Extens\u00e3o&nbsp;Forma\u00e7\u00e3o Docente em Rob\u00f3tica Educacional est\u00e1 vinculado ao Laborat\u00f3rio de Prototipagem IFMaker \u2013 Gravata\u00ed e&nbsp;tem como objetivo realizar uma forma\u00e7\u00e3o t\u00e9cnico-pedag\u00f3gica docente com foco na abordagem da Rob\u00f3tica Educacional aos profissionais de educa\u00e7\u00e3o da rede municipal de ensino de Gravata\u00ed\/RS,&nbsp; preferencialmente atuante na modalidade do 6\u00ba ao [&hellip;]<\/p>\n","protected":false},"author":2,"featured_media":0,"parent":0,"menu_order":0,"comment_status":"closed","ping_status":"closed","template":"templates\/template-page-full-width.php","meta":{"footnotes":""},"class_list":["post-796","page","type-page","status-publish","hentry"],"_links":{"self":[{"href":"https:\/\/ifmaker.gravatai.ifsul.edu.br\/index.php?rest_route=\/wp\/v2\/pages\/796","targetHints":{"allow":["GET"]}}],"collection":[{"href":"https:\/\/ifmaker.gravatai.ifsul.edu.br\/index.php?rest_route=\/wp\/v2\/pages"}],"about":[{"href":"https:\/\/ifmaker.gravatai.ifsul.edu.br\/index.php?rest_route=\/wp\/v2\/types\/page"}],"author":[{"embeddable":true,"href":"https:\/\/ifmaker.gravatai.ifsul.edu.br\/index.php?rest_route=\/wp\/v2\/users\/2"}],"replies":[{"embeddable":true,"href":"https:\/\/ifmaker.gravatai.ifsul.edu.br\/index.php?rest_route=%2Fwp%2Fv2%2Fcomments&post=796"}],"version-history":[{"count":2,"href":"https:\/\/ifmaker.gravatai.ifsul.edu.br\/index.php?rest_route=\/wp\/v2\/pages\/796\/revisions"}],"predecessor-version":[{"id":912,"href":"https:\/\/ifmaker.gravatai.ifsul.edu.br\/index.php?rest_route=\/wp\/v2\/pages\/796\/revisions\/912"}],"wp:attachment":[{"href":"https:\/\/ifmaker.gravatai.ifsul.edu.br\/index.php?rest_route=%2Fwp%2Fv2%2Fmedia&parent=796"}],"curies":[{"name":"wp","href":"https:\/\/api.w.org\/{rel}","templated":true}]}}