{"id":611,"date":"2021-12-20T23:44:12","date_gmt":"2021-12-21T02:44:12","guid":{"rendered":"https:\/\/ifmaker.gravatai.ifsul.edu.br\/?page_id=611"},"modified":"2021-12-21T00:07:21","modified_gmt":"2021-12-21T03:07:21","slug":"2021-1o-semana-da-cultura-maker","status":"publish","type":"page","link":"https:\/\/ifmaker.gravatai.ifsul.edu.br\/?page_id=611","title":{"rendered":"2021 &#8211; 1\u00ba SEMANA DA CULTURA MAKER"},"content":{"rendered":"\n<h2 class=\"wp-block-heading\">1\u00ba SEMANA DA CULTURA MAKER &#8211; IFMAKER GRAVATA\u00cd<\/h2>\n\n\n\n<p class=\"has-medium-font-size\">A <strong><strong>1\u00aa Semana da Cultura Maker<\/strong><\/strong> ocorreu entre os dias <strong>08 e 12 de novembro de 2021<\/strong> e foi transmitida por meio da internet. Organizada pela equipe gestora do Laborat\u00f3rio de Prototipagem IFMaker Gravata\u00ed,  teve o intuito de realizar a\u00e7\u00f5es e palestras que visaram a divulga\u00e7\u00e3o da Cultura Maker e marcou tamb\u00e9m o in\u00edcio das atividades do Laborat\u00f3rio.&nbsp; <\/p>\n\n\n\n<p class=\"has-medium-font-size\">Al\u00e9m das palestras, o evento contarou ainda com apresenta\u00e7\u00f5es da equipe de rob\u00f3tica <strong>FRC 1772 &#8211; The Brazilian Trail Blazers<\/strong>. Esta a\u00e7\u00e3o foi voltada para os(as) estudantes do primeiro ano do ensino m\u00e9dio do c\u00e2mpus Gravata\u00ed e objetivou a divulga\u00e7\u00e3o da equipe de rob\u00f3tica, sediada na cidade de Gravata\u00ed\/RS. A FRC 1772 &#8211; The Brazilian Trail Blazers \u00e9 composta por alunos e alunas do ensino m\u00e9dio de escolas da rede p\u00fablica, contando tamb\u00e9m com a participa\u00e7\u00e3o de alunos(as) egressos e atuais do c\u00e2mpus Gravata\u00ed. Ao todo foram duas apresenta\u00e7\u00f5es, e ambas aconteceram no dia 10 de novembro de 2021 (quarta-feira), de forma virtual, nos hor\u00e1rios das 10h30 \u00e0s 11h30 e das 15h30 \u00e0s 16h30.<\/p>\n\n\n\n<hr class=\"wp-block-separator\"\/>\n\n\n\n<h2 class=\"wp-block-heading\">Assistas as palestras da 1\u00aa Semana da Cultura Maker &#8211; IFMaker Gravata\u00ed:<\/h2>\n\n\n\n<hr class=\"wp-block-separator\"\/>\n\n\n\n<p class=\"has-medium-font-size\"><strong>Dia 1:<\/strong><\/p>\n\n\n\n<p class=\"has-medium-font-size\">LIVE &#8211; Abertura do evento e apresenta\u00e7\u00e3o do Laborat\u00f3rio de Prototipagem IFMaker Gravata\u00ed &#8211; Equipe Gestora &#8211; IFMaker Gravata\u00ed<\/p>\n\n\n\n<p>Apresenta\u00e7\u00e3o: Ademir Dorneles (Coordenador) &#8211; ademirdorneles@ifsul.edu.br<\/p>\n\n\n\n<figure class=\"wp-block-embed is-type-video is-provider-youtube wp-block-embed-youtube wp-embed-aspect-16-9 wp-has-aspect-ratio\"><div class=\"wp-block-embed__wrapper\">\n<iframe title=\"Dia 1 - LIVE - Abertura do evento e apresenta\u00e7\u00e3o do Laborat\u00f3rio IFMaker Gravata\u00ed\" width=\"1170\" height=\"658\" src=\"https:\/\/www.youtube.com\/embed\/iAlFSRiGXnk?feature=oembed\" frameborder=\"0\" allow=\"accelerometer; autoplay; clipboard-write; encrypted-media; gyroscope; picture-in-picture\" allowfullscreen><\/iframe>\n<\/div><\/figure>\n\n\n\n<hr class=\"wp-block-separator\"\/>\n\n\n\n<p class=\"has-medium-font-size\"><strong>Dia 2:<\/strong><\/p>\n\n\n\n<p class=\"has-medium-font-size\">PALESTRA &#8211; Implementa\u00e7\u00e3o de espa\u00e7os de fabrica\u00e7\u00e3o digital acad\u00eamicos e criativos.<\/p>\n\n\n\n<p>PALESTRANTE: Prof. Dr. Andr\u00e9 Peres &#8211; IFRS POA<\/p>\n\n\n\n<figure class=\"wp-block-embed is-type-video is-provider-youtube wp-block-embed-youtube wp-embed-aspect-16-9 wp-has-aspect-ratio\"><div class=\"wp-block-embed__wrapper\">\n<iframe title=\"Dia 2 - PALESTRA - Implementa\u00e7\u00e3o de espa\u00e7os de fabrica\u00e7\u00e3o digital acad\u00eamicos e criativos\" width=\"1170\" height=\"658\" src=\"https:\/\/www.youtube.com\/embed\/cf-_Xx0IyLs?feature=oembed\" frameborder=\"0\" allow=\"accelerometer; autoplay; clipboard-write; encrypted-media; gyroscope; picture-in-picture\" allowfullscreen><\/iframe>\n<\/div><\/figure>\n\n\n\n<hr class=\"wp-block-separator\"\/>\n\n\n\n<p class=\"has-medium-font-size\"><strong>Dia 3:<\/strong><\/p>\n\n\n\n<p class=\"has-medium-font-size\">PALESTRA &#8211; Robocharq: Da cultura maker \u00e0 rob\u00f3tica educacional<\/p>\n\n\n\n<p>PALESTRANTES:<\/p>\n\n\n\n<p>Prof. Me. Danilo Fortes da Silveira Matos &#8211; IFSUL C\u00e2mpus Charqueadas <br>Prof. Me. Diego Afonso da Silva Lima &#8211; IFSUL C\u00e2mpus Charqueadas <br>Prof. Me. Rafael Marquetto Vargas &#8211; IFSUL C\u00e2mpus Charqueadas <\/p>\n\n\n\n<figure class=\"wp-block-embed is-type-video is-provider-youtube wp-block-embed-youtube wp-embed-aspect-16-9 wp-has-aspect-ratio\"><div class=\"wp-block-embed__wrapper\">\n<iframe title=\"Dia 3 - PALESTRA - Robocharq: Da cultura maker \u00e0 rob\u00f3tica educacional\" width=\"1170\" height=\"658\" src=\"https:\/\/www.youtube.com\/embed\/aQ74qoyeJAM?feature=oembed\" frameborder=\"0\" allow=\"accelerometer; autoplay; clipboard-write; encrypted-media; gyroscope; picture-in-picture\" allowfullscreen><\/iframe>\n<\/div><\/figure>\n\n\n\n<hr class=\"wp-block-separator\"\/>\n\n\n\n<p class=\"has-medium-font-size\"><strong>Dia 4:<\/strong><\/p>\n\n\n\n<p class=\"has-medium-font-size\">PALESTRA &#8211; Desenvolvimento de jogos: Uma carreira promissora em um grande mercado.<\/p>\n\n\n\n<p>PALESTRANTE: Prof. Dr. Vini Cassol &#8211; UniRitter.<\/p>\n\n\n\n<figure class=\"wp-block-embed is-type-video is-provider-youtube wp-block-embed-youtube wp-embed-aspect-16-9 wp-has-aspect-ratio\"><div class=\"wp-block-embed__wrapper\">\n<iframe title=\"Dia 4 - PALESTRA - Desenvolvimento de jogos: Uma carreira promissora em um grande mercado\" width=\"1170\" height=\"658\" src=\"https:\/\/www.youtube.com\/embed\/7hEY86HVv2s?feature=oembed\" frameborder=\"0\" allow=\"accelerometer; autoplay; clipboard-write; encrypted-media; gyroscope; picture-in-picture\" allowfullscreen><\/iframe>\n<\/div><\/figure>\n","protected":false},"excerpt":{"rendered":"<p>1\u00ba SEMANA DA CULTURA MAKER &#8211; IFMAKER GRAVATA\u00cd A 1\u00aa Semana da Cultura Maker ocorreu entre os dias 08 e 12 de novembro de 2021 e foi transmitida por meio da internet. Organizada pela equipe gestora do Laborat\u00f3rio de Prototipagem IFMaker Gravata\u00ed, teve o intuito de realizar a\u00e7\u00f5es e palestras que visaram a divulga\u00e7\u00e3o da [&hellip;]<\/p>\n","protected":false},"author":1,"featured_media":0,"parent":0,"menu_order":0,"comment_status":"closed","ping_status":"closed","template":"templates\/template-page-full-width.php","meta":{"footnotes":""},"class_list":["post-611","page","type-page","status-publish","hentry"],"_links":{"self":[{"href":"https:\/\/ifmaker.gravatai.ifsul.edu.br\/index.php?rest_route=\/wp\/v2\/pages\/611","targetHints":{"allow":["GET"]}}],"collection":[{"href":"https:\/\/ifmaker.gravatai.ifsul.edu.br\/index.php?rest_route=\/wp\/v2\/pages"}],"about":[{"href":"https:\/\/ifmaker.gravatai.ifsul.edu.br\/index.php?rest_route=\/wp\/v2\/types\/page"}],"author":[{"embeddable":true,"href":"https:\/\/ifmaker.gravatai.ifsul.edu.br\/index.php?rest_route=\/wp\/v2\/users\/1"}],"replies":[{"embeddable":true,"href":"https:\/\/ifmaker.gravatai.ifsul.edu.br\/index.php?rest_route=%2Fwp%2Fv2%2Fcomments&post=611"}],"version-history":[{"count":14,"href":"https:\/\/ifmaker.gravatai.ifsul.edu.br\/index.php?rest_route=\/wp\/v2\/pages\/611\/revisions"}],"predecessor-version":[{"id":629,"href":"https:\/\/ifmaker.gravatai.ifsul.edu.br\/index.php?rest_route=\/wp\/v2\/pages\/611\/revisions\/629"}],"wp:attachment":[{"href":"https:\/\/ifmaker.gravatai.ifsul.edu.br\/index.php?rest_route=%2Fwp%2Fv2%2Fmedia&parent=611"}],"curies":[{"name":"wp","href":"https:\/\/api.w.org\/{rel}","templated":true}]}}