{"id":606,"date":"2021-12-20T23:29:10","date_gmt":"2021-12-21T02:29:10","guid":{"rendered":"https:\/\/ifmaker.gravatai.ifsul.edu.br\/?page_id=606"},"modified":"2021-12-21T00:08:19","modified_gmt":"2021-12-21T03:08:19","slug":"semana-da-cultura-maker","status":"publish","type":"page","link":"https:\/\/ifmaker.gravatai.ifsul.edu.br\/?page_id=606","title":{"rendered":"SEMANA DA CULTURA MAKER"},"content":{"rendered":"\n<h2 class=\"wp-block-heading\">O que \u00e9?<\/h2>\n\n\n\n<p class=\"has-medium-font-size\">A <strong><strong>Semana da Cultura Maker<\/strong><\/strong> \u00e9 um evento organizado anualmente pela equipe gestora do Laborat\u00f3rio de Prototipagem IFMaker Gravata\u00ed,  e&nbsp; tem o intuito de realizar a\u00e7\u00f5es, palestras e oficinas que visam a divulga\u00e7\u00e3o da Cultura Maker. Al\u00e9m disso, outro desdobramento do evento \u00e9 o incentivo \u00e0 cria\u00e7\u00e3o de projetos de ensino, pesquisa e extens\u00e3o, utilizando a Cultura Maker, no \u00e2mbito da comunidade acad\u00eamica do C\u00e2mpus Gravata\u00ed. <\/p>\n\n\n\n<hr class=\"wp-block-separator\"\/>\n\n\n\n<ul class=\"has-medium-font-size wp-block-list\"><li>2021 &#8211; <a href=\"https:\/\/ifmaker.gravatai.ifsul.edu.br\/?page_id=611\" data-type=\"URL\" data-id=\"https:\/\/ifmaker.gravatai.ifsul.edu.br\/?page_id=611\">1\u00aa Semana da Cultura Maker &#8211; IFMaker Gravata\u00ed<\/a><\/li><\/ul>\n\n\n\n<p><\/p>\n","protected":false},"excerpt":{"rendered":"<p>O que \u00e9? A Semana da Cultura Maker \u00e9 um evento organizado anualmente pela equipe gestora do Laborat\u00f3rio de Prototipagem IFMaker Gravata\u00ed, e&nbsp; tem o intuito de realizar a\u00e7\u00f5es, palestras e oficinas que visam a divulga\u00e7\u00e3o da Cultura Maker. Al\u00e9m disso, outro desdobramento do evento \u00e9 o incentivo \u00e0 cria\u00e7\u00e3o de projetos de ensino, pesquisa [&hellip;]<\/p>\n","protected":false},"author":1,"featured_media":0,"parent":0,"menu_order":0,"comment_status":"closed","ping_status":"closed","template":"templates\/template-page-full-width.php","meta":{"footnotes":""},"class_list":["post-606","page","type-page","status-publish","hentry"],"_links":{"self":[{"href":"https:\/\/ifmaker.gravatai.ifsul.edu.br\/index.php?rest_route=\/wp\/v2\/pages\/606","targetHints":{"allow":["GET"]}}],"collection":[{"href":"https:\/\/ifmaker.gravatai.ifsul.edu.br\/index.php?rest_route=\/wp\/v2\/pages"}],"about":[{"href":"https:\/\/ifmaker.gravatai.ifsul.edu.br\/index.php?rest_route=\/wp\/v2\/types\/page"}],"author":[{"embeddable":true,"href":"https:\/\/ifmaker.gravatai.ifsul.edu.br\/index.php?rest_route=\/wp\/v2\/users\/1"}],"replies":[{"embeddable":true,"href":"https:\/\/ifmaker.gravatai.ifsul.edu.br\/index.php?rest_route=%2Fwp%2Fv2%2Fcomments&post=606"}],"version-history":[{"count":5,"href":"https:\/\/ifmaker.gravatai.ifsul.edu.br\/index.php?rest_route=\/wp\/v2\/pages\/606\/revisions"}],"predecessor-version":[{"id":630,"href":"https:\/\/ifmaker.gravatai.ifsul.edu.br\/index.php?rest_route=\/wp\/v2\/pages\/606\/revisions\/630"}],"wp:attachment":[{"href":"https:\/\/ifmaker.gravatai.ifsul.edu.br\/index.php?rest_route=%2Fwp%2Fv2%2Fmedia&parent=606"}],"curies":[{"name":"wp","href":"https:\/\/api.w.org\/{rel}","templated":true}]}}