{"id":42,"date":"2021-09-29T22:44:53","date_gmt":"2021-09-30T01:44:53","guid":{"rendered":"http:\/\/192.168.20.13\/?page_id=42"},"modified":"2025-08-25T22:03:22","modified_gmt":"2025-08-26T01:03:22","slug":"sobre","status":"publish","type":"page","link":"https:\/\/ifmaker.gravatai.ifsul.edu.br\/?page_id=42","title":{"rendered":"Sobre"},"content":{"rendered":"\t\t<div data-elementor-type=\"wp-page\" data-elementor-id=\"42\" class=\"elementor elementor-42\">\n\t\t\t\t<div class=\"elementor-element elementor-element-31616321 e-flex e-con-boxed e-con e-parent\" data-id=\"31616321\" data-element_type=\"container\" data-e-type=\"container\">\n\t\t\t\t\t<div class=\"e-con-inner\">\n\t\t\t\t<div class=\"elementor-element elementor-element-8c6c8cf elementor-widget elementor-widget-text-editor\" data-id=\"8c6c8cf\" data-element_type=\"widget\" data-e-type=\"widget\" data-widget_type=\"text-editor.default\">\n\t\t\t\t\t\t\t\t\t<h1><span style=\"color: #000000;\"><strong>Sobre<\/strong><\/span><\/h1>\t\t\t\t\t\t\t\t<\/div>\n\t\t<div class=\"elementor-element elementor-element-8d7db7a e-con-full e-flex e-con e-child\" data-id=\"8d7db7a\" data-element_type=\"container\" data-e-type=\"container\">\n\t\t\t\t<div class=\"elementor-element elementor-element-c76454a elementor-widget elementor-widget-text-editor\" data-id=\"c76454a\" data-element_type=\"widget\" data-e-type=\"widget\" data-widget_type=\"text-editor.default\">\n\t\t\t\t\t\t\t\t\t<p><span style=\"color: #333300;\">O <strong>Laborat\u00f3rio de Prototipagem IFMaker &#8211; Gravata\u00ed<\/strong> \u00e9 um espa\u00e7o multidisciplinar voltado para fortalecimento da cultura<em> learning by doing<\/em> (aprender fazendo),\u00a0onde os servidores, estudante e comunidade em geral do<span style=\"color: #000080;\"><strong> <a style=\"color: #000080;\" href=\"http:\/\/www.gravatai.ifsul.edu.br\" target=\"_blank\" rel=\"noreferrer noopener\" data-type=\"URL\" data-id=\"http:\/\/www.gravatai.ifsul.edu.br\">Instituto Federal de Educa\u00e7\u00e3o, Ci\u00eancias e Tecnologia Sul-rio-grandense &#8211; C\u00e2mpus Gravat<\/a><a style=\"color: #000080;\" href=\"http:\/\/www.gravatai.ifsul.edu.br\" target=\"_blank\" rel=\"noreferrer noopener\" data-type=\"URL\" data-id=\"http:\/\/www.gravatai.ifsul.edu.br\">a\u00ed<\/a><\/strong><\/span>, podem desenvolver projetos de pesquisa, ensino e extens\u00e3o voltados ao estimulo do esp\u00edrito de cria\u00e7\u00e3o e inova\u00e7\u00e3o. O espa\u00e7o proporciona que por meio do aprendizado pr\u00e1tico possa ser gerados produtos diversos, integrando novas tecnologias e a sala de aula, permitindo que o aluno seja protagonista nesse processo.<\/span><\/p>\t\t\t\t\t\t\t\t<\/div>\n\t\t\t\t<\/div>\n\t\t\t\t<div class=\"elementor-element elementor-element-29a4f25 elementor-widget elementor-widget-text-editor\" data-id=\"29a4f25\" data-element_type=\"widget\" data-e-type=\"widget\" data-widget_type=\"text-editor.default\">\n\t\t\t\t\t\t\t\t\t<h1 class=\"wp-block-heading\"><span style=\"color: #000000;\">Redes e parecerias<\/span><\/h1>\t\t\t\t\t\t\t\t<\/div>\n\t\t\t\t\t<\/div>\n\t\t\t\t<\/div>\n\t\t<div class=\"elementor-element elementor-element-297906b e-flex e-con-boxed e-con e-parent\" data-id=\"297906b\" data-element_type=\"container\" data-e-type=\"container\">\n\t\t\t\t\t<div class=\"e-con-inner\">\n\t\t<div class=\"elementor-element elementor-element-5755d57 e-con-full e-flex e-con e-child\" data-id=\"5755d57\" data-element_type=\"container\" data-e-type=\"container\">\n\t\t\t\t<div class=\"elementor-element elementor-element-74c5ab0 elementor-widget__width-initial elementor-widget elementor-widget-image\" data-id=\"74c5ab0\" data-element_type=\"widget\" data-e-type=\"widget\" data-widget_type=\"image.default\">\n\t\t\t\t\t\t\t\t\t\t\t\t\t\t\t<img decoding=\"async\" width=\"228\" height=\"118\" src=\"https:\/\/ifmaker.gravatai.ifsul.edu.br\/wp-content\/uploads\/2025\/05\/redemaker-3.jpg\" class=\"attachment-large size-large wp-image-1320\" alt=\"\" \/>\t\t\t\t\t\t\t\t\t\t\t\t\t\t\t<\/div>\n\t\t\t\t<\/div>\n\t\t<div class=\"elementor-element elementor-element-d01f71c e-con-full e-flex e-con e-child\" data-id=\"d01f71c\" data-element_type=\"container\" data-e-type=\"container\">\n\t\t\t\t<div class=\"elementor-element elementor-element-0990f74 elementor-widget elementor-widget-text-editor\" data-id=\"0990f74\" data-element_type=\"widget\" data-e-type=\"widget\" data-widget_type=\"text-editor.default\">\n\t\t\t\t\t\t\t\t\t<p><span style=\"color: #000000;\"><a style=\"color: #000000;\" href=\"https:\/\/www.gov.br\/mec\/pt-br\/assuntos\/ept\/rede-maker-o-2018aprender-fazendo2019-da-rede-federal\" target=\"_blank\" rel=\"noreferrer noopener\" data-type=\"link\" data-id=\"https:\/\/www.gov.br\/mec\/pt-br\/assuntos\/ept\/rede-maker-o-2018aprender-fazendo2019-da-rede-federal\">O <strong><span style=\"color: #000080;\">projeto Rede Maker<\/span><\/strong><\/a> foi iniciado em 2019, a partir da elabora\u00e7\u00e3o do Edital 35\/2020 para cria\u00e7\u00e3o de Laborat\u00f3rios de Prototipagem. S\u00e3o 39 institui\u00e7\u00f5es participantes das cinco regi\u00f5es brasileiras, a partir de 113 Equipes Gestoras formadas por estudantes, professores e t\u00e9cnicos administrativos, entre 5 a 15 integrantes cada equipe, totalizando mais de 1.300 membros diretos, al\u00e9m dos colaboradores externos ou parcerias por eles estabelecidos com outros atores como associa\u00e7\u00f5es, ONGs, secretarias municipais e estaduais de ensino, incubadoras de empresa, universidades, centros de pesquisa e setor produtivo.<\/span><\/p>\t\t\t\t\t\t\t\t<\/div>\n\t\t\t\t<\/div>\n\t\t<div class=\"elementor-element elementor-element-3f8ba3b e-con-full e-flex e-con e-child\" data-id=\"3f8ba3b\" data-element_type=\"container\" data-e-type=\"container\">\n\t\t\t\t<div class=\"elementor-element elementor-element-3742952 elementor-widget__width-initial elementor-widget elementor-widget-image\" data-id=\"3742952\" data-element_type=\"widget\" data-e-type=\"widget\" data-widget_type=\"image.default\">\n\t\t\t\t\t\t\t\t\t\t\t\t\t\t\t<img decoding=\"async\" width=\"313\" height=\"116\" src=\"https:\/\/ifmaker.gravatai.ifsul.edu.br\/wp-content\/uploads\/2025\/05\/images-1.png\" class=\"attachment-large size-large wp-image-1323\" alt=\"\" srcset=\"https:\/\/ifmaker.gravatai.ifsul.edu.br\/wp-content\/uploads\/2025\/05\/images-1.png 313w, https:\/\/ifmaker.gravatai.ifsul.edu.br\/wp-content\/uploads\/2025\/05\/images-1-300x111.png 300w\" sizes=\"(max-width: 313px) 100vw, 313px\" \/>\t\t\t\t\t\t\t\t\t\t\t\t\t\t\t<\/div>\n\t\t\t\t<\/div>\n\t\t<div class=\"elementor-element elementor-element-fb98eba e-con-full e-flex e-con e-child\" data-id=\"fb98eba\" data-element_type=\"container\" data-e-type=\"container\">\n\t\t\t\t<div class=\"elementor-element elementor-element-c289b0b elementor-widget elementor-widget-text-editor\" data-id=\"c289b0b\" data-element_type=\"widget\" data-e-type=\"widget\" data-widget_type=\"text-editor.default\">\n\t\t\t\t\t\t\t\t\t<p><span style=\"color: #000000;\">A <span style=\"color: #000080;\"><a style=\"color: #000080;\" href=\"https:\/\/sites.unipampa.edu.br\/sacci\/\" target=\"_blank\" rel=\"noreferrer noopener\" data-type=\"link\" data-id=\"https:\/\/sites.unipampa.edu.br\/sacci\/\"><strong>Rede SACCI<\/strong> <\/a><\/span>\u00e9 uma colabora\u00e7\u00e3o interinstitucional que re\u00fane diversas universidades, institutos e \u00f3rg\u00e3os de pesquisa, incluindo:<\/span><\/p>\n<ul>\n<li><span style=\"color: #000000;\"><strong>Universidades<\/strong>: UNIPAMPA, UFSM, UFPel, UCPel, FURG, UFRGS e UDELAR;<\/span><\/li>\n<li><span style=\"color: #000000;\"><strong>Institutos Federais<\/strong>: IFSul e IFFar;<\/span><\/li>\n<li><span style=\"color: #000000;\"><strong>\u00d3rg\u00e3os de Pesquisa<\/strong>: INPE (COESU e OES), CECLIMAR\/UFRGS, IPH\/UFRGS e SGB;<\/span><\/li>\n<li><span style=\"color: #000000;\"><strong>Secretarias de Educa\u00e7\u00e3o<\/strong>: 6 Coordenadorias Regionais de Educa\u00e7\u00e3o e 21 Secretarias Municipais de Educa\u00e7\u00e3o.<\/span><\/li>\n<\/ul>\n<p><span style=\"color: #000000;\">A equipe multidisciplinar conta com <strong>142 pesquisadores<\/strong> de diversas \u00e1reas, como Computa\u00e7\u00e3o, Ensino de Ci\u00eancias, Engenharias, F\u00edsica, Biologia, Matem\u00e1tica, Sa\u00fade, Geoci\u00eancias, Educa\u00e7\u00e3o e outras.<\/span><\/p>\t\t\t\t\t\t\t\t<\/div>\n\t\t\t\t<\/div>\n\t\t<div class=\"elementor-element elementor-element-9caaf91 e-con-full e-flex e-con e-child\" data-id=\"9caaf91\" data-element_type=\"container\" data-e-type=\"container\">\n\t\t\t\t<div class=\"elementor-element elementor-element-279a5d7 elementor-widget__width-initial elementor-widget elementor-widget-image\" data-id=\"279a5d7\" data-element_type=\"widget\" data-e-type=\"widget\" data-widget_type=\"image.default\">\n\t\t\t\t\t\t\t\t\t\t\t\t\t\t\t<img decoding=\"async\" width=\"289\" height=\"148\" src=\"https:\/\/ifmaker.gravatai.ifsul.edu.br\/wp-content\/uploads\/2025\/05\/pore-1.png\" class=\"attachment-large size-large wp-image-1316\" alt=\"\" \/>\t\t\t\t\t\t\t\t\t\t\t\t\t\t\t<\/div>\n\t\t\t\t<\/div>\n\t\t<div class=\"elementor-element elementor-element-1035e70 e-con-full e-flex e-con e-child\" data-id=\"1035e70\" data-element_type=\"container\" data-e-type=\"container\">\n\t\t\t\t<div class=\"elementor-element elementor-element-0ac47d6 elementor-widget elementor-widget-text-editor\" data-id=\"0ac47d6\" data-element_type=\"widget\" data-e-type=\"widget\" data-widget_type=\"text-editor.default\">\n\t\t\t\t\t\t\t\t\t<p><span style=\"color: #000000;\">O <strong><span style=\"color: #000080;\"><a style=\"color: #000080;\" href=\"https:\/\/ifrs.edu.br\/polo-olimpico-de-robotica-educacional-sera-inaugurado-e-aberto-a-estudantes-gauchos\/\">Polo Ol\u00edmpico de Conhecimento em Rob\u00f3tica Educacional<\/a><\/span><\/strong>, sediado no IFRS &#8211; C\u00e2mpus Porto Alegre, \u00e9 uma iniciativa conjunta do Instituto Federal de Educa\u00e7\u00e3o, Ci\u00eancia e Tecnologia do Rio Grande do Sul (IFRS) e do Instituto Federal Sul-rio-grandense (IFSul). Este projeto, de car\u00e1ter intercampi e interinstitucional, integra os campi Porto Alegre e Restinga (IFRS) e o Campus Gravata\u00ed (IFSul) e tem como objetivo se consolidar como uma refer\u00eancia para equipes de rob\u00f3tica de escolas p\u00fablicas e privadas, oferecendo suporte para o preparo e aperfei\u00e7oamento visando competi\u00e7\u00f5es nacionais e internacionais.<\/span><\/p>\t\t\t\t\t\t\t\t<\/div>\n\t\t\t\t<\/div>\n\t\t\t\t\t<\/div>\n\t\t\t\t<\/div>\n\t\t<div class=\"elementor-element elementor-element-2cb811d e-flex e-con-boxed e-con e-parent\" data-id=\"2cb811d\" data-element_type=\"container\" data-e-type=\"container\">\n\t\t\t\t\t<div class=\"e-con-inner\">\n\t\t\t\t<div class=\"elementor-element elementor-element-8ed1c29 elementor-widget elementor-widget-text-editor\" data-id=\"8ed1c29\" data-element_type=\"widget\" data-e-type=\"widget\" data-widget_type=\"text-editor.default\">\n\t\t\t\t\t\t\t\t\t<h1 class=\"wp-block-heading\"><span style=\"color: #000000;\">Equipe Gestora<\/span><\/h1>\t\t\t\t\t\t\t\t<\/div>\n\t\t\t\t<div class=\"elementor-element elementor-element-36a818c elementor-widget elementor-widget-text-editor\" data-id=\"36a818c\" data-element_type=\"widget\" data-e-type=\"widget\" data-widget_type=\"text-editor.default\">\n\t\t\t\t\t\t\t\t\t<p><span style=\"color: #000000;\">Conhe\u00e7a a Equipe Gestora do Laborat\u00f3rio IFMaker Gravata\u00ed: <a style=\"color: #000000;\" href=\"https:\/\/ifmaker.gravatai.ifsul.edu.br\/?page_id=209\" data-type=\"URL\" data-id=\"https:\/\/ifmaker.gravatai.ifsul.edu.br\/?page_id=209\"><span style=\"color: #008000;\"><strong>clique aqui<\/strong><\/span><\/a><span style=\"color: #008000;\"><strong>.<\/strong><\/span><\/span><\/p>\t\t\t\t\t\t\t\t<\/div>\n\t\t\t\t<div class=\"elementor-element elementor-element-677ce41 elementor-widget elementor-widget-text-editor\" data-id=\"677ce41\" data-element_type=\"widget\" data-e-type=\"widget\" data-widget_type=\"text-editor.default\">\n\t\t\t\t\t\t\t\t\t<h1 class=\"wp-block-heading\"><span style=\"color: #000000;\">Endere\u00e7o e contato<\/span><\/h1>\t\t\t\t\t\t\t\t<\/div>\n\t\t\t\t<div class=\"elementor-element elementor-element-0ba217d elementor-widget elementor-widget-text-editor\" data-id=\"0ba217d\" data-element_type=\"widget\" data-e-type=\"widget\" data-widget_type=\"text-editor.default\">\n\t\t\t\t\t\t\t\t\t<p><span style=\"color: #000000;\"><strong>Endere\u00e7o:\u00a0<\/strong>Rua Men de S\u00e1, 800 \u2013 Bairro Bom Sucesso\/Gravata\u00ed-RS \u2013 CEP: 94.135-300<\/span><br \/><span style=\"color: #000000;\"><strong>Contato:\u00a0<\/strong>gr-ifmaker@ifsul.edu.br<\/span><\/p>\t\t\t\t\t\t\t\t<\/div>\n\t\t\t\t<div class=\"elementor-element elementor-element-8ee6684 elementor-widget elementor-widget-text-editor\" data-id=\"8ee6684\" data-element_type=\"widget\" data-e-type=\"widget\" data-widget_type=\"text-editor.default\">\n\t\t\t\t\t\t\t\t\t<h1 class=\"wp-block-heading\"><span style=\"color: #000000;\">Localiza\u00e7\u00e3o<\/span><\/h1>\t\t\t\t\t\t\t\t<\/div>\n\t\t\t\t<div class=\"elementor-element elementor-element-24ec2f7 elementor-widget elementor-widget-text-editor\" data-id=\"24ec2f7\" data-element_type=\"widget\" data-e-type=\"widget\" data-widget_type=\"text-editor.default\">\n\t\t\t\t\t\t\t\t\t<p><!-- \/wp:heading --><!-- wp:spacer {\"height\":\"20px\"} --><\/p>\n<p><!-- \/wp:spacer --><!-- wp:shortcode --><\/p>\n<p><iframe style=\"border: 0;\" src=\"https:\/\/www.google.com\/maps\/embed?pb=!1m18!1m12!1m3!1d2590.3511308752195!2d-51.04310470018723!3d-29.930423393405214!2m3!1f0!2f0!3f0!3m2!1i1024!2i768!4f13.1!3m3!1m2!1s0x951973642357104f%3A0x20da4ce6fde188a0!2sIFSul%20-%20C%C3%A2mpus%20Gravata%C3%AD!5e0!3m2!1spt-BR!2sbr!4v1634823885962!5m2!1spt-BR!2sbr\" width=\"600\" height=\"450\" allowfullscreen=\"allowfullscreen\"><\/iframe><\/p>\n<p><!-- \/wp:shortcode --><!-- wp:paragraph --><\/p>\n<p><!-- \/wp:paragraph --><\/p>\n<div>\u00a0<\/div>\n<div>\u00a0<\/div>\t\t\t\t\t\t\t\t<\/div>\n\t\t\t\t\t<\/div>\n\t\t\t\t<\/div>\n\t\t\t\t<\/div>\n\t\t","protected":false},"excerpt":{"rendered":"<p>Sobre O Laborat\u00f3rio de Prototipagem IFMaker &#8211; Gravata\u00ed \u00e9 um espa\u00e7o multidisciplinar voltado para fortalecimento da cultura learning by doing (aprender fazendo),\u00a0onde os servidores, estudante e comunidade em geral do Instituto Federal de Educa\u00e7\u00e3o, Ci\u00eancias e Tecnologia Sul-rio-grandense &#8211; C\u00e2mpus Gravata\u00ed, podem desenvolver projetos de pesquisa, ensino e extens\u00e3o voltados ao estimulo do esp\u00edrito de [&hellip;]<\/p>\n","protected":false},"author":1,"featured_media":0,"parent":0,"menu_order":0,"comment_status":"closed","ping_status":"closed","template":"elementor_header_footer","meta":{"footnotes":""},"class_list":["post-42","page","type-page","status-publish","hentry"],"_links":{"self":[{"href":"https:\/\/ifmaker.gravatai.ifsul.edu.br\/index.php?rest_route=\/wp\/v2\/pages\/42","targetHints":{"allow":["GET"]}}],"collection":[{"href":"https:\/\/ifmaker.gravatai.ifsul.edu.br\/index.php?rest_route=\/wp\/v2\/pages"}],"about":[{"href":"https:\/\/ifmaker.gravatai.ifsul.edu.br\/index.php?rest_route=\/wp\/v2\/types\/page"}],"author":[{"embeddable":true,"href":"https:\/\/ifmaker.gravatai.ifsul.edu.br\/index.php?rest_route=\/wp\/v2\/users\/1"}],"replies":[{"embeddable":true,"href":"https:\/\/ifmaker.gravatai.ifsul.edu.br\/index.php?rest_route=%2Fwp%2Fv2%2Fcomments&post=42"}],"version-history":[{"count":100,"href":"https:\/\/ifmaker.gravatai.ifsul.edu.br\/index.php?rest_route=\/wp\/v2\/pages\/42\/revisions"}],"predecessor-version":[{"id":1779,"href":"https:\/\/ifmaker.gravatai.ifsul.edu.br\/index.php?rest_route=\/wp\/v2\/pages\/42\/revisions\/1779"}],"wp:attachment":[{"href":"https:\/\/ifmaker.gravatai.ifsul.edu.br\/index.php?rest_route=%2Fwp%2Fv2%2Fmedia&parent=42"}],"curies":[{"name":"wp","href":"https:\/\/api.w.org\/{rel}","templated":true}]}}