{"id":41,"date":"2021-09-29T22:44:53","date_gmt":"2021-09-30T01:44:53","guid":{"rendered":"http:\/\/192.168.20.13\/?page_id=41"},"modified":"2025-07-07T14:59:05","modified_gmt":"2025-07-07T17:59:05","slug":"documentos","status":"publish","type":"page","link":"https:\/\/ifmaker.gravatai.ifsul.edu.br\/?page_id=41","title":{"rendered":"Documentos"},"content":{"rendered":"\n<h1 class=\"wp-block-heading\">Regulamentos<\/h1>\n\n\n\n<hr class=\"wp-block-separator has-css-opacity\"\/>\n\n\n<div class=\"sdm_download_item \"><div class=\"sdm_download_item_top\"><div class=\"sdm_download_thumbnail\"><img decoding=\"async\" class=\"sdm_download_thumbnail_image\" src=\"https:\/\/ifmaker.gravatai.ifsul.edu.br\/wp-content\/uploads\/2024\/04\/pdf-file-download-icon-with-transparent-background-free-png.webp\" alt = \"Regulamento de utiliza\u00e7\u00e3o do Laborat\u00f3rio de Prototipagem IFMaker &#8211; Gravata\u00ed.\" \/><\/div><div class=\"sdm_download_title\">Regulamento de utiliza\u00e7\u00e3o do Laborat\u00f3rio de Prototipagem IFMaker &#8211; Gravata\u00ed.<\/div><\/div><div style=\"clear:both;\"><\/div><div class=\"sdm_download_description\"><p>Estabelece o regulamento de uso do Laborat\u00f3rio de Prototipagem IFMaker &#8211; Gravata\u00ed, no C\u00e2mpus Gravata\u00ed do Instituto Federal de Educa\u00e7\u00e3o, Ci\u00eancia e Tecnologia Sul-rio-grandense (IFSUL), sob respondabilidade do Departamento de Ensino, Pesquisa e Extens\u00e3o.<\/p>\n<\/div><div class=\"sdm_download_link\"><span class=\"sdm_download_button\"><a href=\"https:\/\/ifmaker.gravatai.ifsul.edu.br\/?sdm_process_download=1&download_id=1203\" class=\"sdm_download black\" title=\"Regulamento de utiliza\u00e7\u00e3o do Laborat\u00f3rio de Prototipagem IFMaker &#8211; Gravata\u00ed.\" target=\"_blank\">Baixar agora!<\/a><\/span><span class=\"sdm_download_item_count\"><span class=\"sdm_item_count_number\">572<\/span><span class=\"sdm_item_count_string\"> Downloads<\/span><\/span><\/div><\/div><div class=\"sdm_clear_float\"><\/div>\n\n\n\n<div style=\"height:100px\" aria-hidden=\"true\" class=\"wp-block-spacer\"><\/div>\n\n\n\n<h1 class=\"wp-block-heading\">Portarias<\/h1>\n\n\n\n<hr class=\"wp-block-separator has-css-opacity\"\/>\n\n\n\n<div class=\"wp-block-columns is-layout-flex wp-container-core-columns-is-layout-9d6595d7 wp-block-columns-is-layout-flex\">\n<div class=\"wp-block-column is-layout-flow wp-block-column-is-layout-flow\" style=\"flex-basis:100%\">\n<div class=\"wp-block-group\"><div class=\"wp-block-group__inner-container is-layout-flow wp-block-group-is-layout-flow\"><div class=\"sdm_download_item \"><div class=\"sdm_download_item_top\"><div class=\"sdm_download_thumbnail\"><img decoding=\"async\" class=\"sdm_download_thumbnail_image\" src=\"https:\/\/ifmaker.gravatai.ifsul.edu.br\/wp-content\/uploads\/2024\/04\/pdf-file-download-icon-with-transparent-background-free-png.webp\" alt = \"Portaria n\u00ba 1758 de 07 de julho de 2025.\" \/><\/div><div class=\"sdm_download_title\">Portaria n\u00ba 1758 de 07 de julho de 2025.<\/div><\/div><div style=\"clear:both;\"><\/div><div class=\"sdm_download_description\"><ul>\n<li>Designa a Equipe Gestora do Laborat\u00f3rio de Prototipagem IFMaker &#8211; Gravata\u00ed e revoga a Portaria n\u00ba 2016\/2023, de 18 de agosto de 2023.<\/li>\n<\/ul>\n<\/div><div class=\"sdm_download_link\"><span class=\"sdm_download_button\"><a href=\"https:\/\/ifmaker.gravatai.ifsul.edu.br\/?sdm_process_download=1&download_id=1351\" class=\"sdm_download black\" title=\"Portaria n\u00ba 1758 de 07 de julho de 2025.\" target=\"_self\">Baixar agora!<\/a><\/span><span class=\"sdm_download_item_count\"><span class=\"sdm_item_count_number\">247<\/span><span class=\"sdm_item_count_string\"> Downloads<\/span><\/span><\/div><\/div><div class=\"sdm_clear_float\"><\/div>\n\n\n<div class=\"sdm_download_item \"><div class=\"sdm_download_item_top\"><div class=\"sdm_download_thumbnail\"><img decoding=\"async\" class=\"sdm_download_thumbnail_image\" src=\"https:\/\/ifmaker.gravatai.ifsul.edu.br\/wp-content\/uploads\/2024\/04\/pdf-file-download-icon-with-transparent-background-free-png.webp\" alt = \"Portaria n\u00ba 2016 de 18 de agosto de 2023.\" \/><\/div><div class=\"sdm_download_title\">Portaria n\u00ba 2016 de 18 de agosto de 2023.<\/div><\/div><div style=\"clear:both;\"><\/div><div class=\"sdm_download_description\"><ul>\n<li>Designa a Equipe Gestora do Laborat\u00f3rio de Prototipagem IFMaker &#8211; Gravata\u00ed e revoga a Portaria n\u00ba 718\/2022, de 30 de mar\u00e7o de 2022.<\/li>\n<\/ul>\n<\/div><div class=\"sdm_download_link\"><span class=\"sdm_download_button\"><a href=\"https:\/\/ifmaker.gravatai.ifsul.edu.br\/?sdm_process_download=1&download_id=1178\" class=\"sdm_download black\" title=\"Portaria n\u00ba 2016 de 18 de agosto de 2023.\" target=\"_self\">Baixar agora!<\/a><\/span><span class=\"sdm_download_item_count\"><span class=\"sdm_item_count_number\">308<\/span><span class=\"sdm_item_count_string\"> Downloads<\/span><\/span><\/div><\/div><div class=\"sdm_clear_float\"><\/div>\n\n\n<div class=\"sdm_download_item \"><div class=\"sdm_download_item_top\"><div class=\"sdm_download_thumbnail\"><img decoding=\"async\" class=\"sdm_download_thumbnail_image\" src=\"https:\/\/ifmaker.gravatai.ifsul.edu.br\/wp-content\/uploads\/2024\/04\/pdf-file-download-icon-with-transparent-background-free-png.webp\" alt = \"Portaria n\u00ba 718 de 30 de mar\u00e7o de 2022.\" \/><\/div><div class=\"sdm_download_title\">Portaria n\u00ba 718 de 30 de mar\u00e7o de 2022.<\/div><\/div><div style=\"clear:both;\"><\/div><div class=\"sdm_download_description\"><ul>\n<li>Designa a Equipe Gestora do Laborat\u00f3rio de Prototipagem IFMaker &#8211; Gravata\u00ed e revoga a Portaria n\u00ba 1722\/2021, de 31 de agosto de 2021.<\/li>\n<\/ul>\n<\/div><div class=\"sdm_download_link\"><span class=\"sdm_download_button\"><a href=\"https:\/\/ifmaker.gravatai.ifsul.edu.br\/?sdm_process_download=1&download_id=1186\" class=\"sdm_download black\" title=\"Portaria n\u00ba 718 de 30 de mar\u00e7o de 2022.\" target=\"_self\">Baixar agora!<\/a><\/span><span class=\"sdm_download_item_count\"><span class=\"sdm_item_count_number\">306<\/span><span class=\"sdm_item_count_string\"> Downloads<\/span><\/span><\/div><\/div><div class=\"sdm_clear_float\"><\/div>\n\n\n<div class=\"sdm_download_item \"><div class=\"sdm_download_item_top\"><div class=\"sdm_download_thumbnail\"><img decoding=\"async\" class=\"sdm_download_thumbnail_image\" src=\"https:\/\/ifmaker.gravatai.ifsul.edu.br\/wp-content\/uploads\/2024\/04\/pdf-file-download-icon-with-transparent-background-free-png.webp\" alt = \"Portaria n\u00ba 1722 de 31 de agosto de 2021.\" \/><\/div><div class=\"sdm_download_title\">Portaria n\u00ba 1722 de 31 de agosto de 2021.<\/div><\/div><div style=\"clear:both;\"><\/div><div class=\"sdm_download_description\"><ul>\n<li>Designa a Equipe Gestora do Laborat\u00f3rio de Prototipagem IFMaker &#8211; Gravata\u00ed e revoga a Portaria n\u00ba 1272\/2021, de 08 de julho de 2021.<\/li>\n<\/ul>\n<\/div><div class=\"sdm_download_link\"><span class=\"sdm_download_button\"><a href=\"https:\/\/ifmaker.gravatai.ifsul.edu.br\/?sdm_process_download=1&download_id=1193\" class=\"sdm_download black\" title=\"Portaria n\u00ba 1722 de 31 de agosto de 2021.\" target=\"_self\">Baixar agora!<\/a><\/span><span class=\"sdm_download_item_count\"><span class=\"sdm_item_count_number\">308<\/span><span class=\"sdm_item_count_string\"> Downloads<\/span><\/span><\/div><\/div><div class=\"sdm_clear_float\"><\/div>\n\n\n<div class=\"sdm_download_item \"><div class=\"sdm_download_item_top\"><div class=\"sdm_download_thumbnail\"><img decoding=\"async\" class=\"sdm_download_thumbnail_image\" src=\"https:\/\/ifmaker.gravatai.ifsul.edu.br\/wp-content\/uploads\/2024\/04\/pdf-file-download-icon-with-transparent-background-free-png.webp\" alt = \"Portaria n\u00ba 1272 de 08 de julho de 2021.\" \/><\/div><div class=\"sdm_download_title\">Portaria n\u00ba 1272 de 08 de julho de 2021.<\/div><\/div><div style=\"clear:both;\"><\/div><div class=\"sdm_download_description\"><ul>\n<li>Designa a Equipe Gestora do Laborat\u00f3rio de Prototipagem IFMaker &#8211; Gravata\u00ed e revoga a Portaria n\u00ba 1620\/2020, de 13 de outubro de 2020.<\/li>\n<\/ul>\n<\/div><div class=\"sdm_download_link\"><span class=\"sdm_download_button\"><a href=\"https:\/\/ifmaker.gravatai.ifsul.edu.br\/?sdm_process_download=1&download_id=1197\" class=\"sdm_download black\" title=\"Portaria n\u00ba 1272 de 08 de julho de 2021.\" target=\"_self\">Baixar agora!<\/a><\/span><span class=\"sdm_download_item_count\"><span class=\"sdm_item_count_number\">349<\/span><span class=\"sdm_item_count_string\"> Downloads<\/span><\/span><\/div><\/div><div class=\"sdm_clear_float\"><\/div>\n\n\n<div class=\"sdm_download_item \"><div class=\"sdm_download_item_top\"><div class=\"sdm_download_thumbnail\"><img decoding=\"async\" class=\"sdm_download_thumbnail_image\" src=\"https:\/\/ifmaker.gravatai.ifsul.edu.br\/wp-content\/uploads\/2024\/04\/pdf-file-download-icon-with-transparent-background-free-png.webp\" alt = \"Portaria n\u00ba 1620 de 13 de outubro de 2020.\" \/><\/div><div class=\"sdm_download_title\">Portaria n\u00ba 1620 de 13 de outubro de 2020.<\/div><\/div><div style=\"clear:both;\"><\/div><div class=\"sdm_download_description\"><ul>\n<li>Designa a Equipe Gestora do Laborat\u00f3rio de Prototipagem IFMaker &#8211; Gravata\u00ed.<\/li>\n<\/ul>\n<\/div><div class=\"sdm_download_link\"><span class=\"sdm_download_button\"><a href=\"https:\/\/ifmaker.gravatai.ifsul.edu.br\/?sdm_process_download=1&download_id=1200\" class=\"sdm_download black\" title=\"Portaria n\u00ba 1620 de 13 de outubro de 2020.\" target=\"_self\">Baixar agora!<\/a><\/span><span class=\"sdm_download_item_count\"><span class=\"sdm_item_count_number\">317<\/span><span class=\"sdm_item_count_string\"> Downloads<\/span><\/span><\/div><\/div><div class=\"sdm_clear_float\"><\/div>\n<\/div><\/div>\n<\/div>\n<\/div>\n\n\n\n<p><\/p>\n","protected":false},"excerpt":{"rendered":"<p>Regulamentos Portarias<\/p>\n","protected":false},"author":1,"featured_media":0,"parent":0,"menu_order":0,"comment_status":"closed","ping_status":"closed","template":"templates\/template-page-full-width.php","meta":{"footnotes":""},"class_list":["post-41","page","type-page","status-publish","hentry"],"_links":{"self":[{"href":"https:\/\/ifmaker.gravatai.ifsul.edu.br\/index.php?rest_route=\/wp\/v2\/pages\/41","targetHints":{"allow":["GET"]}}],"collection":[{"href":"https:\/\/ifmaker.gravatai.ifsul.edu.br\/index.php?rest_route=\/wp\/v2\/pages"}],"about":[{"href":"https:\/\/ifmaker.gravatai.ifsul.edu.br\/index.php?rest_route=\/wp\/v2\/types\/page"}],"author":[{"embeddable":true,"href":"https:\/\/ifmaker.gravatai.ifsul.edu.br\/index.php?rest_route=\/wp\/v2\/users\/1"}],"replies":[{"embeddable":true,"href":"https:\/\/ifmaker.gravatai.ifsul.edu.br\/index.php?rest_route=%2Fwp%2Fv2%2Fcomments&post=41"}],"version-history":[{"count":27,"href":"https:\/\/ifmaker.gravatai.ifsul.edu.br\/index.php?rest_route=\/wp\/v2\/pages\/41\/revisions"}],"predecessor-version":[{"id":1353,"href":"https:\/\/ifmaker.gravatai.ifsul.edu.br\/index.php?rest_route=\/wp\/v2\/pages\/41\/revisions\/1353"}],"wp:attachment":[{"href":"https:\/\/ifmaker.gravatai.ifsul.edu.br\/index.php?rest_route=%2Fwp%2Fv2%2Fmedia&parent=41"}],"curies":[{"name":"wp","href":"https:\/\/api.w.org\/{rel}","templated":true}]}}