{"id":402,"date":"2021-10-22T13:22:02","date_gmt":"2021-10-22T16:22:02","guid":{"rendered":"https:\/\/ifmaker.gravatai.ifsul.edu.br\/?page_id=402"},"modified":"2025-08-06T09:44:30","modified_gmt":"2025-08-06T12:44:30","slug":"1o-hackathon-ifmaker-gravatai","status":"publish","type":"page","link":"https:\/\/ifmaker.gravatai.ifsul.edu.br\/?page_id=402","title":{"rendered":"1\u00ba HACKATHON \u2013 IFMAKER GRAVATA\u00cd"},"content":{"rendered":"\n<h2 class=\"wp-block-heading\">1\u00ba HACKATHON \u2013 IFMAKER GRAVATA\u00cd<\/h2>\n\n\n\n\n<h2 class=\"wp-block-heading\">O que \u00e9?<\/h2>\n\n\n<p>O evento 1\u00ba Hackathon \u2013 IFMaker Gravata\u00ed, promovido pelo Laborat\u00f3rio de Prototipagem IFMaker Gravata\u00ed, tem como objetivo desenvolver solu\u00e7\u00f5es tecnol\u00f3gicas (como: Projeto de Software; Projeto de Hardware; Solu\u00e7\u00f5es em internet das coisas (IoT); Projeto Maker), bem como fomentar projetos de inova\u00e7\u00e3o social para problemas que impactam o presente e&nbsp; o futuro da popula\u00e7\u00e3o do munic\u00edpio de Gravata\u00ed\/RS.<\/p>\n\n\n<p>No ato da inscri\u00e7\u00e3o a equipe dever\u00e1 escolher uma trilha em que deseja propor uma solu\u00e7\u00e3o inovadora. As op\u00e7\u00f5es de escolha de trilhas s\u00e3o:<\/p>\n\n\n<ul class=\"wp-block-list\"><li>Trilha 1: Cuidados com meio ambiente (recursos h\u00eddricos e efici\u00eancia energ\u00e9tica)<\/li><li>Trilha 2: Mobilidade Urbana<\/li><li>Trilha 3: Sa\u00fade e bem-estar p\u00fablico<\/li><\/ul>\n\n\n\n\n<h2 class=\"wp-block-heading\">Quando ser\u00e1?<\/h2>\n\n\n<p>O 1\u00ba Hackathon \u2013 IFMaker Gravata\u00ed acontecer\u00e1 entre os dias <strong>08 e 12 de novembro de 2021<\/strong> de forma totalmente remota. O evento far\u00e1 parte da 1\u00aa Semana da Cultura Maker promovida pelo Laborat\u00f3rio de Prototipagem IFMaker Gravata\u00ed.&nbsp;<\/p>\n\n\n\n\n<h2 class=\"wp-block-heading\">Quem pode participar?<\/h2>\n\n\n<p>A participa\u00e7\u00e3o ser\u00e1 por equipes, as quais dever\u00e3o ser formadas por, no m\u00ednimo 3 (tr\u00eas), e no m\u00e1ximo, 5 (cinco) integrantes cada.&nbsp;Poder\u00e3o participar das equipes estudantes do IFSul &#8211; C\u00e2mpus Gravata\u00ed,&nbsp; de qualquer n\u00edvel e modalidade, desde que devidamente matriculados na institui\u00e7\u00e3o. Os membros da equipe poder\u00e3o ser de anos\/semestres diferentes, por\u00e9m <strong>OBRIGATORIAMENTE<\/strong> dever\u00e3o estar matriculados no <strong>MESMO TURNO<\/strong>.<\/p>\n\n\n\n\n<h2 class=\"wp-block-heading\">O que eu preciso saber antes de realizar a inscri\u00e7\u00e3o?<\/h2>\n\n\n<p>Antes de realizar a inscri\u00e7\u00e3o \u00e9 necess\u00e1rio que voc\u00ea leia o regulamento na integra.<br><\/p>\n\n\n<a href=\"https:\/\/ifmaker.gravatai.ifsul.edu.br\/wp-content\/uploads\/2021\/10\/Regulamento-do-1o-Hackathon-IFMaker-Gravatai.pdf\">Regulamento do 1\u00ba Hackathon &#8211; IFMaker Gravata\u00ed<\/a><a href=\"https:\/\/ifmaker.gravatai.ifsul.edu.br\/wp-content\/uploads\/2021\/10\/Regulamento-do-1o-Hackathon-IFMaker-Gravatai.pdf\" download>Baixar<\/a>\n\n\n\n\n<h2 class=\"wp-block-heading\">Como realizar a inscri\u00e7\u00e3o?<\/h2>\n\n\n<p>O per\u00edodo de inscri\u00e7\u00f5es ser\u00e1 de <strong>25 de Outubro a 03 de Novembro de 2021<\/strong>. A inscri\u00e7\u00e3o dever\u00e1 ser realizada pelo estudante respons\u00e1vel pela equipe por meio do endere\u00e7o eletr\u00f4nico: <a rel=\"noreferrer noopener\" href=\"https:\/\/forms.gle\/R9865Lo2dfvfngb89\" target=\"_blank\">https:\/\/forms.gle\/R9865Lo2dfvfngb89<\/a> (<strong>Aten\u00e7\u00e3o: utilize o e-mail institucional<\/strong>).\u00a0\u00a0As vagas ser\u00e3o limitadas a 10 equipes, encerrando-se o per\u00edodo de inscri\u00e7\u00f5es caso este limite seja atingido.<\/p>\n\n\n\n\n<h2 class=\"wp-block-heading\">Qual ser\u00e1 o cronograma de atividades?<\/h2>\n\n\n<figure><img decoding=\"async\" src=\"https:\/\/ifmaker.gravatai.ifsul.edu.br\/wp-content\/uploads\/2021\/10\/image-3.png\" alt=\"\"\/><\/figure>\n\n\n\n\n<h2 class=\"wp-block-heading\">Qual ser\u00e1 a premia\u00e7\u00e3o?<\/h2>\n\n\n<p>Ao final do 1\u00ba Hackathon \u2013 IFMaker Gravata\u00ed, de todas as equipes que submeterem seus projetos, respeitando o regulamento, as etapas e os hor\u00e1rios determinados, as 3 melhores classificadas na soma total de pontua\u00e7\u00e3o dos crit\u00e9rios de avalia\u00e7\u00e3o receber\u00e3o os seguintes pr\u00eamios:&nbsp;<\/p>\n\n\n<p><strong>1\u00ba LUGAR<\/strong>&nbsp;<\/p>\n\n\n<ul class=\"wp-block-list\"><li>Medalhas<\/li><li>Certificado de men\u00e7\u00e3o honrosa;<\/li><li>8 (oito) horas de Atividades Complementares;&nbsp;<\/li><li>Divulga\u00e7\u00e3o nas redes sociais e no site institucional;<\/li><li>Vagas em curso de modelagem e impress\u00e3o 3D oferecido pelo Laborat\u00f3rio IFMaker Gravata\u00ed no ano de 2022.&nbsp;<\/li><\/ul>\n\n\n<p><strong>2\u00ba LUGAR e 3\u00ba LUGAR&nbsp;<\/strong><\/p>\n\n\n<ul class=\"wp-block-list\"><li>Medalhas<\/li><li>Certificado de men\u00e7\u00e3o honrosa;&nbsp;<\/li><li>6 (seis) horas de Atividades Complementares;&nbsp;<\/li><li>Divulga\u00e7\u00e3o nas redes sociais e no site.<\/li><\/ul>\n\n\n\n\n<h2 class=\"wp-block-heading\">Em caso de d\u00favidas sobre o evento?<\/h2>\n\n\n<p>Contate a equipe gestora do Laborat\u00f3rio IFMaker Gravata\u00ed:  gr-ifmaker@ifsul.edu.br.<\/p>\n","protected":false},"excerpt":{"rendered":"<p>1\u00ba HACKATHON \u2013 IFMAKER GRAVATA\u00cd O que \u00e9? O evento 1\u00ba Hackathon \u2013 IFMaker Gravata\u00ed, promovido pelo Laborat\u00f3rio de Prototipagem IFMaker Gravata\u00ed, tem como objetivo desenvolver solu\u00e7\u00f5es tecnol\u00f3gicas (como: Projeto de Software; Projeto de Hardware; Solu\u00e7\u00f5es em internet das coisas (IoT); Projeto Maker), bem como fomentar projetos de inova\u00e7\u00e3o social para problemas que impactam o [&hellip;]<\/p>\n","protected":false},"author":1,"featured_media":0,"parent":0,"menu_order":0,"comment_status":"closed","ping_status":"closed","template":"templates\/template-page-full-width.php","meta":{"footnotes":""},"class_list":["post-402","page","type-page","status-publish","hentry"],"_links":{"self":[{"href":"https:\/\/ifmaker.gravatai.ifsul.edu.br\/index.php?rest_route=\/wp\/v2\/pages\/402","targetHints":{"allow":["GET"]}}],"collection":[{"href":"https:\/\/ifmaker.gravatai.ifsul.edu.br\/index.php?rest_route=\/wp\/v2\/pages"}],"about":[{"href":"https:\/\/ifmaker.gravatai.ifsul.edu.br\/index.php?rest_route=\/wp\/v2\/types\/page"}],"author":[{"embeddable":true,"href":"https:\/\/ifmaker.gravatai.ifsul.edu.br\/index.php?rest_route=\/wp\/v2\/users\/1"}],"replies":[{"embeddable":true,"href":"https:\/\/ifmaker.gravatai.ifsul.edu.br\/index.php?rest_route=%2Fwp%2Fv2%2Fcomments&post=402"}],"version-history":[{"count":29,"href":"https:\/\/ifmaker.gravatai.ifsul.edu.br\/index.php?rest_route=\/wp\/v2\/pages\/402\/revisions"}],"predecessor-version":[{"id":1419,"href":"https:\/\/ifmaker.gravatai.ifsul.edu.br\/index.php?rest_route=\/wp\/v2\/pages\/402\/revisions\/1419"}],"wp:attachment":[{"href":"https:\/\/ifmaker.gravatai.ifsul.edu.br\/index.php?rest_route=%2Fwp%2Fv2%2Fmedia&parent=402"}],"curies":[{"name":"wp","href":"https:\/\/api.w.org\/{rel}","templated":true}]}}