{"id":214,"date":"2021-10-04T19:25:37","date_gmt":"2021-10-04T22:25:37","guid":{"rendered":"http:\/\/192.168.20.13\/?page_id=214"},"modified":"2024-08-23T19:05:36","modified_gmt":"2024-08-23T22:05:36","slug":"equipamentos","status":"publish","type":"page","link":"https:\/\/ifmaker.gravatai.ifsul.edu.br\/?page_id=214","title":{"rendered":"Equipamentos"},"content":{"rendered":"\n<h1 class=\"wp-block-heading\" id=\"impressao-3d\">Impress\u00e3o 3D<\/h1>\n\n\n\n<hr class=\"wp-block-separator has-css-opacity\"\/>\n\n\n\n<div class=\"wp-block-media-text alignwide is-stacked-on-mobile\" style=\"grid-template-columns:15% auto\"><figure class=\"wp-block-media-text__media\"><img fetchpriority=\"high\" decoding=\"async\" width=\"232\" height=\"230\" src=\"https:\/\/ifmaker.gravatai.ifsul.edu.br\/wp-content\/uploads\/2024\/03\/41gT2LlQamL._SR600315_PIWhiteStripBottomLeft035_PIStarRatingFOURBottomLeft360-6_SR600315_ZA24445290400400AmazonEmberBold124005_SCLZZZZZZZ_FMpng_BG255255255-1.png\" alt=\"\" class=\"wp-image-942 size-full\" srcset=\"https:\/\/ifmaker.gravatai.ifsul.edu.br\/wp-content\/uploads\/2024\/03\/41gT2LlQamL._SR600315_PIWhiteStripBottomLeft035_PIStarRatingFOURBottomLeft360-6_SR600315_ZA24445290400400AmazonEmberBold124005_SCLZZZZZZZ_FMpng_BG255255255-1.png 232w, https:\/\/ifmaker.gravatai.ifsul.edu.br\/wp-content\/uploads\/2024\/03\/41gT2LlQamL._SR600315_PIWhiteStripBottomLeft035_PIStarRatingFOURBottomLeft360-6_SR600315_ZA24445290400400AmazonEmberBold124005_SCLZZZZZZZ_FMpng_BG255255255-1-150x150.png 150w\" sizes=\"(max-width: 232px) 100vw, 232px\" \/><\/figure><div class=\"wp-block-media-text__content\">\n<p style=\"font-size:30px\">04 &#8211; Impressora 3D &#8211; FDM &#8211; Creality &#8211; CR-200B<\/p>\n<\/div><\/div>\n\n\n\n<div class=\"wp-block-media-text alignwide is-stacked-on-mobile\" style=\"grid-template-columns:15% auto\"><figure class=\"wp-block-media-text__media\"><img decoding=\"async\" width=\"572\" height=\"673\" src=\"https:\/\/ifmaker.gravatai.ifsul.edu.br\/wp-content\/uploads\/2024\/03\/Impressora-3D-de-Resina-\u2013-Halot-Mage-\u2013-8K-Creality-4-1.png\" alt=\"\" class=\"wp-image-943 size-full\" srcset=\"https:\/\/ifmaker.gravatai.ifsul.edu.br\/wp-content\/uploads\/2024\/03\/Impressora-3D-de-Resina-\u2013-Halot-Mage-\u2013-8K-Creality-4-1.png 572w, https:\/\/ifmaker.gravatai.ifsul.edu.br\/wp-content\/uploads\/2024\/03\/Impressora-3D-de-Resina-\u2013-Halot-Mage-\u2013-8K-Creality-4-1-255x300.png 255w\" sizes=\"(max-width: 572px) 100vw, 572px\" \/><\/figure><div class=\"wp-block-media-text__content\">\n<p style=\"font-size:30px\">01 &#8211; Impressora 3D de Resina  &#8211; Creality \u2013 Halot Mage <\/p>\n<\/div><\/div>\n\n\n\n<div class=\"wp-block-media-text alignwide is-stacked-on-mobile\" style=\"grid-template-columns:15% auto\"><figure class=\"wp-block-media-text__media\"><img decoding=\"async\" width=\"468\" height=\"500\" src=\"https:\/\/ifmaker.gravatai.ifsul.edu.br\/wp-content\/uploads\/2021\/10\/impressora-GTMAX3D.jpg\" alt=\"\" class=\"wp-image-307 size-full\" srcset=\"https:\/\/ifmaker.gravatai.ifsul.edu.br\/wp-content\/uploads\/2021\/10\/impressora-GTMAX3D.jpg 468w, https:\/\/ifmaker.gravatai.ifsul.edu.br\/wp-content\/uploads\/2021\/10\/impressora-GTMAX3D-281x300.jpg 281w\" sizes=\"(max-width: 468px) 100vw, 468px\" \/><\/figure><div class=\"wp-block-media-text__content\">\n<p style=\"font-size:30px\">01 &#8211; Impressora 3D FDM &#8211; GTMAX3D PRO<\/p>\n<\/div><\/div>\n\n\n\n<div class=\"wp-block-media-text alignwide is-stacked-on-mobile\" style=\"grid-template-columns:15% auto\"><figure class=\"wp-block-media-text__media\"><img loading=\"lazy\" decoding=\"async\" width=\"800\" height=\"800\" src=\"https:\/\/ifmaker.gravatai.ifsul.edu.br\/wp-content\/uploads\/2021\/10\/flashforge-finder-impressora-3d.png\" alt=\"\" class=\"wp-image-309 size-full\" srcset=\"https:\/\/ifmaker.gravatai.ifsul.edu.br\/wp-content\/uploads\/2021\/10\/flashforge-finder-impressora-3d.png 800w, https:\/\/ifmaker.gravatai.ifsul.edu.br\/wp-content\/uploads\/2021\/10\/flashforge-finder-impressora-3d-300x300.png 300w, https:\/\/ifmaker.gravatai.ifsul.edu.br\/wp-content\/uploads\/2021\/10\/flashforge-finder-impressora-3d-150x150.png 150w, https:\/\/ifmaker.gravatai.ifsul.edu.br\/wp-content\/uploads\/2021\/10\/flashforge-finder-impressora-3d-768x768.png 768w\" sizes=\"(max-width: 800px) 100vw, 800px\" \/><\/figure><div class=\"wp-block-media-text__content\">\n<p style=\"font-size:30px\">01 &#8211; Impressora 3D FDM &#8211; Flashforge Finder<\/p>\n<\/div><\/div>\n\n\n\n<div class=\"wp-block-media-text alignwide is-stacked-on-mobile\" style=\"grid-template-columns:15% auto\"><figure class=\"wp-block-media-text__media\"><img loading=\"lazy\" decoding=\"async\" width=\"843\" height=\"928\" src=\"https:\/\/ifmaker.gravatai.ifsul.edu.br\/wp-content\/uploads\/2024\/03\/impressora-3d-creality-ender-3-neo-superficie-de-video-velocidade-maxima-120-mm-s-estrutura-em-full-metal-1001020457_1668625434_gg.jpg\" alt=\"\" class=\"wp-image-946 size-full\" srcset=\"https:\/\/ifmaker.gravatai.ifsul.edu.br\/wp-content\/uploads\/2024\/03\/impressora-3d-creality-ender-3-neo-superficie-de-video-velocidade-maxima-120-mm-s-estrutura-em-full-metal-1001020457_1668625434_gg.jpg 843w, https:\/\/ifmaker.gravatai.ifsul.edu.br\/wp-content\/uploads\/2024\/03\/impressora-3d-creality-ender-3-neo-superficie-de-video-velocidade-maxima-120-mm-s-estrutura-em-full-metal-1001020457_1668625434_gg-273x300.jpg 273w, https:\/\/ifmaker.gravatai.ifsul.edu.br\/wp-content\/uploads\/2024\/03\/impressora-3d-creality-ender-3-neo-superficie-de-video-velocidade-maxima-120-mm-s-estrutura-em-full-metal-1001020457_1668625434_gg-768x845.jpg 768w\" sizes=\"(max-width: 843px) 100vw, 843px\" \/><\/figure><div class=\"wp-block-media-text__content\">\n<p style=\"font-size:30px\">01 &#8211; Impressora 3D FDM &#8211; Creality Ender 3<\/p>\n<\/div><\/div>\n\n\n\n<div class=\"wp-block-media-text alignwide is-stacked-on-mobile\" style=\"grid-template-columns:15% auto\"><figure class=\"wp-block-media-text__media\"><img loading=\"lazy\" decoding=\"async\" width=\"352\" height=\"353\" src=\"https:\/\/ifmaker.gravatai.ifsul.edu.br\/wp-content\/uploads\/2022\/02\/pen3D.jpg\" alt=\"\" class=\"wp-image-634 size-full\" srcset=\"https:\/\/ifmaker.gravatai.ifsul.edu.br\/wp-content\/uploads\/2022\/02\/pen3D.jpg 352w, https:\/\/ifmaker.gravatai.ifsul.edu.br\/wp-content\/uploads\/2022\/02\/pen3D-300x300.jpg 300w, https:\/\/ifmaker.gravatai.ifsul.edu.br\/wp-content\/uploads\/2022\/02\/pen3D-150x150.jpg 150w\" sizes=\"(max-width: 352px) 100vw, 352px\" \/><\/figure><div class=\"wp-block-media-text__content\">\n<p style=\"font-size:30px\">30 &#8211; Canetas 3D<\/p>\n<\/div><\/div>\n\n\n\n<hr class=\"wp-block-separator has-css-opacity\"\/>\n\n\n\n<h1 class=\"wp-block-heading\" id=\"scanner-3d\">Scanner 3D<\/h1>\n\n\n\n<div class=\"wp-block-media-text alignwide is-stacked-on-mobile\" style=\"grid-template-columns:15% auto\"><figure class=\"wp-block-media-text__media\"><img loading=\"lazy\" decoding=\"async\" width=\"184\" height=\"162\" src=\"https:\/\/ifmaker.gravatai.ifsul.edu.br\/wp-content\/uploads\/2021\/10\/images-e1634822455465.jpg\" alt=\"\" class=\"wp-image-311 size-full\"\/><\/figure><div class=\"wp-block-media-text__content\">\n<p style=\"font-size:30px\">01 &#8211; Scanner 3D &#8211; Einscan-se<\/p>\n<\/div><\/div>\n\n\n\n<hr class=\"wp-block-separator has-css-opacity\"\/>\n\n\n\n<h1 class=\"wp-block-heading\" id=\"computadores\">Computadores<\/h1>\n\n\n\n<div class=\"wp-block-media-text alignwide is-stacked-on-mobile\" style=\"grid-template-columns:15% auto\"><figure class=\"wp-block-media-text__media\"><img loading=\"lazy\" decoding=\"async\" width=\"463\" height=\"463\" src=\"https:\/\/ifmaker.gravatai.ifsul.edu.br\/wp-content\/uploads\/2021\/10\/zbc38x33.bmp\" alt=\"\" class=\"wp-image-380 size-full\"\/><\/figure><div class=\"wp-block-media-text__content\">\n<p style=\"font-size:30px\">07 &#8211; Notebook Lenovo E14<\/p>\n<\/div><\/div>\n\n\n\n<div class=\"wp-block-media-text alignwide is-stacked-on-mobile\" style=\"grid-template-columns:15% auto\"><figure class=\"wp-block-media-text__media\"><img loading=\"lazy\" decoding=\"async\" width=\"1024\" height=\"974\" src=\"https:\/\/ifmaker.gravatai.ifsul.edu.br\/wp-content\/uploads\/2022\/08\/ryzen3.0-1024x974.jpg\" alt=\"\" class=\"wp-image-853 size-full\" srcset=\"https:\/\/ifmaker.gravatai.ifsul.edu.br\/wp-content\/uploads\/2022\/08\/ryzen3.0-1024x974.jpg 1024w, https:\/\/ifmaker.gravatai.ifsul.edu.br\/wp-content\/uploads\/2022\/08\/ryzen3.0-300x285.jpg 300w, https:\/\/ifmaker.gravatai.ifsul.edu.br\/wp-content\/uploads\/2022\/08\/ryzen3.0-768x730.jpg 768w, https:\/\/ifmaker.gravatai.ifsul.edu.br\/wp-content\/uploads\/2022\/08\/ryzen3.0.jpg 1200w\" sizes=\"(max-width: 1024px) 100vw, 1024px\" \/><\/figure><div class=\"wp-block-media-text__content\">\n<p style=\"font-size:30px\">11- Notebook HP <\/p>\n<\/div><\/div>\n\n\n\n<div class=\"wp-block-media-text alignwide is-stacked-on-mobile\" style=\"grid-template-columns:15% auto\"><figure class=\"wp-block-media-text__media\"><img loading=\"lazy\" decoding=\"async\" width=\"400\" height=\"300\" src=\"https:\/\/ifmaker.gravatai.ifsul.edu.br\/wp-content\/uploads\/2021\/10\/6q3kcvaa.bmp\" alt=\"\" class=\"wp-image-382 size-full\"\/><\/figure><div class=\"wp-block-media-text__content\">\n<p style=\"font-size:30px\">04 &#8211; Computadores Dell Optiplex 7070<\/p>\n<\/div><\/div>\n\n\n\n<div class=\"wp-block-media-text alignwide is-stacked-on-mobile\" style=\"grid-template-columns:15% auto\"><figure class=\"wp-block-media-text__media\"><img loading=\"lazy\" decoding=\"async\" width=\"1000\" height=\"1000\" src=\"https:\/\/ifmaker.gravatai.ifsul.edu.br\/wp-content\/uploads\/2022\/08\/Tablet-Samsung-Galaxy-Tab-A-T290-32GB-8-Wi-Fi-_1657129834_gg.jpg\" alt=\"\" class=\"wp-image-855 size-full\" srcset=\"https:\/\/ifmaker.gravatai.ifsul.edu.br\/wp-content\/uploads\/2022\/08\/Tablet-Samsung-Galaxy-Tab-A-T290-32GB-8-Wi-Fi-_1657129834_gg.jpg 1000w, https:\/\/ifmaker.gravatai.ifsul.edu.br\/wp-content\/uploads\/2022\/08\/Tablet-Samsung-Galaxy-Tab-A-T290-32GB-8-Wi-Fi-_1657129834_gg-300x300.jpg 300w, https:\/\/ifmaker.gravatai.ifsul.edu.br\/wp-content\/uploads\/2022\/08\/Tablet-Samsung-Galaxy-Tab-A-T290-32GB-8-Wi-Fi-_1657129834_gg-150x150.jpg 150w, https:\/\/ifmaker.gravatai.ifsul.edu.br\/wp-content\/uploads\/2022\/08\/Tablet-Samsung-Galaxy-Tab-A-T290-32GB-8-Wi-Fi-_1657129834_gg-768x768.jpg 768w\" sizes=\"(max-width: 1000px) 100vw, 1000px\" \/><\/figure><div class=\"wp-block-media-text__content\">\n<p style=\"font-size:30px\">15 &#8211; Tablet Galaxy Tab A<\/p>\n<\/div><\/div>\n\n\n\n<hr class=\"wp-block-separator has-css-opacity\"\/>\n\n\n\n<h1 class=\"wp-block-heading\" id=\"multimidia\">Multim\u00eddia<\/h1>\n\n\n\n<div class=\"wp-block-media-text alignwide is-stacked-on-mobile\" style=\"grid-template-columns:15% auto\"><figure class=\"wp-block-media-text__media\"><img loading=\"lazy\" decoding=\"async\" width=\"375\" height=\"375\" src=\"https:\/\/ifmaker.gravatai.ifsul.edu.br\/wp-content\/uploads\/2021\/10\/ptche7e3.bmp\" alt=\"\" class=\"wp-image-386 size-full\"\/><\/figure><div class=\"wp-block-media-text__content\">\n<p style=\"font-size:30px\">01 &#8211; Televisor 55 &#8221; LED Smart 4K &#8211; PHILIPS<\/p>\n<\/div><\/div>\n\n\n\n<div style=\"height:32px\" aria-hidden=\"true\" class=\"wp-block-spacer\"><\/div>\n\n\n\n<div class=\"wp-block-media-text alignwide is-stacked-on-mobile\" style=\"grid-template-columns:15% auto\"><figure class=\"wp-block-media-text__media\"><img loading=\"lazy\" decoding=\"async\" width=\"500\" height=\"247\" src=\"https:\/\/ifmaker.gravatai.ifsul.edu.br\/wp-content\/uploads\/2021\/10\/gtqgkacz.bmp\" alt=\"\" class=\"wp-image-387 size-full\"\/><\/figure><div class=\"wp-block-media-text__content\">\n<p style=\"font-size:30px\">01 &#8211; Projetor multim\u00eddia &#8211; Epson Powerlite W42+<\/p>\n<\/div><\/div>\n\n\n\n<hr class=\"wp-block-separator has-css-opacity\"\/>\n\n\n\n<h1 class=\"wp-block-heading\" id=\"robotica\">Equipamentos de Corte e Grava\u00e7\u00e3o<\/h1>\n\n\n\n<div style=\"height:56px\" aria-hidden=\"true\" class=\"wp-block-spacer\"><\/div>\n\n\n\n<div class=\"wp-block-media-text alignwide is-stacked-on-mobile\" style=\"grid-template-columns:15% auto\"><figure class=\"wp-block-media-text__media\"><img loading=\"lazy\" decoding=\"async\" width=\"308\" height=\"266\" src=\"https:\/\/ifmaker.gravatai.ifsul.edu.br\/wp-content\/uploads\/2024\/04\/cnc.png\" alt=\"\" class=\"wp-image-1032 size-full\" srcset=\"https:\/\/ifmaker.gravatai.ifsul.edu.br\/wp-content\/uploads\/2024\/04\/cnc.png 308w, https:\/\/ifmaker.gravatai.ifsul.edu.br\/wp-content\/uploads\/2024\/04\/cnc-300x259.png 300w\" sizes=\"(max-width: 308px) 100vw, 308px\" \/><\/figure><div class=\"wp-block-media-text__content\">\n<p style=\"font-size:30px\">01 &#8211; M\u00e1quina CNC de Corte e Grava\u00e7\u00e3o a Laser &#8211; RL1490<\/p>\n<\/div><\/div>\n\n\n\n<div style=\"height:32px\" aria-hidden=\"true\" class=\"wp-block-spacer\"><\/div>\n\n\n\n<div class=\"wp-block-media-text alignwide is-stacked-on-mobile\" style=\"grid-template-columns:15% auto\"><figure class=\"wp-block-media-text__media\"><img loading=\"lazy\" decoding=\"async\" width=\"463\" height=\"283\" src=\"https:\/\/ifmaker.gravatai.ifsul.edu.br\/wp-content\/uploads\/2024\/04\/brother.png\" alt=\"\" class=\"wp-image-1033 size-full\" srcset=\"https:\/\/ifmaker.gravatai.ifsul.edu.br\/wp-content\/uploads\/2024\/04\/brother.png 463w, https:\/\/ifmaker.gravatai.ifsul.edu.br\/wp-content\/uploads\/2024\/04\/brother-300x183.png 300w\" sizes=\"(max-width: 463px) 100vw, 463px\" \/><\/figure><div class=\"wp-block-media-text__content\">\n<p style=\"font-size:30px\">01 &#8211; M\u00e1quina de Corte Brother ScanNCut &#8211; SDX225<\/p>\n<\/div><\/div>\n\n\n\n<div style=\"height:56px\" aria-hidden=\"true\" class=\"wp-block-spacer\"><\/div>\n\n\n\n<hr class=\"wp-block-separator has-css-opacity\"\/>\n\n\n\n<h1 class=\"wp-block-heading\" id=\"robotica\">Rob\u00f3tica e Automa\u00e7\u00e3o<\/h1>\n\n\n\n<div style=\"height:56px\" aria-hidden=\"true\" class=\"wp-block-spacer\"><\/div>\n\n\n\n<div class=\"wp-block-media-text alignwide is-stacked-on-mobile\" style=\"grid-template-columns:15% auto\"><figure class=\"wp-block-media-text__media\"><img loading=\"lazy\" decoding=\"async\" width=\"800\" height=\"800\" src=\"https:\/\/ifmaker.gravatai.ifsul.edu.br\/wp-content\/uploads\/2024\/03\/dobot-magician-edu3.jpg\" alt=\"\" class=\"wp-image-948 size-full\" srcset=\"https:\/\/ifmaker.gravatai.ifsul.edu.br\/wp-content\/uploads\/2024\/03\/dobot-magician-edu3.jpg 800w, https:\/\/ifmaker.gravatai.ifsul.edu.br\/wp-content\/uploads\/2024\/03\/dobot-magician-edu3-300x300.jpg 300w, https:\/\/ifmaker.gravatai.ifsul.edu.br\/wp-content\/uploads\/2024\/03\/dobot-magician-edu3-150x150.jpg 150w, https:\/\/ifmaker.gravatai.ifsul.edu.br\/wp-content\/uploads\/2024\/03\/dobot-magician-edu3-768x768.jpg 768w\" sizes=\"(max-width: 800px) 100vw, 800px\" \/><\/figure><div class=\"wp-block-media-text__content\">\n<p style=\"font-size:30px\">01 &#8211; Bra\u00e7o Rob\u00f3tico Educacional &#8211; DOBOT Magician<\/p>\n<\/div><\/div>\n\n\n\n<div class=\"wp-block-media-text alignwide is-stacked-on-mobile\" style=\"grid-template-columns:15% auto\"><figure class=\"wp-block-media-text__media\"><img loading=\"lazy\" decoding=\"async\" width=\"500\" height=\"500\" src=\"https:\/\/ifmaker.gravatai.ifsul.edu.br\/wp-content\/uploads\/2021\/11\/ev3-robo4-500x5001-98160453b10058f49515493289187955-640-0-1.jpg\" alt=\"\" class=\"wp-image-575 size-full\" srcset=\"https:\/\/ifmaker.gravatai.ifsul.edu.br\/wp-content\/uploads\/2021\/11\/ev3-robo4-500x5001-98160453b10058f49515493289187955-640-0-1.jpg 500w, https:\/\/ifmaker.gravatai.ifsul.edu.br\/wp-content\/uploads\/2021\/11\/ev3-robo4-500x5001-98160453b10058f49515493289187955-640-0-1-300x300.jpg 300w, https:\/\/ifmaker.gravatai.ifsul.edu.br\/wp-content\/uploads\/2021\/11\/ev3-robo4-500x5001-98160453b10058f49515493289187955-640-0-1-150x150.jpg 150w\" sizes=\"(max-width: 500px) 100vw, 500px\" \/><\/figure><div class=\"wp-block-media-text__content\">\n<p style=\"font-size:30px\">10 &#8211; Rob\u00f4 Lego Mindstorms EV3<\/p>\n<\/div><\/div>\n\n\n\n<div class=\"wp-block-media-text alignwide is-stacked-on-mobile\" style=\"grid-template-columns:15% auto\"><figure class=\"wp-block-media-text__media\"><img loading=\"lazy\" decoding=\"async\" width=\"460\" height=\"314\" src=\"https:\/\/ifmaker.gravatai.ifsul.edu.br\/wp-content\/uploads\/2024\/04\/rasp.png\" alt=\"\" class=\"wp-image-1038 size-full\" srcset=\"https:\/\/ifmaker.gravatai.ifsul.edu.br\/wp-content\/uploads\/2024\/04\/rasp.png 460w, https:\/\/ifmaker.gravatai.ifsul.edu.br\/wp-content\/uploads\/2024\/04\/rasp-300x205.png 300w\" sizes=\"(max-width: 460px) 100vw, 460px\" \/><\/figure><div class=\"wp-block-media-text__content\">\n<p style=\"font-size:30px\">10 &#8211; Kits Raspberry Pi 4<\/p>\n<\/div><\/div>\n\n\n\n<div style=\"height:34px\" aria-hidden=\"true\" class=\"wp-block-spacer\"><\/div>\n\n\n\n<div class=\"wp-block-media-text alignwide is-stacked-on-mobile\" style=\"grid-template-columns:15% auto\"><figure class=\"wp-block-media-text__media\"><img loading=\"lazy\" decoding=\"async\" width=\"614\" height=\"422\" src=\"https:\/\/ifmaker.gravatai.ifsul.edu.br\/wp-content\/uploads\/2024\/04\/microbit.png\" alt=\"\" class=\"wp-image-1041 size-full\" srcset=\"https:\/\/ifmaker.gravatai.ifsul.edu.br\/wp-content\/uploads\/2024\/04\/microbit.png 614w, https:\/\/ifmaker.gravatai.ifsul.edu.br\/wp-content\/uploads\/2024\/04\/microbit-300x206.png 300w\" sizes=\"(max-width: 614px) 100vw, 614px\" \/><\/figure><div class=\"wp-block-media-text__content\">\n<p style=\"font-size:30px\">10 &#8211; Kit BBC Micro:Bit V2.2<\/p>\n<\/div><\/div>\n\n\n\n<div class=\"wp-block-media-text alignwide is-stacked-on-mobile\" style=\"grid-template-columns:15% auto\"><figure class=\"wp-block-media-text__media\"><img loading=\"lazy\" decoding=\"async\" width=\"1000\" height=\"1000\" src=\"https:\/\/ifmaker.gravatai.ifsul.edu.br\/wp-content\/uploads\/2022\/08\/66b27343e903f04583c74f40216b02dd.jpg\" alt=\"\" class=\"wp-image-857 size-full\" srcset=\"https:\/\/ifmaker.gravatai.ifsul.edu.br\/wp-content\/uploads\/2022\/08\/66b27343e903f04583c74f40216b02dd.jpg 1000w, https:\/\/ifmaker.gravatai.ifsul.edu.br\/wp-content\/uploads\/2022\/08\/66b27343e903f04583c74f40216b02dd-300x300.jpg 300w, https:\/\/ifmaker.gravatai.ifsul.edu.br\/wp-content\/uploads\/2022\/08\/66b27343e903f04583c74f40216b02dd-150x150.jpg 150w, https:\/\/ifmaker.gravatai.ifsul.edu.br\/wp-content\/uploads\/2022\/08\/66b27343e903f04583c74f40216b02dd-768x768.jpg 768w\" sizes=\"(max-width: 1000px) 100vw, 1000px\" \/><\/figure><div class=\"wp-block-media-text__content\">\n<p style=\"font-size:30px\">Kits Arduino Uno R3 e Mega 2560<\/p>\n<\/div><\/div>\n\n\n\n<hr class=\"wp-block-separator has-css-opacity\"\/>\n\n\n\n<h1 class=\"wp-block-heading\" id=\"ferramentas\">Ferramentas<\/h1>\n\n\n\n<div class=\"wp-block-media-text alignwide is-stacked-on-mobile\" style=\"grid-template-columns:15% auto\"><figure class=\"wp-block-media-text__media\"><img loading=\"lazy\" decoding=\"async\" width=\"423\" height=\"401\" src=\"https:\/\/ifmaker.gravatai.ifsul.edu.br\/wp-content\/uploads\/2024\/04\/torno.png\" alt=\"\" class=\"wp-image-1044 size-full\" srcset=\"https:\/\/ifmaker.gravatai.ifsul.edu.br\/wp-content\/uploads\/2024\/04\/torno.png 423w, https:\/\/ifmaker.gravatai.ifsul.edu.br\/wp-content\/uploads\/2024\/04\/torno-300x284.png 300w\" sizes=\"(max-width: 423px) 100vw, 423px\" \/><\/figure><div class=\"wp-block-media-text__content\">\n<p style=\"font-size:30px\">01 &#8211; Furadeira de Bancada &#8211; Intech DB13<\/p>\n<\/div><\/div>\n\n\n\n<div class=\"wp-block-media-text alignwide is-stacked-on-mobile\" style=\"grid-template-columns:15% auto\"><figure class=\"wp-block-media-text__media\"><img loading=\"lazy\" decoding=\"async\" width=\"600\" height=\"600\" src=\"https:\/\/ifmaker.gravatai.ifsul.edu.br\/wp-content\/uploads\/2021\/10\/serra-tico-tico.jpg\" alt=\"\" class=\"wp-image-370 size-full\" srcset=\"https:\/\/ifmaker.gravatai.ifsul.edu.br\/wp-content\/uploads\/2021\/10\/serra-tico-tico.jpg 600w, https:\/\/ifmaker.gravatai.ifsul.edu.br\/wp-content\/uploads\/2021\/10\/serra-tico-tico-300x300.jpg 300w, https:\/\/ifmaker.gravatai.ifsul.edu.br\/wp-content\/uploads\/2021\/10\/serra-tico-tico-150x150.jpg 150w\" sizes=\"(max-width: 600px) 100vw, 600px\" \/><\/figure><div class=\"wp-block-media-text__content\">\n<p style=\"font-size:30px\">01 &#8211; Serra Tico-Tico &#8211; DEWALT<\/p>\n<\/div><\/div>\n\n\n\n<div class=\"wp-block-media-text alignwide is-stacked-on-mobile\" style=\"grid-template-columns:15% auto\"><figure class=\"wp-block-media-text__media\"><img loading=\"lazy\" decoding=\"async\" width=\"555\" height=\"461\" src=\"https:\/\/ifmaker.gravatai.ifsul.edu.br\/wp-content\/uploads\/2024\/04\/serra_circular.png\" alt=\"\" class=\"wp-image-1046 size-full\" srcset=\"https:\/\/ifmaker.gravatai.ifsul.edu.br\/wp-content\/uploads\/2024\/04\/serra_circular.png 555w, https:\/\/ifmaker.gravatai.ifsul.edu.br\/wp-content\/uploads\/2024\/04\/serra_circular-300x249.png 300w\" sizes=\"(max-width: 555px) 100vw, 555px\" \/><\/figure><div class=\"wp-block-media-text__content\">\n<p style=\"font-size:30px\">01 &#8211; Serra Circular &#8211; Black e Decker CS1024<\/p>\n<\/div><\/div>\n\n\n\n<div class=\"wp-block-media-text alignwide is-stacked-on-mobile\" style=\"grid-template-columns:15% auto\"><figure class=\"wp-block-media-text__media\"><img loading=\"lazy\" decoding=\"async\" width=\"500\" height=\"397\" src=\"https:\/\/ifmaker.gravatai.ifsul.edu.br\/wp-content\/uploads\/2021\/10\/lixadeira.jpg\" alt=\"\" class=\"wp-image-371 size-full\" srcset=\"https:\/\/ifmaker.gravatai.ifsul.edu.br\/wp-content\/uploads\/2021\/10\/lixadeira.jpg 500w, https:\/\/ifmaker.gravatai.ifsul.edu.br\/wp-content\/uploads\/2021\/10\/lixadeira-300x238.jpg 300w\" sizes=\"(max-width: 500px) 100vw, 500px\" \/><\/figure><div class=\"wp-block-media-text__content\">\n<p style=\"font-size:30px\">01 &#8211; Lixadeira Orbital &#8211; DEWALT<\/p>\n<\/div><\/div>\n\n\n\n<div class=\"wp-block-media-text alignwide is-stacked-on-mobile\" style=\"grid-template-columns:15% auto\"><figure class=\"wp-block-media-text__media\"><img loading=\"lazy\" decoding=\"async\" width=\"600\" height=\"600\" src=\"https:\/\/ifmaker.gravatai.ifsul.edu.br\/wp-content\/uploads\/2021\/10\/furadeira_parafusadeira_3-8_a_bateria_12v_dewalt_bivolt_105304_01.jpg\" alt=\"\" class=\"wp-image-374 size-full\" srcset=\"https:\/\/ifmaker.gravatai.ifsul.edu.br\/wp-content\/uploads\/2021\/10\/furadeira_parafusadeira_3-8_a_bateria_12v_dewalt_bivolt_105304_01.jpg 600w, https:\/\/ifmaker.gravatai.ifsul.edu.br\/wp-content\/uploads\/2021\/10\/furadeira_parafusadeira_3-8_a_bateria_12v_dewalt_bivolt_105304_01-300x300.jpg 300w, https:\/\/ifmaker.gravatai.ifsul.edu.br\/wp-content\/uploads\/2021\/10\/furadeira_parafusadeira_3-8_a_bateria_12v_dewalt_bivolt_105304_01-150x150.jpg 150w\" sizes=\"(max-width: 600px) 100vw, 600px\" \/><\/figure><div class=\"wp-block-media-text__content\">\n<p style=\"font-size:30px\">04 &#8211; Furadeira\/Parafusadeira &#8211; DEWALT<\/p>\n<\/div><\/div>\n\n\n\n<div class=\"wp-block-media-text alignwide is-stacked-on-mobile\" style=\"grid-template-columns:15% auto\"><figure class=\"wp-block-media-text__media\"><img loading=\"lazy\" decoding=\"async\" width=\"1024\" height=\"1024\" src=\"https:\/\/ifmaker.gravatai.ifsul.edu.br\/wp-content\/uploads\/2022\/02\/esmirilhadeira-1024x1024.jpg\" alt=\"\" class=\"wp-image-635 size-full\" srcset=\"https:\/\/ifmaker.gravatai.ifsul.edu.br\/wp-content\/uploads\/2022\/02\/esmirilhadeira-1024x1024.jpg 1024w, https:\/\/ifmaker.gravatai.ifsul.edu.br\/wp-content\/uploads\/2022\/02\/esmirilhadeira-300x300.jpg 300w, https:\/\/ifmaker.gravatai.ifsul.edu.br\/wp-content\/uploads\/2022\/02\/esmirilhadeira-150x150.jpg 150w, https:\/\/ifmaker.gravatai.ifsul.edu.br\/wp-content\/uploads\/2022\/02\/esmirilhadeira-768x768.jpg 768w, https:\/\/ifmaker.gravatai.ifsul.edu.br\/wp-content\/uploads\/2022\/02\/esmirilhadeira.jpg 1500w\" sizes=\"(max-width: 1024px) 100vw, 1024px\" \/><\/figure><div class=\"wp-block-media-text__content\">\n<p style=\"font-size:30px\">01 &#8211; Esmerilhadeira Angular 9&#8243; &#8211; GAMMA<\/p>\n<\/div><\/div>\n\n\n\n<p><\/p>\n","protected":false},"excerpt":{"rendered":"<p>Impress\u00e3o 3D 04 &#8211; Impressora 3D &#8211; FDM &#8211; Creality &#8211; CR-200B 01 &#8211; Impressora 3D de Resina &#8211; Creality \u2013 Halot Mage 01 &#8211; Impressora 3D FDM &#8211; GTMAX3D PRO 01 &#8211; Impressora 3D FDM &#8211; Flashforge Finder 01 &#8211; Impressora 3D FDM &#8211; Creality Ender 3 30 &#8211; Canetas 3D Scanner 3D 01 [&hellip;]<\/p>\n","protected":false},"author":1,"featured_media":0,"parent":0,"menu_order":0,"comment_status":"closed","ping_status":"closed","template":"templates\/template-page-full-width.php","meta":{"footnotes":""},"class_list":["post-214","page","type-page","status-publish","hentry"],"_links":{"self":[{"href":"https:\/\/ifmaker.gravatai.ifsul.edu.br\/index.php?rest_route=\/wp\/v2\/pages\/214","targetHints":{"allow":["GET"]}}],"collection":[{"href":"https:\/\/ifmaker.gravatai.ifsul.edu.br\/index.php?rest_route=\/wp\/v2\/pages"}],"about":[{"href":"https:\/\/ifmaker.gravatai.ifsul.edu.br\/index.php?rest_route=\/wp\/v2\/types\/page"}],"author":[{"embeddable":true,"href":"https:\/\/ifmaker.gravatai.ifsul.edu.br\/index.php?rest_route=\/wp\/v2\/users\/1"}],"replies":[{"embeddable":true,"href":"https:\/\/ifmaker.gravatai.ifsul.edu.br\/index.php?rest_route=%2Fwp%2Fv2%2Fcomments&post=214"}],"version-history":[{"count":40,"href":"https:\/\/ifmaker.gravatai.ifsul.edu.br\/index.php?rest_route=\/wp\/v2\/pages\/214\/revisions"}],"predecessor-version":[{"id":1235,"href":"https:\/\/ifmaker.gravatai.ifsul.edu.br\/index.php?rest_route=\/wp\/v2\/pages\/214\/revisions\/1235"}],"wp:attachment":[{"href":"https:\/\/ifmaker.gravatai.ifsul.edu.br\/index.php?rest_route=%2Fwp%2Fv2%2Fmedia&parent=214"}],"curies":[{"name":"wp","href":"https:\/\/api.w.org\/{rel}","templated":true}]}}