{"id":209,"date":"2021-10-04T19:16:52","date_gmt":"2021-10-04T22:16:52","guid":{"rendered":"http:\/\/192.168.20.13\/?page_id=209"},"modified":"2025-08-20T14:57:33","modified_gmt":"2025-08-20T17:57:33","slug":"equipe-gestora","status":"publish","type":"page","link":"https:\/\/ifmaker.gravatai.ifsul.edu.br\/?page_id=209","title":{"rendered":"Equipe Gestora"},"content":{"rendered":"\t\t<div data-elementor-type=\"wp-page\" data-elementor-id=\"209\" class=\"elementor elementor-209\">\n\t\t\t\t<div class=\"elementor-element elementor-element-d41d170 e-flex e-con-boxed e-con e-parent\" data-id=\"d41d170\" data-element_type=\"container\" data-e-type=\"container\">\n\t\t\t\t\t<div class=\"e-con-inner\">\n\t\t<div class=\"elementor-element elementor-element-302f199 e-con-full e-flex e-con e-child\" data-id=\"302f199\" data-element_type=\"container\" data-e-type=\"container\">\n\t\t\t\t<div class=\"elementor-element elementor-element-31ae802 elementor-widget__width-initial elementor-widget elementor-widget-image\" data-id=\"31ae802\" data-element_type=\"widget\" data-e-type=\"widget\" data-widget_type=\"image.default\">\n\t\t\t\t\t\t\t\t\t\t\t\t\t\t\t<img fetchpriority=\"high\" decoding=\"async\" width=\"960\" height=\"960\" src=\"https:\/\/ifmaker.gravatai.ifsul.edu.br\/wp-content\/uploads\/2021\/10\/19961134_10213425204209677_8740508622197802781_n.jpg\" class=\"attachment-large size-large wp-image-245\" alt=\"\" srcset=\"https:\/\/ifmaker.gravatai.ifsul.edu.br\/wp-content\/uploads\/2021\/10\/19961134_10213425204209677_8740508622197802781_n.jpg 960w, https:\/\/ifmaker.gravatai.ifsul.edu.br\/wp-content\/uploads\/2021\/10\/19961134_10213425204209677_8740508622197802781_n-300x300.jpg 300w, https:\/\/ifmaker.gravatai.ifsul.edu.br\/wp-content\/uploads\/2021\/10\/19961134_10213425204209677_8740508622197802781_n-150x150.jpg 150w, https:\/\/ifmaker.gravatai.ifsul.edu.br\/wp-content\/uploads\/2021\/10\/19961134_10213425204209677_8740508622197802781_n-768x768.jpg 768w\" sizes=\"(max-width: 960px) 100vw, 960px\" \/>\t\t\t\t\t\t\t\t\t\t\t\t\t\t\t<\/div>\n\t\t\t\t<\/div>\n\t\t<div class=\"elementor-element elementor-element-de49a59 e-con-full e-flex e-con e-child\" data-id=\"de49a59\" data-element_type=\"container\" data-e-type=\"container\">\n\t\t\t\t<div class=\"elementor-element elementor-element-48be210 elementor-widget elementor-widget-text-editor\" data-id=\"48be210\" data-element_type=\"widget\" data-e-type=\"widget\" data-widget_type=\"text-editor.default\">\n\t\t\t\t\t\t\t\t\t<p class=\"has-medium-font-size\"><span style=\"color: #000000;\"><strong>Ademir Dorneles de Dorneles<\/strong> (Coordenador)<\/span><\/p>\n<p><span style=\"color: #000000;\"><!-- \/wp:paragraph --><!-- wp:paragraph {\"style\":{\"typography\":{\"fontSize\":\"18px\"}}} --><\/span><\/p>\n<p><span style=\"color: #000000;\">Mestre em Gest\u00e3o Educacional (UNISINOS)<\/span><br \/><span style=\"color: #000000;\"><strong>\u00c1rea de atua\u00e7\u00e3o: <\/strong>Governan\u00e7a de TI, Gest\u00e3o de TI, Redes de Computadores e Rob\u00f3tica Educacional.<\/span><br \/><span style=\"color: #000000;\"><strong>Lattes:<\/strong> <\/span><a href=\"http:\/\/lattes.cnpq.br\/2515909939593762\">http:\/\/lattes.cnpq.br\/25159099<\/a><a href=\"http:\/\/lattes.cnpq.br\/2515909939593762\" target=\"_blank\" rel=\"noreferrer noopener\">3959376<\/a><a href=\"http:\/\/lattes.cnpq.br\/2515909939593762\">2<\/a><\/p>\t\t\t\t\t\t\t\t<\/div>\n\t\t\t\t<\/div>\n\t\t\t\t\t<\/div>\n\t\t\t\t<\/div>\n\t\t<div class=\"elementor-element elementor-element-d114fc4 e-flex e-con-boxed e-con e-parent\" data-id=\"d114fc4\" data-element_type=\"container\" data-e-type=\"container\">\n\t\t\t\t\t<div class=\"e-con-inner\">\n\t\t<div class=\"elementor-element elementor-element-5d10758 e-con-full e-flex e-con e-child\" data-id=\"5d10758\" data-element_type=\"container\" data-e-type=\"container\">\n\t\t\t\t<div class=\"elementor-element elementor-element-703327b elementor-widget__width-initial elementor-widget elementor-widget-image\" data-id=\"703327b\" data-element_type=\"widget\" data-e-type=\"widget\" data-widget_type=\"image.default\">\n\t\t\t\t\t\t\t\t\t\t\t\t\t\t\t<img decoding=\"async\" width=\"150\" height=\"150\" src=\"https:\/\/ifmaker.gravatai.ifsul.edu.br\/wp-content\/uploads\/2024\/04\/hhh-1-150x150-1.png\" class=\"attachment-large size-large wp-image-962\" alt=\"\" \/>\t\t\t\t\t\t\t\t\t\t\t\t\t\t\t<\/div>\n\t\t\t\t<\/div>\n\t\t<div class=\"elementor-element elementor-element-6ac185b e-con-full e-flex e-con e-child\" data-id=\"6ac185b\" data-element_type=\"container\" data-e-type=\"container\">\n\t\t\t\t<div class=\"elementor-element elementor-element-e32a39a elementor-widget elementor-widget-text-editor\" data-id=\"e32a39a\" data-element_type=\"widget\" data-e-type=\"widget\" data-widget_type=\"text-editor.default\">\n\t\t\t\t\t\t\t\t\t<p class=\"has-medium-font-size\"><span style=\"color: #000000;\"><strong>Felipe Leivas Teixeira<\/strong> (Docente)<\/span><\/p>\n<p><span style=\"color: #000000;\"><!-- \/wp:paragraph --><!-- wp:paragraph {\"style\":{\"typography\":{\"fontSize\":\"18px\"}}} --><\/span><\/p>\n<p><span style=\"color: #000000;\">Mestre em Computa\u00e7\u00e3o (UFPEL)<\/span><br \/><span style=\"color: #000000;\"><strong>\u00c1rea de atua\u00e7\u00e3o:<\/strong> Computa\u00e7\u00e3o Paralela: Mem\u00f3rias Transacionais, Phase-Change Memory, Green Computing, Programa\u00e7\u00e3o Concorrente e IOT<\/span><br \/><span style=\"color: #000000;\"><strong>Lattes:<\/strong><\/span> <a href=\"http:\/\/lattes.cnpq.br\/8436653404663776\" target=\"_blank\" rel=\"noreferrer noopener\">http:\/\/lattes.cnpq.br\/8436653404663776<\/a><\/p>\t\t\t\t\t\t\t\t<\/div>\n\t\t\t\t<\/div>\n\t\t\t\t\t<\/div>\n\t\t\t\t<\/div>\n\t\t<div class=\"elementor-element elementor-element-618e93b e-flex e-con-boxed e-con e-parent\" data-id=\"618e93b\" data-element_type=\"container\" data-e-type=\"container\">\n\t\t\t\t\t<div class=\"e-con-inner\">\n\t\t<div class=\"elementor-element elementor-element-4369f5d e-con-full e-flex e-con e-child\" data-id=\"4369f5d\" data-element_type=\"container\" data-e-type=\"container\">\n\t\t\t\t<div class=\"elementor-element elementor-element-fff4344 elementor-widget__width-initial elementor-widget elementor-widget-image\" data-id=\"fff4344\" data-element_type=\"widget\" data-e-type=\"widget\" data-widget_type=\"image.default\">\n\t\t\t\t\t\t\t\t\t\t\t\t\t\t\t<img decoding=\"async\" width=\"362\" height=\"491\" src=\"https:\/\/ifmaker.gravatai.ifsul.edu.br\/wp-content\/uploads\/2025\/07\/servletrecuperafoto.jpg\" class=\"attachment-large size-large wp-image-1358\" alt=\"\" srcset=\"https:\/\/ifmaker.gravatai.ifsul.edu.br\/wp-content\/uploads\/2025\/07\/servletrecuperafoto.jpg 362w, https:\/\/ifmaker.gravatai.ifsul.edu.br\/wp-content\/uploads\/2025\/07\/servletrecuperafoto-221x300.jpg 221w\" sizes=\"(max-width: 362px) 100vw, 362px\" \/>\t\t\t\t\t\t\t\t\t\t\t\t\t\t\t<\/div>\n\t\t\t\t<\/div>\n\t\t<div class=\"elementor-element elementor-element-d34e60a e-con-full e-flex e-con e-child\" data-id=\"d34e60a\" data-element_type=\"container\" data-e-type=\"container\">\n\t\t\t\t<div class=\"elementor-element elementor-element-f775bed elementor-widget elementor-widget-text-editor\" data-id=\"f775bed\" data-element_type=\"widget\" data-e-type=\"widget\" data-widget_type=\"text-editor.default\">\n\t\t\t\t\t\t\t\t\t<p class=\"has-medium-font-size\"><span style=\"color: #000000;\"><strong>Franciane C\u00e2nez Cardoso <\/strong> (Docente)<\/span><\/p>\n<p><span style=\"color: #000000;\"><!-- \/wp:paragraph --><!-- wp:paragraph {\"style\":{\"typography\":{\"fontSize\":\"18px\"}}} --><\/span><\/p>\n<p><span style=\"color: #000000;\">Doutora em Artes Visuais (UFRGS)<\/span><br \/><span style=\"color: #000000;\"><strong>\u00c1rea de atua\u00e7\u00e3o:<\/strong> <\/span><br \/><strong><span style=\"color: #000000;\">Lattes<\/span>:<\/strong> <a href=\"http:\/\/lattes.cnpq.br\/1227607722733760\" target=\"_blank\" rel=\"noreferrer noopener\">http:\/\/lattes.cnpq.br\/1227607722733760<\/a><\/p>\t\t\t\t\t\t\t\t<\/div>\n\t\t\t\t<\/div>\n\t\t\t\t\t<\/div>\n\t\t\t\t<\/div>\n\t\t<div class=\"elementor-element elementor-element-ce56b8f e-flex e-con-boxed e-con e-parent\" data-id=\"ce56b8f\" data-element_type=\"container\" data-e-type=\"container\">\n\t\t\t\t\t<div class=\"e-con-inner\">\n\t\t<div class=\"elementor-element elementor-element-d5f44d0 e-con-full e-flex e-con e-child\" data-id=\"d5f44d0\" data-element_type=\"container\" data-e-type=\"container\">\n\t\t\t\t<div class=\"elementor-element elementor-element-7880ef7 elementor-widget__width-initial elementor-widget elementor-widget-image\" data-id=\"7880ef7\" data-element_type=\"widget\" data-e-type=\"widget\" data-widget_type=\"image.default\">\n\t\t\t\t\t\t\t\t\t\t\t\t\t\t\t<img loading=\"lazy\" decoding=\"async\" width=\"349\" height=\"349\" src=\"https:\/\/ifmaker.gravatai.ifsul.edu.br\/wp-content\/uploads\/2025\/08\/file.jpg\" class=\"attachment-large size-large wp-image-1694\" alt=\"\" srcset=\"https:\/\/ifmaker.gravatai.ifsul.edu.br\/wp-content\/uploads\/2025\/08\/file.jpg 349w, https:\/\/ifmaker.gravatai.ifsul.edu.br\/wp-content\/uploads\/2025\/08\/file-300x300.jpg 300w, https:\/\/ifmaker.gravatai.ifsul.edu.br\/wp-content\/uploads\/2025\/08\/file-150x150.jpg 150w, https:\/\/ifmaker.gravatai.ifsul.edu.br\/wp-content\/uploads\/2025\/08\/file-100x100.jpg 100w\" sizes=\"(max-width: 349px) 100vw, 349px\" \/>\t\t\t\t\t\t\t\t\t\t\t\t\t\t\t<\/div>\n\t\t\t\t<\/div>\n\t\t<div class=\"elementor-element elementor-element-2529087 e-con-full e-flex e-con e-child\" data-id=\"2529087\" data-element_type=\"container\" data-e-type=\"container\">\n\t\t\t\t<div class=\"elementor-element elementor-element-9ebd11e elementor-widget elementor-widget-text-editor\" data-id=\"9ebd11e\" data-element_type=\"widget\" data-e-type=\"widget\" data-widget_type=\"text-editor.default\">\n\t\t\t\t\t\t\t\t\t<p class=\"has-medium-font-size\"><span style=\"color: #000000;\"><strong>Jan Motta de Mello<\/strong> (TAE)<\/span><\/p>\n<p><span style=\"color: #000000;\">Graduado em An\u00e1lise e Desenvolvimento de Sistemas (UCPEL)<\/span><br \/><span style=\"color: #000000;\"><strong>\u00c1rea de atua\u00e7\u00e3o: <\/strong>Suporte de TI. <\/span><br \/><span style=\"color: #000000;\"><strong>Lattes:<\/strong><\/span><a href=\"http:\/\/lattes.cnpq.br\/9245499170043629\" target=\"_blank\" rel=\"noopener\">\u00a0http:\/\/lattes.cnpq.br\/9245499170043629<\/a><\/p>\t\t\t\t\t\t\t\t<\/div>\n\t\t\t\t<\/div>\n\t\t\t\t\t<\/div>\n\t\t\t\t<\/div>\n\t\t<div class=\"elementor-element elementor-element-9215fb6 e-flex e-con-boxed e-con e-parent\" data-id=\"9215fb6\" data-element_type=\"container\" data-e-type=\"container\">\n\t\t\t\t\t<div class=\"e-con-inner\">\n\t\t<div class=\"elementor-element elementor-element-7c64bb6 e-con-full e-flex e-con e-child\" data-id=\"7c64bb6\" data-element_type=\"container\" data-e-type=\"container\">\n\t\t\t\t<div class=\"elementor-element elementor-element-3e718d3 elementor-widget__width-initial elementor-widget elementor-widget-image\" data-id=\"3e718d3\" data-element_type=\"widget\" data-e-type=\"widget\" data-widget_type=\"image.default\">\n\t\t\t\t\t\t\t\t\t\t\t\t\t\t\t<img loading=\"lazy\" decoding=\"async\" width=\"566\" height=\"716\" src=\"https:\/\/ifmaker.gravatai.ifsul.edu.br\/wp-content\/uploads\/2021\/10\/Hercules.png\" class=\"attachment-large size-large wp-image-255\" alt=\"\" srcset=\"https:\/\/ifmaker.gravatai.ifsul.edu.br\/wp-content\/uploads\/2021\/10\/Hercules.png 566w, https:\/\/ifmaker.gravatai.ifsul.edu.br\/wp-content\/uploads\/2021\/10\/Hercules-237x300.png 237w\" sizes=\"(max-width: 566px) 100vw, 566px\" \/>\t\t\t\t\t\t\t\t\t\t\t\t\t\t\t<\/div>\n\t\t\t\t<\/div>\n\t\t<div class=\"elementor-element elementor-element-8e42434 e-con-full e-flex e-con e-child\" data-id=\"8e42434\" data-element_type=\"container\" data-e-type=\"container\">\n\t\t\t\t<div class=\"elementor-element elementor-element-90d2aea elementor-widget elementor-widget-text-editor\" data-id=\"90d2aea\" data-element_type=\"widget\" data-e-type=\"widget\" data-widget_type=\"text-editor.default\">\n\t\t\t\t\t\t\t\t\t<p class=\"has-medium-font-size\"><span style=\"color: #000000;\"><strong>H\u00e9rcules Borges Rodrigues<\/strong> (Docente)<\/span><\/p>\n<p><span style=\"color: #000000;\"><!-- \/wp:paragraph --><!-- wp:paragraph {\"placeholder\":\"Conte\u00fado...\",\"style\":{\"typography\":{\"fontSize\":\"18px\"}}} --><\/span><\/p>\n<p><span style=\"color: #000000;\">Mestre em F\u00edsica (UFRGS)<\/span><br \/><span style=\"color: #000000;\"><strong>\u00c1rea de atua\u00e7\u00e3o:<\/strong> F\u00edsica subat\u00f4mica, estrutura nuclear<\/span><br \/><span style=\"color: #000000;\"><strong>Lattes:<\/strong><\/span> <a href=\"http:\/\/lattes.cnpq.br\/6256495129641743\" target=\"_blank\" rel=\"noreferrer noopener\">http:\/\/lattes.cnpq.br\/6256495129641743<\/a><\/p>\t\t\t\t\t\t\t\t<\/div>\n\t\t\t\t<\/div>\n\t\t\t\t\t<\/div>\n\t\t\t\t<\/div>\n\t\t<div class=\"elementor-element elementor-element-c5c25fa e-flex e-con-boxed e-con e-parent\" data-id=\"c5c25fa\" data-element_type=\"container\" data-e-type=\"container\">\n\t\t\t\t\t<div class=\"e-con-inner\">\n\t\t<div class=\"elementor-element elementor-element-a1da49a e-con-full e-flex e-con e-child\" data-id=\"a1da49a\" data-element_type=\"container\" data-e-type=\"container\">\n\t\t\t\t<div class=\"elementor-element elementor-element-c03267d elementor-widget__width-initial elementor-widget elementor-widget-image\" data-id=\"c03267d\" data-element_type=\"widget\" data-e-type=\"widget\" data-widget_type=\"image.default\">\n\t\t\t\t\t\t\t\t\t\t\t\t\t\t\t<img decoding=\"async\" width=\"150\" height=\"150\" src=\"https:\/\/ifmaker.gravatai.ifsul.edu.br\/wp-content\/uploads\/2024\/04\/hhh-1-150x150-1.png\" class=\"attachment-large size-large wp-image-962\" alt=\"\" \/>\t\t\t\t\t\t\t\t\t\t\t\t\t\t\t<\/div>\n\t\t\t\t<\/div>\n\t\t<div class=\"elementor-element elementor-element-c526538 e-con-full e-flex e-con e-child\" data-id=\"c526538\" data-element_type=\"container\" data-e-type=\"container\">\n\t\t\t\t<div class=\"elementor-element elementor-element-f451c20 elementor-widget elementor-widget-text-editor\" data-id=\"f451c20\" data-element_type=\"widget\" data-e-type=\"widget\" data-widget_type=\"text-editor.default\">\n\t\t\t\t\t\t\t\t\t<p class=\"has-medium-font-size\"><span style=\"color: #000000;\"><strong>Luis Fernando da Silva<\/strong> (Docente)<\/span><\/p>\n<p><span style=\"color: #000000;\">Mestre em Computa\u00e7\u00e3o (UFRGS)<\/span><br \/><span style=\"color: #000000;\"><strong>\u00c1rea de atua\u00e7\u00e3o:<\/strong> Banco de Dados<\/span><br \/><span style=\"color: #000000;\"><strong>Lattes:<\/strong><\/span> <a href=\"http:\/\/lattes.cnpq.br\/1231952722689627\" target=\"_blank\" rel=\"noopener\">http:\/\/lattes.cnpq.br\/1231952722689627<\/a><\/p>\t\t\t\t\t\t\t\t<\/div>\n\t\t\t\t<\/div>\n\t\t\t\t\t<\/div>\n\t\t\t\t<\/div>\n\t\t<div class=\"elementor-element elementor-element-b565cfe e-flex e-con-boxed e-con e-parent\" data-id=\"b565cfe\" data-element_type=\"container\" data-e-type=\"container\">\n\t\t\t\t\t<div class=\"e-con-inner\">\n\t\t<div class=\"elementor-element elementor-element-f6c2c5c e-con-full e-flex e-con e-child\" data-id=\"f6c2c5c\" data-element_type=\"container\" data-e-type=\"container\">\n\t\t\t\t<div class=\"elementor-element elementor-element-3d62fdd elementor-widget__width-initial elementor-widget elementor-widget-image\" data-id=\"3d62fdd\" data-element_type=\"widget\" data-e-type=\"widget\" data-widget_type=\"image.default\">\n\t\t\t\t\t\t\t\t\t\t\t\t\t\t\t<img loading=\"lazy\" decoding=\"async\" width=\"142\" height=\"165\" src=\"https:\/\/ifmaker.gravatai.ifsul.edu.br\/wp-content\/uploads\/2021\/10\/image-2.png\" class=\"attachment-large size-large wp-image-260\" alt=\"\" \/>\t\t\t\t\t\t\t\t\t\t\t\t\t\t\t<\/div>\n\t\t\t\t<\/div>\n\t\t<div class=\"elementor-element elementor-element-e8c1250 e-con-full e-flex e-con e-child\" data-id=\"e8c1250\" data-element_type=\"container\" data-e-type=\"container\">\n\t\t\t\t<div class=\"elementor-element elementor-element-1184c0b elementor-widget elementor-widget-text-editor\" data-id=\"1184c0b\" data-element_type=\"widget\" data-e-type=\"widget\" data-widget_type=\"text-editor.default\">\n\t\t\t\t\t\t\t\t\t<p class=\"has-medium-font-size\"><span style=\"color: #000000;\"><strong>Michele Lermem<\/strong> (Docente)<\/span><\/p>\n<p><span style=\"color: #000000;\">Mestre em Computa\u00e7\u00e3o Aplicada (UNISINOS)<\/span><br \/><span style=\"color: #000000;\"><strong>\u00c1rea de atua\u00e7\u00e3o:<\/strong> Desenvolvimento de software<\/span><br \/><span style=\"color: #000000;\"><strong>Lattes:<\/strong><\/span> <a href=\"http:\/\/lattes.cnpq.br\/8919452311111732\" target=\"_blank\" rel=\"noopener\">http:\/\/lattes.cnpq.br\/8919452311111732<\/a><\/p>\t\t\t\t\t\t\t\t<\/div>\n\t\t\t\t<\/div>\n\t\t\t\t\t<\/div>\n\t\t\t\t<\/div>\n\t\t<div class=\"elementor-element elementor-element-e792672 e-flex e-con-boxed e-con e-parent\" data-id=\"e792672\" data-element_type=\"container\" data-e-type=\"container\">\n\t\t\t\t\t<div class=\"e-con-inner\">\n\t\t<div class=\"elementor-element elementor-element-5f9153d e-con-full e-flex e-con e-child\" data-id=\"5f9153d\" data-element_type=\"container\" data-e-type=\"container\">\n\t\t\t\t<div class=\"elementor-element elementor-element-eac64cb elementor-widget__width-initial elementor-widget elementor-widget-image\" data-id=\"eac64cb\" data-element_type=\"widget\" data-e-type=\"widget\" data-widget_type=\"image.default\">\n\t\t\t\t\t\t\t\t\t\t\t\t\t\t\t<img loading=\"lazy\" decoding=\"async\" width=\"196\" height=\"284\" src=\"https:\/\/ifmaker.gravatai.ifsul.edu.br\/wp-content\/uploads\/2025\/07\/servletrecuperafoto2.jpg\" class=\"attachment-large size-large wp-image-1383\" alt=\"\" \/>\t\t\t\t\t\t\t\t\t\t\t\t\t\t\t<\/div>\n\t\t\t\t<\/div>\n\t\t<div class=\"elementor-element elementor-element-5321644 e-con-full e-flex e-con e-child\" data-id=\"5321644\" data-element_type=\"container\" data-e-type=\"container\">\n\t\t\t\t<div class=\"elementor-element elementor-element-c786d5e elementor-widget elementor-widget-text-editor\" data-id=\"c786d5e\" data-element_type=\"widget\" data-e-type=\"widget\" data-widget_type=\"text-editor.default\">\n\t\t\t\t\t\t\t\t\t<div class=\"wp-block-columns are-vertically-aligned-center\"><span style=\"color: #000000;\"><strong>Raquel Calloni<\/strong> (Docente)<\/span><\/div>\n<div class=\"wp-block-columns are-vertically-aligned-center\">\n<div class=\"wp-block-column\"><span style=\"color: #000000;\"><!-- \/wp:paragraph --><!-- wp:paragraph {\"placeholder\":\"Conte\u00fado...\",\"style\":{\"typography\":{\"fontSize\":\"18px\"}}} --><\/span>\n<p><span style=\"color: #000000;\">Doutora em Gen\u00e9tica e Biologia Molecular (UFRGS)<\/span><br \/><span style=\"color: #000000;\"><strong>\u00c1rea de atua\u00e7\u00e3o:<\/strong> <\/span><br \/><span style=\"color: #000000;\"><strong>Lattes:<\/strong><\/span><a href=\"http:\/\/lattes.cnpq.br\/5639950908486271\" target=\"_blank\" rel=\"noopener\">http:\/\/lattes.cnpq.br\/5639950908486271<\/a><\/p>\n<\/div>\n<\/div>\t\t\t\t\t\t\t\t<\/div>\n\t\t\t\t<\/div>\n\t\t\t\t\t<\/div>\n\t\t\t\t<\/div>\n\t\t<div class=\"elementor-element elementor-element-b7652a9 e-flex e-con-boxed e-con e-parent\" data-id=\"b7652a9\" data-element_type=\"container\" data-e-type=\"container\">\n\t\t\t\t\t<div class=\"e-con-inner\">\n\t\t<div class=\"elementor-element elementor-element-c40af7c e-con-full e-flex e-con e-child\" data-id=\"c40af7c\" data-element_type=\"container\" data-e-type=\"container\">\n\t\t\t\t<div class=\"elementor-element elementor-element-56e7c7f elementor-widget__width-initial elementor-widget elementor-widget-image\" data-id=\"56e7c7f\" data-element_type=\"widget\" data-e-type=\"widget\" data-widget_type=\"image.default\">\n\t\t\t\t\t\t\t\t\t\t\t\t\t\t\t<img decoding=\"async\" width=\"150\" height=\"150\" src=\"https:\/\/ifmaker.gravatai.ifsul.edu.br\/wp-content\/uploads\/2024\/04\/hhh-1-150x150-1.png\" class=\"attachment-large size-large wp-image-962\" alt=\"\" \/>\t\t\t\t\t\t\t\t\t\t\t\t\t\t\t<\/div>\n\t\t\t\t<\/div>\n\t\t<div class=\"elementor-element elementor-element-32e46f1 e-con-full e-flex e-con e-child\" data-id=\"32e46f1\" data-element_type=\"container\" data-e-type=\"container\">\n\t\t\t\t<div class=\"elementor-element elementor-element-e5a53c6 elementor-widget elementor-widget-text-editor\" data-id=\"e5a53c6\" data-element_type=\"widget\" data-e-type=\"widget\" data-widget_type=\"text-editor.default\">\n\t\t\t\t\t\t\t\t\t<div class=\"wp-block-columns are-vertically-aligned-center\">\n<div class=\"wp-block-column\">\n<div class=\"wp-block-columns are-vertically-aligned-center\">\n<div class=\"wp-block-column\">\n<p class=\"has-medium-font-size\"><span style=\"color: #000000;\"><strong>Antonio da Silva Santerra Madureira<\/strong> (Discente)<\/span><\/p>\n<p><span style=\"color: #000000;\">Estudante do Curso T\u00e9cnico em inform\u00e1tica para internet (IFSUL &#8211; Gravata\u00ed)<\/span><\/p>\n<\/div>\n<\/div>\n<\/div>\n<\/div>\t\t\t\t\t\t\t\t<\/div>\n\t\t\t\t<\/div>\n\t\t\t\t\t<\/div>\n\t\t\t\t<\/div>\n\t\t<div class=\"elementor-element elementor-element-553ac48 e-flex e-con-boxed e-con e-parent\" data-id=\"553ac48\" data-element_type=\"container\" data-e-type=\"container\">\n\t\t\t\t\t<div class=\"e-con-inner\">\n\t\t<div class=\"elementor-element elementor-element-fc9a74e e-con-full e-flex e-con e-child\" data-id=\"fc9a74e\" data-element_type=\"container\" data-e-type=\"container\">\n\t\t\t\t<div class=\"elementor-element elementor-element-695e1b1 elementor-widget__width-initial elementor-widget elementor-widget-image\" data-id=\"695e1b1\" data-element_type=\"widget\" data-e-type=\"widget\" data-widget_type=\"image.default\">\n\t\t\t\t\t\t\t\t\t\t\t\t\t\t\t<img loading=\"lazy\" decoding=\"async\" width=\"527\" height=\"679\" src=\"https:\/\/ifmaker.gravatai.ifsul.edu.br\/wp-content\/uploads\/2025\/08\/Luan.jpeg\" class=\"attachment-large size-large wp-image-1714\" alt=\"\" srcset=\"https:\/\/ifmaker.gravatai.ifsul.edu.br\/wp-content\/uploads\/2025\/08\/Luan.jpeg 527w, https:\/\/ifmaker.gravatai.ifsul.edu.br\/wp-content\/uploads\/2025\/08\/Luan-233x300.jpeg 233w, https:\/\/ifmaker.gravatai.ifsul.edu.br\/wp-content\/uploads\/2025\/08\/Luan-100x129.jpeg 100w\" sizes=\"(max-width: 527px) 100vw, 527px\" \/>\t\t\t\t\t\t\t\t\t\t\t\t\t\t\t<\/div>\n\t\t\t\t<\/div>\n\t\t<div class=\"elementor-element elementor-element-1cb3b89 e-con-full e-flex e-con e-child\" data-id=\"1cb3b89\" data-element_type=\"container\" data-e-type=\"container\">\n\t\t\t\t<div class=\"elementor-element elementor-element-2b523d4 elementor-widget elementor-widget-text-editor\" data-id=\"2b523d4\" data-element_type=\"widget\" data-e-type=\"widget\" data-widget_type=\"text-editor.default\">\n\t\t\t\t\t\t\t\t\t<div class=\"wp-block-columns are-vertically-aligned-center\">\n<div class=\"wp-block-column\">\n<div class=\"wp-block-columns are-vertically-aligned-center\">\n<div class=\"wp-block-column\">\n<div class=\"wp-block-columns are-vertically-aligned-center\">\n<div class=\"wp-block-column\">\n<p class=\"has-medium-font-size\"><span style=\"color: #000000;\"><strong>Luan Thiesen Mendes<\/strong> (Discente)<\/span><\/p>\n<span style=\"color: #000000;\"><!-- \/wp:paragraph --><!-- wp:paragraph {\"placeholder\":\"Conte\u00fado...\",\"style\":{\"typography\":{\"fontSize\":\"18px\"}}} --><\/span>\n<p><span style=\"color: #000000;\">Estudante do Curso T\u00e9cnico em inform\u00e1tica para internet (IFSUL &#8211; Gravata\u00ed)<\/span><\/p>\n<!-- \/wp:paragraph --><\/div>\n<!-- \/wp:column --><\/div>\n<\/div>\n<\/div>\n<\/div>\n<\/div>\t\t\t\t\t\t\t\t<\/div>\n\t\t\t\t<\/div>\n\t\t\t\t\t<\/div>\n\t\t\t\t<\/div>\n\t\t\t\t<\/div>\n\t\t","protected":false},"excerpt":{"rendered":"<p>Ademir Dorneles de Dorneles (Coordenador) Mestre em Gest\u00e3o Educacional (UNISINOS)\u00c1rea de atua\u00e7\u00e3o: Governan\u00e7a de TI, Gest\u00e3o de TI, Redes de Computadores e Rob\u00f3tica Educacional.Lattes: http:\/\/lattes.cnpq.br\/2515909939593762 Felipe Leivas Teixeira (Docente) Mestre em Computa\u00e7\u00e3o (UFPEL)\u00c1rea de atua\u00e7\u00e3o: Computa\u00e7\u00e3o Paralela: Mem\u00f3rias Transacionais, Phase-Change Memory, Green Computing, Programa\u00e7\u00e3o Concorrente e IOTLattes: http:\/\/lattes.cnpq.br\/8436653404663776 Franciane C\u00e2nez Cardoso (Docente) Doutora em Artes [&hellip;]<\/p>\n","protected":false},"author":1,"featured_media":0,"parent":0,"menu_order":0,"comment_status":"closed","ping_status":"closed","template":"templates\/template-page-full-width.php","meta":{"footnotes":""},"class_list":["post-209","page","type-page","status-publish","hentry"],"_links":{"self":[{"href":"https:\/\/ifmaker.gravatai.ifsul.edu.br\/index.php?rest_route=\/wp\/v2\/pages\/209","targetHints":{"allow":["GET"]}}],"collection":[{"href":"https:\/\/ifmaker.gravatai.ifsul.edu.br\/index.php?rest_route=\/wp\/v2\/pages"}],"about":[{"href":"https:\/\/ifmaker.gravatai.ifsul.edu.br\/index.php?rest_route=\/wp\/v2\/types\/page"}],"author":[{"embeddable":true,"href":"https:\/\/ifmaker.gravatai.ifsul.edu.br\/index.php?rest_route=\/wp\/v2\/users\/1"}],"replies":[{"embeddable":true,"href":"https:\/\/ifmaker.gravatai.ifsul.edu.br\/index.php?rest_route=%2Fwp%2Fv2%2Fcomments&post=209"}],"version-history":[{"count":143,"href":"https:\/\/ifmaker.gravatai.ifsul.edu.br\/index.php?rest_route=\/wp\/v2\/pages\/209\/revisions"}],"predecessor-version":[{"id":1720,"href":"https:\/\/ifmaker.gravatai.ifsul.edu.br\/index.php?rest_route=\/wp\/v2\/pages\/209\/revisions\/1720"}],"wp:attachment":[{"href":"https:\/\/ifmaker.gravatai.ifsul.edu.br\/index.php?rest_route=%2Fwp%2Fv2%2Fmedia&parent=209"}],"curies":[{"name":"wp","href":"https:\/\/api.w.org\/{rel}","templated":true}]}}