{"id":133,"date":"2021-10-01T15:03:23","date_gmt":"2021-10-01T18:03:23","guid":{"rendered":"http:\/\/192.168.20.13\/?page_id=133"},"modified":"2026-04-24T19:16:21","modified_gmt":"2026-04-24T22:16:21","slug":"projetos","status":"publish","type":"page","link":"https:\/\/ifmaker.gravatai.ifsul.edu.br\/?page_id=133","title":{"rendered":"Projetos"},"content":{"rendered":"\t\t<div data-elementor-type=\"wp-page\" data-elementor-id=\"133\" class=\"elementor elementor-133\">\n\t\t\t\t<div class=\"elementor-element elementor-element-a1c89f5 e-flex e-con-boxed e-con e-parent\" data-id=\"a1c89f5\" data-element_type=\"container\" data-e-type=\"container\">\n\t\t\t\t\t<div class=\"e-con-inner\">\n\t\t\t\t<div class=\"elementor-element elementor-element-b294da0 elementor-widget elementor-widget-n-accordion\" data-id=\"b294da0\" data-element_type=\"widget\" data-e-type=\"widget\" data-settings=\"{&quot;default_state&quot;:&quot;expanded&quot;,&quot;max_items_expended&quot;:&quot;one&quot;,&quot;n_accordion_animation_duration&quot;:{&quot;unit&quot;:&quot;ms&quot;,&quot;size&quot;:400,&quot;sizes&quot;:[]}}\" data-widget_type=\"nested-accordion.default\">\n\t\t\t\t\t\t\t<div class=\"e-n-accordion\" aria-label=\"Accordion. Open links with Enter or Space, close with Escape, and navigate with Arrow Keys\">\n\t\t\t\t\t\t<details id=\"e-n-accordion-item-1870\" class=\"e-n-accordion-item\" open>\n\t\t\t\t<summary class=\"e-n-accordion-item-title\" data-accordion-index=\"1\" tabindex=\"0\" aria-expanded=\"true\" aria-controls=\"e-n-accordion-item-1870\" >\n\t\t\t\t\t<span class='e-n-accordion-item-title-header'><div class=\"e-n-accordion-item-title-text\"> 2025 <\/div><\/span>\n\t\t\t\t\t\t\t<span class='e-n-accordion-item-title-icon'>\n\t\t\t<span class='e-opened' ><svg aria-hidden=\"true\" class=\"e-font-icon-svg e-fas-minus\" viewBox=\"0 0 448 512\" xmlns=\"http:\/\/www.w3.org\/2000\/svg\"><path d=\"M416 208H32c-17.67 0-32 14.33-32 32v32c0 17.67 14.33 32 32 32h384c17.67 0 32-14.33 32-32v-32c0-17.67-14.33-32-32-32z\"><\/path><\/svg><\/span>\n\t\t\t<span class='e-closed'><svg aria-hidden=\"true\" class=\"e-font-icon-svg e-fas-plus\" viewBox=\"0 0 448 512\" xmlns=\"http:\/\/www.w3.org\/2000\/svg\"><path d=\"M416 208H272V64c0-17.67-14.33-32-32-32h-32c-17.67 0-32 14.33-32 32v144H32c-17.67 0-32 14.33-32 32v32c0 17.67 14.33 32 32 32h144v144c0 17.67 14.33 32 32 32h32c17.67 0 32-14.33 32-32V304h144c17.67 0 32-14.33 32-32v-32c0-17.67-14.33-32-32-32z\"><\/path><\/svg><\/span>\n\t\t<\/span>\n\n\t\t\t\t\t\t<\/summary>\n\t\t\t\t<div role=\"region\" aria-labelledby=\"e-n-accordion-item-1870\" class=\"elementor-element elementor-element-65a314a e-con-full e-flex e-con e-child\" data-id=\"65a314a\" data-element_type=\"container\" data-e-type=\"container\">\n\t\t<div role=\"region\" aria-labelledby=\"e-n-accordion-item-1870\" class=\"elementor-element elementor-element-ca37dc6 e-flex e-con-boxed e-con e-child\" data-id=\"ca37dc6\" data-element_type=\"container\" data-e-type=\"container\">\n\t\t\t\t\t<div class=\"e-con-inner\">\n\t\t<div role=\"region\" aria-labelledby=\"e-n-accordion-item-1870\" class=\"elementor-element elementor-element-9bfec1c e-grid e-con-full e-con e-child\" data-id=\"9bfec1c\" data-element_type=\"container\" data-e-type=\"container\">\n\t\t\t\t<\/div>\n\t\t\t\t\t<\/div>\n\t\t\t\t<\/div>\n\t\t\t\t<\/div>\n\t\t\t\t\t<\/details>\n\t\t\t\t\t\t<details id=\"e-n-accordion-item-1871\" class=\"e-n-accordion-item\" >\n\t\t\t\t<summary class=\"e-n-accordion-item-title\" data-accordion-index=\"2\" tabindex=\"-1\" aria-expanded=\"false\" aria-controls=\"e-n-accordion-item-1871\" >\n\t\t\t\t\t<span class='e-n-accordion-item-title-header'><div class=\"e-n-accordion-item-title-text\"> 2024 <\/div><\/span>\n\t\t\t\t\t\t\t<span class='e-n-accordion-item-title-icon'>\n\t\t\t<span class='e-opened' ><svg aria-hidden=\"true\" class=\"e-font-icon-svg e-fas-minus\" viewBox=\"0 0 448 512\" xmlns=\"http:\/\/www.w3.org\/2000\/svg\"><path d=\"M416 208H32c-17.67 0-32 14.33-32 32v32c0 17.67 14.33 32 32 32h384c17.67 0 32-14.33 32-32v-32c0-17.67-14.33-32-32-32z\"><\/path><\/svg><\/span>\n\t\t\t<span class='e-closed'><svg aria-hidden=\"true\" class=\"e-font-icon-svg e-fas-plus\" viewBox=\"0 0 448 512\" xmlns=\"http:\/\/www.w3.org\/2000\/svg\"><path d=\"M416 208H272V64c0-17.67-14.33-32-32-32h-32c-17.67 0-32 14.33-32 32v144H32c-17.67 0-32 14.33-32 32v32c0 17.67 14.33 32 32 32h144v144c0 17.67 14.33 32 32 32h32c17.67 0 32-14.33 32-32V304h144c17.67 0 32-14.33 32-32v-32c0-17.67-14.33-32-32-32z\"><\/path><\/svg><\/span>\n\t\t<\/span>\n\n\t\t\t\t\t\t<\/summary>\n\t\t\t\t<div role=\"region\" aria-labelledby=\"e-n-accordion-item-1871\" class=\"elementor-element elementor-element-d9d8a3c e-con-full e-flex e-con e-child\" data-id=\"d9d8a3c\" data-element_type=\"container\" data-e-type=\"container\">\n\t\t<div role=\"region\" aria-labelledby=\"e-n-accordion-item-1871\" class=\"elementor-element elementor-element-ea70929 e-grid e-con-full e-con e-child\" data-id=\"ea70929\" data-element_type=\"container\" data-e-type=\"container\">\n\t\t\t\t<div class=\"elementor-element elementor-element-5dad409 elementor-widget elementor-widget-text-editor\" data-id=\"5dad409\" data-element_type=\"widget\" data-e-type=\"widget\" data-widget_type=\"text-editor.default\">\n\t\t\t\t\t\t\t\t\t<h5 class=\"wp-block-heading\"><span style=\"color: #000000;\">Projetos de Ensino<\/span><\/h5>\n<h6><span style=\"color: #000000;\"><!-- \/wp:heading --><!-- wp:list {\"fontSize\":\"medium\"} --><\/span><\/h6>\n<ul class=\"wp-block-list has-medium-font-size\"><!-- wp:list-item -->\n<li>\n<h6><span style=\"color: #000000;\">Clube de Rob\u00f3tica e Automa\u00e7\u00e3o<\/span><\/h6>\n<\/li>\n<!-- \/wp:list-item --><!-- wp:list-item -->\n<li>\n<h6><span style=\"color: #000000;\">Modelagem e impress\u00e3o de objetos 3D aplicada \u00e0s pr\u00e1ticas de biologia<\/span><\/h6>\n<\/li>\n<!-- \/wp:list-item --><!-- wp:list-item -->\n<li>\n<h6><span style=\"color: #000000;\">Monitoria para o Laborat\u00f3rio de Prototipagem IFMaker &#8211; Gravata\u00ed<\/span><\/h6>\n<\/li>\n<\/ul>\t\t\t\t\t\t\t\t<\/div>\n\t\t\t\t<\/div>\n\t\t<div role=\"region\" aria-labelledby=\"e-n-accordion-item-1871\" class=\"elementor-element elementor-element-6bc2737 e-grid e-con-full e-con e-child\" data-id=\"6bc2737\" data-element_type=\"container\" data-e-type=\"container\">\n\t\t\t\t<div class=\"elementor-element elementor-element-8a7a8c1 elementor-widget elementor-widget-text-editor\" data-id=\"8a7a8c1\" data-element_type=\"widget\" data-e-type=\"widget\" data-widget_type=\"text-editor.default\">\n\t\t\t\t\t\t\t\t\t<h5 class=\"wp-block-heading\"><span style=\"color: #000000;\">Projetos de Extens\u00e3o<\/span><\/h5>\n<h6 class=\"wp-block-heading\"><span style=\"color: #000000;\"><!-- \/wp:heading --><!-- wp:list {\"fontSize\":\"medium\"} --><\/span><\/h6>\n<ul class=\"wp-block-list has-medium-font-size\"><!-- wp:list-item -->\n<li>\n<h6><span style=\"color: #000000;\">Forma\u00e7\u00e3o Docente em\u00a0Rob\u00f3tica\u00a0Educacional<\/span><\/h6>\n<\/li>\n<!-- \/wp:list-item --><!-- wp:list-item -->\n<li>\n<h6><span style=\"color: #000000;\">&#8220;Open Day&#8221; Laborat\u00f3rio IFMaker Gravata\u00ed<\/span><\/h6>\n<\/li>\n<\/ul>\t\t\t\t\t\t\t\t<\/div>\n\t\t\t\t<\/div>\n\t\t\t\t<\/div>\n\t\t\t\t\t<\/details>\n\t\t\t\t\t\t<details id=\"e-n-accordion-item-1872\" class=\"e-n-accordion-item\" >\n\t\t\t\t<summary class=\"e-n-accordion-item-title\" data-accordion-index=\"3\" tabindex=\"-1\" aria-expanded=\"false\" aria-controls=\"e-n-accordion-item-1872\" >\n\t\t\t\t\t<span class='e-n-accordion-item-title-header'><div class=\"e-n-accordion-item-title-text\"> 2023 <\/div><\/span>\n\t\t\t\t\t\t\t<span class='e-n-accordion-item-title-icon'>\n\t\t\t<span class='e-opened' ><svg aria-hidden=\"true\" class=\"e-font-icon-svg e-fas-minus\" viewBox=\"0 0 448 512\" xmlns=\"http:\/\/www.w3.org\/2000\/svg\"><path d=\"M416 208H32c-17.67 0-32 14.33-32 32v32c0 17.67 14.33 32 32 32h384c17.67 0 32-14.33 32-32v-32c0-17.67-14.33-32-32-32z\"><\/path><\/svg><\/span>\n\t\t\t<span class='e-closed'><svg aria-hidden=\"true\" class=\"e-font-icon-svg e-fas-plus\" viewBox=\"0 0 448 512\" xmlns=\"http:\/\/www.w3.org\/2000\/svg\"><path d=\"M416 208H272V64c0-17.67-14.33-32-32-32h-32c-17.67 0-32 14.33-32 32v144H32c-17.67 0-32 14.33-32 32v32c0 17.67 14.33 32 32 32h144v144c0 17.67 14.33 32 32 32h32c17.67 0 32-14.33 32-32V304h144c17.67 0 32-14.33 32-32v-32c0-17.67-14.33-32-32-32z\"><\/path><\/svg><\/span>\n\t\t<\/span>\n\n\t\t\t\t\t\t<\/summary>\n\t\t\t\t<div role=\"region\" aria-labelledby=\"e-n-accordion-item-1872\" class=\"elementor-element elementor-element-483d51e e-con-full e-flex e-con e-child\" data-id=\"483d51e\" data-element_type=\"container\" data-e-type=\"container\">\n\t\t<div role=\"region\" aria-labelledby=\"e-n-accordion-item-1872\" class=\"elementor-element elementor-element-b54480a e-flex e-con-boxed e-con e-child\" data-id=\"b54480a\" data-element_type=\"container\" data-e-type=\"container\">\n\t\t\t\t\t<div class=\"e-con-inner\">\n\t\t<div role=\"region\" aria-labelledby=\"e-n-accordion-item-1872\" class=\"elementor-element elementor-element-c2273f5 e-grid e-con-full e-con e-child\" data-id=\"c2273f5\" data-element_type=\"container\" data-e-type=\"container\">\n\t\t\t\t<div class=\"elementor-element elementor-element-47dcd99 elementor-widget elementor-widget-text-editor\" data-id=\"47dcd99\" data-element_type=\"widget\" data-e-type=\"widget\" data-widget_type=\"text-editor.default\">\n\t\t\t\t\t\t\t\t\t<h5 class=\"wp-block-heading\"><span style=\"color: #000000;\"><strong>Projetos de Ensino<\/strong><\/span><\/h5>\n<p><!-- \/wp:heading --><!-- wp:list {\"fontSize\":\"medium\"} --><\/p>\n<ul class=\"wp-block-list has-medium-font-size\"><!-- wp:list-item -->\n<li>\n<h6><a href=\"https:\/\/ifmaker.gravatai.ifsul.edu.br\/?page_id=1073\" data-type=\"link\" data-id=\"https:\/\/ifmaker.gravatai.ifsul.edu.br\/?page_id=1073\">Al\u00e9m da Programa\u00e7\u00e3o: Capacita\u00e7\u00e3o em Montagem e Manuten\u00e7\u00e3o de Computadores<\/a><\/h6>\n<\/li>\n<!-- \/wp:list-item --><!-- wp:list-item -->\n<li>\n<h6><a href=\"https:\/\/ifmaker.gravatai.ifsul.edu.br\/?page_id=1076\" data-type=\"link\" data-id=\"https:\/\/ifmaker.gravatai.ifsul.edu.br\/?page_id=1076\">Clube de Intelig\u00eancia Artificial<\/a><\/h6>\n<\/li>\n<!-- \/wp:list-item --><!-- wp:list-item -->\n<li>\n<h6><a href=\"https:\/\/ifmaker.gravatai.ifsul.edu.br\/?page_id=1048\" data-type=\"link\" data-id=\"https:\/\/ifmaker.gravatai.ifsul.edu.br\/?page_id=1048\">Clube de Rob\u00f3tica e Automa\u00e7\u00e3o<\/a><\/h6>\n<\/li>\n<!-- \/wp:list-item --><!-- wp:list-item -->\n<li>\n<h6><a href=\"https:\/\/ifmaker.gravatai.ifsul.edu.br\/?page_id=1065\" data-type=\"link\" data-id=\"https:\/\/ifmaker.gravatai.ifsul.edu.br\/?page_id=1065\">Modelagem e impress\u00e3o de objetos 3D aplicada \u00e0s pr\u00e1ticas de qu\u00edmica<\/a><\/h6>\n<\/li>\n<!-- \/wp:list-item --><!-- wp:list-item -->\n<li>\n<h6><a href=\"https:\/\/ifmaker.gravatai.ifsul.edu.br\/?page_id=1070\" data-type=\"link\" data-id=\"https:\/\/ifmaker.gravatai.ifsul.edu.br\/?page_id=1070\">Modelagem e impress\u00e3o de objetos 3D aplicada \u00e0s pr\u00e1ticas de biologia<\/a><\/h6>\n<\/li>\n<!-- \/wp:list-item --><!-- wp:list-item -->\n<li>\n<h6><a href=\"https:\/\/ifmaker.gravatai.ifsul.edu.br\/?page_id=1110\" data-type=\"link\" data-id=\"https:\/\/ifmaker.gravatai.ifsul.edu.br\/?page_id=1110\">Monitoria para o Laborat\u00f3rio de Prototipagem IFMaker &#8211; Gravata\u00ed<\/a><\/h6>\n<\/li>\n<!-- \/wp:list-item --><\/ul>\n<h6><!-- \/wp:list --><!-- wp:spacer {\"height\":\"21px\"} --><\/h6>\n<h6 class=\"wp-block-spacer\" style=\"height: 21px;\" aria-hidden=\"true\">\u00a0<\/h6>\t\t\t\t\t\t\t\t<\/div>\n\t\t\t\t<div class=\"elementor-element elementor-element-7d4020d elementor-widget elementor-widget-text-editor\" data-id=\"7d4020d\" data-element_type=\"widget\" data-e-type=\"widget\" data-widget_type=\"text-editor.default\">\n\t\t\t\t\t\t\t\t\t<h5 class=\"wp-block-heading\"><span style=\"color: #000000;\">Projetos de Extens\u00e3o<\/span><\/h5>\n<h5 class=\"wp-block-heading\"><!-- \/wp:heading --><!-- wp:spacer {\"height\":\"21px\"} --><\/h5>\n<h5 class=\"wp-block-heading\"><!-- \/wp:spacer --><!-- wp:heading {\"level\":4} --><\/h5>\n<h5 class=\"wp-block-heading\"><!-- \/wp:spacer --><!-- wp:heading {\"level\":4} --><\/h5>\n<h5 class=\"wp-block-heading\"><!-- \/wp:heading --><!-- wp:list {\"fontSize\":\"medium\"} --><\/h5>\n<ul class=\"wp-block-list has-medium-font-size\"><!-- wp:list-item -->\n<li>\n<h6><a href=\"https:\/\/ifmaker.gravatai.ifsul.edu.br\/?page_id=1119\" data-type=\"link\" data-id=\"https:\/\/ifmaker.gravatai.ifsul.edu.br\/?page_id=1119\">Forma\u00e7\u00e3o Docente em\u00a0Rob\u00f3tica\u00a0Educacional<\/a><\/h6>\n<\/li>\n<!-- \/wp:list-item --><!-- wp:list-item -->\n<li>\n<h6><a href=\"https:\/\/ifmaker.gravatai.ifsul.edu.br\/?page_id=1113\" data-type=\"link\" data-id=\"https:\/\/ifmaker.gravatai.ifsul.edu.br\/?page_id=1113\">Oficinas de Rob\u00f3tica &#8211; Instituto Cultural e Social \u00c1gora<\/a><\/h6>\n<\/li>\n<\/ul>\t\t\t\t\t\t\t\t<\/div>\n\t\t\t\t<\/div>\n\t\t\t\t\t<\/div>\n\t\t\t\t<\/div>\n\t\t\t\t<\/div>\n\t\t\t\t\t<\/details>\n\t\t\t\t\t\t<details id=\"e-n-accordion-item-1873\" class=\"e-n-accordion-item\" >\n\t\t\t\t<summary class=\"e-n-accordion-item-title\" data-accordion-index=\"4\" tabindex=\"-1\" aria-expanded=\"false\" aria-controls=\"e-n-accordion-item-1873\" >\n\t\t\t\t\t<span class='e-n-accordion-item-title-header'><div class=\"e-n-accordion-item-title-text\"> 2022 <\/div><\/span>\n\t\t\t\t\t\t\t<span class='e-n-accordion-item-title-icon'>\n\t\t\t<span class='e-opened' ><svg aria-hidden=\"true\" class=\"e-font-icon-svg e-fas-minus\" viewBox=\"0 0 448 512\" xmlns=\"http:\/\/www.w3.org\/2000\/svg\"><path d=\"M416 208H32c-17.67 0-32 14.33-32 32v32c0 17.67 14.33 32 32 32h384c17.67 0 32-14.33 32-32v-32c0-17.67-14.33-32-32-32z\"><\/path><\/svg><\/span>\n\t\t\t<span class='e-closed'><svg aria-hidden=\"true\" class=\"e-font-icon-svg e-fas-plus\" viewBox=\"0 0 448 512\" xmlns=\"http:\/\/www.w3.org\/2000\/svg\"><path d=\"M416 208H272V64c0-17.67-14.33-32-32-32h-32c-17.67 0-32 14.33-32 32v144H32c-17.67 0-32 14.33-32 32v32c0 17.67 14.33 32 32 32h144v144c0 17.67 14.33 32 32 32h32c17.67 0 32-14.33 32-32V304h144c17.67 0 32-14.33 32-32v-32c0-17.67-14.33-32-32-32z\"><\/path><\/svg><\/span>\n\t\t<\/span>\n\n\t\t\t\t\t\t<\/summary>\n\t\t\t\t<div role=\"region\" aria-labelledby=\"e-n-accordion-item-1873\" class=\"elementor-element elementor-element-224058a e-flex e-con-boxed e-con e-child\" data-id=\"224058a\" data-element_type=\"container\" data-e-type=\"container\">\n\t\t\t\t\t<div class=\"e-con-inner\">\n\t\t<div role=\"region\" aria-labelledby=\"e-n-accordion-item-1873\" class=\"elementor-element elementor-element-77f5bbc e-con-full e-flex e-con e-child\" data-id=\"77f5bbc\" data-element_type=\"container\" data-e-type=\"container\">\n\t\t<div role=\"region\" aria-labelledby=\"e-n-accordion-item-1873\" class=\"elementor-element elementor-element-a89bcb7 e-grid e-con-full e-con e-child\" data-id=\"a89bcb7\" data-element_type=\"container\" data-e-type=\"container\">\n\t\t\t\t<div class=\"elementor-element elementor-element-5a85757 elementor-widget elementor-widget-text-editor\" data-id=\"5a85757\" data-element_type=\"widget\" data-e-type=\"widget\" data-widget_type=\"text-editor.default\">\n\t\t\t\t\t\t\t\t\t<h5 class=\"wp-block-heading\"><span style=\"color: #000000;\">Projetos de Ensino<\/span><\/h5>\n<p><!-- \/wp:heading --><!-- wp:list {\"fontSize\":\"medium\"} --><\/p>\n<ul class=\"wp-block-list has-medium-font-size\"><!-- wp:list-item -->\n<li>\n<h6><span style=\"color: #339966;\">Clube de Rob\u00f3tica e Automa\u00e7\u00e3o<\/span><\/h6>\n<\/li>\n<!-- \/wp:list-item --><!-- wp:list-item -->\n<li>\n<h6><span style=\"color: #339966;\"><a style=\"color: #339966;\" href=\"https:\/\/ifmaker.gravatai.ifsul.edu.br\/?page_id=784\" data-type=\"URL\" data-id=\"https:\/\/ifmaker.gravatai.ifsul.edu.br\/?page_id=784\">Modelagem e impress\u00e3o de objetos 3D aplicada \u00e0s pr\u00e1ticas de qu\u00edmica<\/a><\/span><\/h6>\n<\/li>\n<!-- \/wp:list-item --><!-- wp:list-item -->\n<li>\n<h6><span style=\"color: #339966;\"><a style=\"color: #339966;\" href=\"https:\/\/ifmaker.gravatai.ifsul.edu.br\/?page_id=802\" data-type=\"URL\" data-id=\"https:\/\/ifmaker.gravatai.ifsul.edu.br\/?page_id=802\">Modelagem e impress\u00e3o de objetos 3D aplicada \u00e0s pr\u00e1ticas de biologia<\/a><\/span><\/h6>\n<\/li>\n<!-- \/wp:list-item --><\/ul>\n<h6><span style=\"color: #339966;\"><!-- \/wp:list --><!-- wp:spacer {\"height\":\"21px\"} --><\/span><\/h6>\n<h6 class=\"wp-block-spacer\" style=\"height: 21px;\" aria-hidden=\"true\">\u00a0<\/h6>\t\t\t\t\t\t\t\t<\/div>\n\t\t\t\t<\/div>\n\t\t<div role=\"region\" aria-labelledby=\"e-n-accordion-item-1873\" class=\"elementor-element elementor-element-3e07913 e-grid e-con-full e-con e-child\" data-id=\"3e07913\" data-element_type=\"container\" data-e-type=\"container\">\n\t\t\t\t<div class=\"elementor-element elementor-element-1c6162d elementor-widget elementor-widget-text-editor\" data-id=\"1c6162d\" data-element_type=\"widget\" data-e-type=\"widget\" data-widget_type=\"text-editor.default\">\n\t\t\t\t\t\t\t\t\t<h5 class=\"wp-block-heading\"><span style=\"color: #000000;\">Projetos de Extens\u00e3o<\/span><\/h5>\n<h6 class=\"wp-block-heading\"><span style=\"color: #000000;\"><!-- \/wp:heading --><!-- wp:list {\"fontSize\":\"medium\"} --><\/span><\/h6>\n<ul class=\"wp-block-list has-medium-font-size\"><!-- wp:list-item -->\n<li>\n<h6><span style=\"color: #339966;\"><a style=\"color: #339966;\" href=\"https:\/\/ifmaker.gravatai.ifsul.edu.br\/?page_id=672\" data-type=\"URL\" data-id=\"https:\/\/ifmaker.gravatai.ifsul.edu.br\/?page_id=672\">Forma\u00e7\u00e3o Docente em Metodologias de Ensino Inovadoras<\/a><\/span><\/h6>\n<\/li>\n<!-- \/wp:list-item --><!-- wp:list-item -->\n<li>\n<h6><span style=\"color: #339966;\"><a style=\"color: #339966;\" href=\"https:\/\/ifmaker.gravatai.ifsul.edu.br\/?page_id=796\" data-type=\"URL\" data-id=\"https:\/\/ifmaker.gravatai.ifsul.edu.br\/?page_id=796\">Forma\u00e7\u00e3o Docente em\u00a0Rob\u00f3tica\u00a0Educacional<\/a><\/span><\/h6>\n<\/li>\n<!-- \/wp:list-item --><!-- wp:list-item -->\n<li>\n<h6><span style=\"color: #339966;\"><a style=\"color: #339966;\" href=\"https:\/\/ifmaker.gravatai.ifsul.edu.br\/?page_id=792\" data-type=\"URL\" data-id=\"https:\/\/ifmaker.gravatai.ifsul.edu.br\/?page_id=792\">Mulheres Protagonistas<\/a><\/span><\/h6>\n<\/li>\n<!-- \/wp:list-item --><!-- wp:list-item -->\n<li>\n<h6><span style=\"color: #339966;\"><a style=\"color: #339966;\" href=\"https:\/\/ifmaker.gravatai.ifsul.edu.br\/?p=714\">Oficinas \u201cAprendendo programa\u00e7\u00e3o com Scratch\u201d &#8211; Semana do Scratch<\/a><\/span><\/h6>\n<\/li>\n<!-- \/wp:list-item --><\/ul>\n<h6 class=\"wp-block-heading\"><span style=\"color: #339966;\"><!-- \/wp:list --><!-- wp:spacer {\"height\":\"39px\"} --><\/span><\/h6>\n<h6 class=\"wp-block-spacer\" style=\"height: 39px;\" aria-hidden=\"true\">\u00a0<\/h6>\t\t\t\t\t\t\t\t<\/div>\n\t\t\t\t<\/div>\n\t\t\t\t<\/div>\n\t\t\t\t\t<\/div>\n\t\t\t\t<\/div>\n\t\t\t\t\t<\/details>\n\t\t\t\t\t\t<details id=\"e-n-accordion-item-1874\" class=\"e-n-accordion-item\" >\n\t\t\t\t<summary class=\"e-n-accordion-item-title\" data-accordion-index=\"5\" tabindex=\"-1\" aria-expanded=\"false\" aria-controls=\"e-n-accordion-item-1874\" >\n\t\t\t\t\t<span class='e-n-accordion-item-title-header'><div class=\"e-n-accordion-item-title-text\"> 2021 <\/div><\/span>\n\t\t\t\t\t\t\t<span class='e-n-accordion-item-title-icon'>\n\t\t\t<span class='e-opened' ><svg aria-hidden=\"true\" class=\"e-font-icon-svg e-fas-minus\" viewBox=\"0 0 448 512\" xmlns=\"http:\/\/www.w3.org\/2000\/svg\"><path d=\"M416 208H32c-17.67 0-32 14.33-32 32v32c0 17.67 14.33 32 32 32h384c17.67 0 32-14.33 32-32v-32c0-17.67-14.33-32-32-32z\"><\/path><\/svg><\/span>\n\t\t\t<span class='e-closed'><svg aria-hidden=\"true\" class=\"e-font-icon-svg e-fas-plus\" viewBox=\"0 0 448 512\" xmlns=\"http:\/\/www.w3.org\/2000\/svg\"><path d=\"M416 208H272V64c0-17.67-14.33-32-32-32h-32c-17.67 0-32 14.33-32 32v144H32c-17.67 0-32 14.33-32 32v32c0 17.67 14.33 32 32 32h144v144c0 17.67 14.33 32 32 32h32c17.67 0 32-14.33 32-32V304h144c17.67 0 32-14.33 32-32v-32c0-17.67-14.33-32-32-32z\"><\/path><\/svg><\/span>\n\t\t<\/span>\n\n\t\t\t\t\t\t<\/summary>\n\t\t\t\t<div role=\"region\" aria-labelledby=\"e-n-accordion-item-1874\" class=\"elementor-element elementor-element-680b384 e-flex e-con-boxed e-con e-child\" data-id=\"680b384\" data-element_type=\"container\" data-e-type=\"container\">\n\t\t\t\t\t<div class=\"e-con-inner\">\n\t\t<div role=\"region\" aria-labelledby=\"e-n-accordion-item-1874\" class=\"elementor-element elementor-element-1d9f2f9 e-con-full e-flex e-con e-child\" data-id=\"1d9f2f9\" data-element_type=\"container\" data-e-type=\"container\">\n\t\t\t\t<div class=\"elementor-element elementor-element-00d1e35 elementor-widget elementor-widget-text-editor\" data-id=\"00d1e35\" data-element_type=\"widget\" data-e-type=\"widget\" data-widget_type=\"text-editor.default\">\n\t\t\t\t\t\t\t\t\t<h5 class=\"wp-block-heading\"><span style=\"color: #000000;\">Projetos de Ensino<\/span><\/h5>\n<ul class=\"wp-block-list has-medium-font-size\">\n<li>\n<h6><a href=\"https:\/\/ifmaker.gravatai.ifsul.edu.br\/?page_id=606\" data-type=\"URL\" data-id=\"https:\/\/ifmaker.gravatai.ifsul.edu.br\/?page_id=606\">Semana da Cultura Maker &#8211; IFMaker Gravata\u00ed<\/a><\/h6>\n<\/li>\n<!-- \/wp:list-item --><\/ul>\n<p><!-- \/wp:list --><!-- wp:paragraph --><\/p>\n<p>\u00a0<\/p>\t\t\t\t\t\t\t\t<\/div>\n\t\t\t\t<\/div>\n\t\t\t\t\t<\/div>\n\t\t\t\t<\/div>\n\t\t\t\t\t<\/details>\n\t\t\t\t\t<\/div>\n\t\t\t\t\t\t<\/div>\n\t\t\t\t\t<\/div>\n\t\t\t\t<\/div>\n\t\t\t\t<\/div>\n\t\t","protected":false},"excerpt":{"rendered":"<p>2025 2024 Projetos de Ensino Forma\u00e7\u00e3o Docente em\u00a0Rob\u00f3tica\u00a0Educacional &#8220;Open Day&#8221; Laborat\u00f3rio IFMaker Gravata\u00ed Projetos de Ensino Al\u00e9m da Programa\u00e7\u00e3o: Capacita\u00e7\u00e3o em Montagem e Manuten\u00e7\u00e3o de Computadores Clube de Intelig\u00eancia Artificial Clube de Rob\u00f3tica e Automa\u00e7\u00e3o Modelagem e impress\u00e3o de objetos 3D aplicada \u00e0s pr\u00e1ticas de qu\u00edmica Modelagem e impress\u00e3o de objetos 3D aplicada \u00e0s pr\u00e1ticas [&hellip;]<\/p>\n","protected":false},"author":1,"featured_media":0,"parent":0,"menu_order":0,"comment_status":"closed","ping_status":"closed","template":"templates\/template-page-full-width.php","meta":{"footnotes":""},"class_list":["post-133","page","type-page","status-publish","hentry"],"_links":{"self":[{"href":"https:\/\/ifmaker.gravatai.ifsul.edu.br\/index.php?rest_route=\/wp\/v2\/pages\/133","targetHints":{"allow":["GET"]}}],"collection":[{"href":"https:\/\/ifmaker.gravatai.ifsul.edu.br\/index.php?rest_route=\/wp\/v2\/pages"}],"about":[{"href":"https:\/\/ifmaker.gravatai.ifsul.edu.br\/index.php?rest_route=\/wp\/v2\/types\/page"}],"author":[{"embeddable":true,"href":"https:\/\/ifmaker.gravatai.ifsul.edu.br\/index.php?rest_route=\/wp\/v2\/users\/1"}],"replies":[{"embeddable":true,"href":"https:\/\/ifmaker.gravatai.ifsul.edu.br\/index.php?rest_route=%2Fwp%2Fv2%2Fcomments&post=133"}],"version-history":[{"count":66,"href":"https:\/\/ifmaker.gravatai.ifsul.edu.br\/index.php?rest_route=\/wp\/v2\/pages\/133\/revisions"}],"predecessor-version":[{"id":1994,"href":"https:\/\/ifmaker.gravatai.ifsul.edu.br\/index.php?rest_route=\/wp\/v2\/pages\/133\/revisions\/1994"}],"wp:attachment":[{"href":"https:\/\/ifmaker.gravatai.ifsul.edu.br\/index.php?rest_route=%2Fwp%2Fv2%2Fmedia&parent=133"}],"curies":[{"name":"wp","href":"https:\/\/api.w.org\/{rel}","templated":true}]}}