{"id":1110,"date":"2024-04-10T12:12:51","date_gmt":"2024-04-10T15:12:51","guid":{"rendered":"https:\/\/ifmaker.gravatai.ifsul.edu.br\/?page_id=1110"},"modified":"2024-04-10T12:13:02","modified_gmt":"2024-04-10T15:13:02","slug":"monitoria-para-o-laboratorio-de-prototipagem-ifmaker-gravatai","status":"publish","type":"page","link":"https:\/\/ifmaker.gravatai.ifsul.edu.br\/?page_id=1110","title":{"rendered":"Monitoria para o Laborat\u00f3rio de Prototipagem IFMaker \u2013 Gravata\u00ed"},"content":{"rendered":"\n<h2 class=\"wp-block-heading\">Projeto de Ensino Monitoria para o Laborat\u00f3rio de Prototipagem IFMaker \u2013 Gravata\u00ed (2023)<\/h2>\n\n\n\n<div style=\"height:74px\" aria-hidden=\"true\" class=\"wp-block-spacer\"><\/div>\n\n\n\n<p class=\"has-medium-font-size\">O projeto de ensino <strong>Monitoria para o Laborat\u00f3rio de Prototipagem IFMaker \u2013 Gravata\u00ed<\/strong> tem por objetivo a disponibiliza\u00e7\u00e3o de monitores, que supervisionados e orientados pela equipe gestora do Laborat\u00f3rio, atuam auxiliando nas atividades de projetos de ensino, pesquisa e extens\u00e3o no \u00e2mbito do laborat\u00f3rio, bem como no processo de organiza\u00e7\u00e3o, manuten\u00e7\u00e3o, conserva\u00e7\u00e3o, gest\u00e3o do espa\u00e7o e equipamentos, al\u00e9m de preparo e execu\u00e7\u00e3o de oficinas junto \u00e0 escolas que visitam o laborat\u00f3rio. Os monitores selecionados t\u00eam a oportunidade de imergir em diversas tecnologias digitais de prototipagem, como impress\u00e3o 3D, programa\u00e7\u00e3o dos mais diversos tipos de Placas Controladoras, programa\u00e7\u00e3o de Kits da LEGO, utiliza\u00e7\u00e3o de equipamentos de corte e grava\u00e7\u00e3o a laser, entre outros dispositivos inovadores. Essa iniciativa visa enriquecer o ambiente de aprendizado dos participantes, promovendo a interdisciplinaridade e o desenvolvimento de habilidades tecnol\u00f3gicas.<\/p>\n\n\n\n<div style=\"height:63px\" aria-hidden=\"true\" class=\"wp-block-spacer\"><\/div>\n\n\n\n<p class=\"has-medium-font-size\"><strong>Per\u00edodo de Execu\u00e7\u00e3o:<\/strong> de maio a dezembro de 2023<\/p>\n\n\n\n<p class=\"has-medium-font-size\"><strong>Coordenador:<\/strong> Ademir Dorneles de Dorneles<\/p>\n\n\n\n<p class=\"has-medium-font-size\"><strong>Bolsistas:<\/strong> Gabriel de Lima Dutra, Jo\u00e3o Vitor Santos da Silva, Luis Gustavo Rocha dos Santos e Felipe Vilanova Villa Verde.<\/p>\n\n\n\n<p class=\"has-medium-font-size\"><strong>N\u00ba de Registro<\/strong>: PJE2023237<\/p>\n","protected":false},"excerpt":{"rendered":"<p>Projeto de Ensino Monitoria para o Laborat\u00f3rio de Prototipagem IFMaker \u2013 Gravata\u00ed (2023) O projeto de ensino Monitoria para o Laborat\u00f3rio de Prototipagem IFMaker \u2013 Gravata\u00ed tem por objetivo a disponibiliza\u00e7\u00e3o de monitores, que supervisionados e orientados pela equipe gestora do Laborat\u00f3rio, atuam auxiliando nas atividades de projetos de ensino, pesquisa e extens\u00e3o no \u00e2mbito [&hellip;]<\/p>\n","protected":false},"author":2,"featured_media":0,"parent":0,"menu_order":0,"comment_status":"closed","ping_status":"closed","template":"templates\/template-page-full-width.php","meta":{"footnotes":""},"class_list":["post-1110","page","type-page","status-publish","hentry"],"_links":{"self":[{"href":"https:\/\/ifmaker.gravatai.ifsul.edu.br\/index.php?rest_route=\/wp\/v2\/pages\/1110","targetHints":{"allow":["GET"]}}],"collection":[{"href":"https:\/\/ifmaker.gravatai.ifsul.edu.br\/index.php?rest_route=\/wp\/v2\/pages"}],"about":[{"href":"https:\/\/ifmaker.gravatai.ifsul.edu.br\/index.php?rest_route=\/wp\/v2\/types\/page"}],"author":[{"embeddable":true,"href":"https:\/\/ifmaker.gravatai.ifsul.edu.br\/index.php?rest_route=\/wp\/v2\/users\/2"}],"replies":[{"embeddable":true,"href":"https:\/\/ifmaker.gravatai.ifsul.edu.br\/index.php?rest_route=%2Fwp%2Fv2%2Fcomments&post=1110"}],"version-history":[{"count":1,"href":"https:\/\/ifmaker.gravatai.ifsul.edu.br\/index.php?rest_route=\/wp\/v2\/pages\/1110\/revisions"}],"predecessor-version":[{"id":1111,"href":"https:\/\/ifmaker.gravatai.ifsul.edu.br\/index.php?rest_route=\/wp\/v2\/pages\/1110\/revisions\/1111"}],"wp:attachment":[{"href":"https:\/\/ifmaker.gravatai.ifsul.edu.br\/index.php?rest_route=%2Fwp%2Fv2%2Fmedia&parent=1110"}],"curies":[{"name":"wp","href":"https:\/\/api.w.org\/{rel}","templated":true}]}}