{"id":1076,"date":"2024-04-10T10:27:38","date_gmt":"2024-04-10T13:27:38","guid":{"rendered":"https:\/\/ifmaker.gravatai.ifsul.edu.br\/?page_id=1076"},"modified":"2024-04-10T11:53:30","modified_gmt":"2024-04-10T14:53:30","slug":"clube-de-inteligencia-artificial","status":"publish","type":"page","link":"https:\/\/ifmaker.gravatai.ifsul.edu.br\/?page_id=1076","title":{"rendered":"Clube de Intelig\u00eancia Artificial"},"content":{"rendered":"\n<h2 class=\"wp-block-heading\">Projeto de Ensino Clube de Intelig\u00eancia Artificial (2023)<\/h2>\n\n\n\n<div style=\"height:100px\" aria-hidden=\"true\" class=\"wp-block-spacer\"><\/div>\n\n\n\n<p class=\"has-medium-font-size\">O projeto de ensino Clube de Intelig\u00eancia Artificial visa fomentar estudos nas \u00e1reas de Intelig\u00eancia Artificial, Ci\u00eancia de Dados, Engenharia de Dados e Banco de Dados, promovendo o desenvolvimento de conhecimentos complementares aos trabalhados nos cursos oferecidos pelo IFSUL no c\u00e2mpus Gravata\u00ed. Atrav\u00e9s de encontros semanais, os estudantes devem desenvolver solu\u00e7\u00f5es para problemas realizando atividades tais como cria\u00e7\u00e3o de modelos de aprendizado de m\u00e1quina e an\u00e1lise de dados, entre outras.<\/p>\n\n\n\n<div style=\"height:61px\" aria-hidden=\"true\" class=\"wp-block-spacer\"><\/div>\n\n\n\n<p class=\"has-medium-font-size\"><strong>Per\u00edodo de Execu\u00e7\u00e3o:<\/strong> de julho a dezembro de 2023<\/p>\n\n\n\n<p class=\"has-medium-font-size\"><strong>Coordenador:<\/strong> Marcelo dos Santos Dias<\/p>\n\n\n\n<p class=\"has-medium-font-size\"><strong>Contato: <\/strong>marcelodias@ifsul.edu.br<\/p>\n\n\n\n<p class=\"has-medium-font-size\"><strong>N\u00ba de Registro<\/strong>: PJE2023117<\/p>\n\n\n\n<div style=\"height:61px\" aria-hidden=\"true\" class=\"wp-block-spacer\"><\/div>\n\n\n\n<style id=\"bwg-style-0\">      #bwg_container1_0 #bwg_container2_0 #bwg_mosaic_thumbnails_div_0 {        width: 100%;        position: relative;        background-color: rgba(255, 255, 255, 0.00);        text-align: center;        justify-content: center;                  margin-left: auto;          margin-right: auto;                    padding-left: 2px;          padding-top: 2px;                }          #bwg_container1_0 #bwg_container2_0 .bwg_mosaic_thumb_spun_0 {        display: block;        position: absolute;\t\t\t\tborder-radius: 0;\t\t\t\tborder: 0px none #CCCCCC;    \t\t    \t\tbackground-color:rgba(0,0,0, 0.30);        -moz-box-sizing: content-box !important;        -webkit-box-sizing: content-box !important;        box-sizing: content-box !important;      }\t\t\t#bwg_container1_0 #bwg_container2_0 .bwg_mosaic_thumb_0 {\t\t\t\tdisplay: block;\t\t\t\t-moz-box-sizing: content-box !important;\t\t\t\t-webkit-box-sizing: content-box !important;\t\t\t\tbox-sizing: content-box !important;\t\t\t\tmargin: 0;\t\t\t\topacity: 1.00;\t\t\t}      #bwg_container1_0 #bwg_container2_0 .bwg_mosaic_thumb_spun_0:hover {        opacity: 1;        backface-visibility: hidden;        -webkit-backface-visibility: hidden;        -moz-backface-visibility: hidden;        -ms-backface-visibility: hidden;        z-index: 102;      }\t     @media only screen and (min-width: 480px) {\t\t#bwg_container1_0 #bwg_container2_0 .bwg-container-0.bwg-mosaic-thumbnails .bwg-item0 img {\t\t\t-webkit-transition: -webkit-transform .3s; transition: transform .3s;\t\t}\t\t#bwg_container1_0 #bwg_container2_0 .bwg-container-0.bwg-mosaic-thumbnails .bwg-item0 img:hover {\t\t\t-ms-transform: scale(1.08);\t\t\t-webkit-transform: scale(1.08);\t\t\ttransform: scale(1.08);\t\t}\t\t      }\t      #bwg_container1_0 #bwg_container2_0 .bwg_mosaic_thumbnails_0 {        background-color: rgba(255, 255, 255, 0.00);        font-size: 0;        position: relative;        text-align: center;        display: inline-block;        visibility: hidden;              }\t  \/*image title styles*\/      #bwg_container1_0 #bwg_container2_0 .bwg_mosaic_title_spun1_0,      #bwg_container1_0 #bwg_container2_0 .bwg-mosaic-thumbnails .bwg_ecommerce_spun1_0 {        position: absolute;        display: block;        opacity: 0;        box-sizing: border-box;        text-align: center;\t\t\t\ttop: 50%;\t\t\t\tleft: 50%;\t\t\t\ttransform: translate(-50%, -50%);      }      #bwg_container1_0 #bwg_container2_0 .bwg-mosaic-thumbnails .bwg_mosaic_title_spun2_0,      #bwg_container1_0 #bwg_container2_0 .bwg-mosaic-thumbnails .bwg_ecommerce_spun2_0 {\t\t    color: #323A45;        font-family: Ubuntu;        font-size: 16px;        font-weight: bold;        text-shadow: ;        vertical-align: middle;        word-wrap: break-word;      }            .bwg_mosaic_play_icon_spun_0 {        display: table;        position: absolute;        left: -10000px;        top: 0px;        opacity: 0;      }      .bwg_mosaic_play_icon_0 {        color: #323A45;        font-size: 32px;        vertical-align: middle;        display: table-cell !important;        z-index: 1;        text-align: center;        margin: 0 auto;      }      #bwg_container1_0 #bwg_container2_0 .bwg_gal_title_0 {        background-color: rgba(0, 0, 0, 0);        color: #323A45;        display: block;        font-family: Ubuntu;        font-size: 16px;        font-weight: bold;        padding: 2px;        text-shadow: ;        text-align: center;      }            @media screen and (max-width: 350px) {      div[class^=\"bwg_mosaic_thumbnails_\"],      span[class^=\"bwg_mosaic_thumb_spun_\"] {      width: 100% !important;      }      img[class^=\"bwg_mosaic_thumb_\"] {      width: 100% !important;      height: auto !important;      margin: 0px auto !important;      }      }      <\/style>    <div id=\"bwg_container1_0\"         class=\"bwg_container bwg_thumbnail bwg_thumbnails_mosaic \"         data-right-click-protection=\"0\"         data-bwg=\"0\"         data-scroll=\"0\"         data-gallery-type=\"thumbnails_mosaic\"         data-gallery-view-type=\"thumbnails_mosaic\"         data-current-url=\"\/index.php?rest_route=%2Fwp%2Fv2%2Fpages%2F1076\"         data-lightbox-url=\"https:\/\/ifmaker.gravatai.ifsul.edu.br\/wp-admin\/admin-ajax.php?action=GalleryBox&#038;current_view=0&#038;gallery_id=3&#038;tag=0&#038;theme_id=1&#038;shortcode_id=10&#038;sort_by=order&#038;order_by=asc&#038;current_url=%2Findex.php%3Frest_route%3D%252Fwp%252Fv2%252Fpages%252F1076\"         data-gallery-id=\"3\"         data-popup-width=\"800\"         data-popup-height=\"500\"         data-is-album=\"gallery\"         data-buttons-position=\"bottom\">      <div id=\"bwg_container2_0\">             <div id=\"ajax_loading_0\" class=\"bwg_loading_div_1\">      <div class=\"bwg_loading_div_2\">        <div class=\"bwg_loading_div_3\">          <div id=\"loading_div_0\" class=\"bwg_spider_ajax_loading\">          <\/div>        <\/div>      <\/div>    <\/div>            <form id=\"gal_front_form_0\"              class=\"bwg-hidden\"              method=\"post\"              action=\"#\"              data-current=\"0\"              data-shortcode-id=\"10\"              data-gallery-type=\"thumbnails_mosaic\"              data-gallery-id=\"3\"              data-tag=\"0\"              data-album-id=\"0\"              data-theme-id=\"1\"              data-ajax-url=\"https:\/\/ifmaker.gravatai.ifsul.edu.br\/wp-admin\/admin-ajax.php?action=bwg_frontend_data\">          <div id=\"bwg_container3_0\" class=\"bwg-background bwg-background-0\">                <div id=\"bwg_mosaic_thumbnails_div_0\"         class=\"bwg-container-0 bwg-container bwg-mosaic-thumbnails\"         data-bwg=\"0\"         data-mosaic-direction=\"vertical\"         data-resizable=\"0\"         data-width=\"250\"         data-height=\"250\"         data-total-width=\"100\"         data-block-id=\"bwg_thumbnails_mosaic_0\"         data-thumb-padding=\"2\"         data-thumb-border=\"0\"         data-title-margin=\"2px\"         data-image-title=\"none\"         data-play-icon=\"1\"         data-ecommerce-icon=\"none\"         data-gallery-id=\"3\"         data-lightbox-url=\"https:\/\/ifmaker.gravatai.ifsul.edu.br\/wp-admin\/admin-ajax.php?action=GalleryBox&#038;current_view=0&#038;gallery_id=3&#038;tag=0&#038;theme_id=1&#038;shortcode_id=10&#038;sort_by=order&#038;order_by=asc&#038;current_url=%2Findex.php%3Frest_route%3D%252Fwp%252Fv2%252Fpages%252F1076\"         data-mosaic-thumb-transition=\"1\"         style=\"visibility: hidden\" >      <div id=\"bwg_thumbnails_mosaic_0\" class=\"bwg_mosaic_thumbnails_0\">                  <a  class=\"bwg-a bwg_lightbox bwg_lightbox_0\" href=\"https:\/\/ifmaker.gravatai.ifsul.edu.br\/wp-content\/uploads\/photo-gallery\/IA-2023\/WhatsApp-Image-2024-04-10-at-11.45.08.jpeg?bwg=1712760511\" data-image-id=\"34\" data-elementor-open-lightbox=\"no\">          <div class=\"bwg_mosaic_thumb_spun_0 bwg-item0 bwg-mosaic-thumb-span \">            <img decoding=\"async\" class=\"bwg_mosaic_thumb_0 skip-lazy bwg_img_clear bwg_img_custom \"                 id=\"34\"                 src=\"https:\/\/ifmaker.gravatai.ifsul.edu.br\/wp-content\/uploads\/photo-gallery\/IA-2023\/thumb\/WhatsApp-Image-2024-04-10-at-11.45.08.jpeg?bwg=1712760511\"                 data-src=\"https:\/\/ifmaker.gravatai.ifsul.edu.br\/wp-content\/uploads\/photo-gallery\/IA-2023\/thumb\/WhatsApp-Image-2024-04-10-at-11.45.08.jpeg?bwg=1712760511\"                 data-width=\"500.00\"                 data-height=\"375.00\"                 alt=\"WhatsApp-Image-2024-04-10-at-11.45.08\"                 title=\"WhatsApp-Image-2024-04-10-at-11.45.08\" \/>                      <\/div>        <\/a>                <a  class=\"bwg-a bwg_lightbox bwg_lightbox_0\" href=\"https:\/\/ifmaker.gravatai.ifsul.edu.br\/wp-content\/uploads\/photo-gallery\/IA-2023\/WhatsApp-Image-2024-04-10-at-11.44.11.jpeg?bwg=1712760511\" data-image-id=\"35\" data-elementor-open-lightbox=\"no\">          <div class=\"bwg_mosaic_thumb_spun_0 bwg-item0 bwg-mosaic-thumb-span \">            <img decoding=\"async\" class=\"bwg_mosaic_thumb_0 skip-lazy bwg_img_clear bwg_img_custom \"                 id=\"35\"                 src=\"https:\/\/ifmaker.gravatai.ifsul.edu.br\/wp-content\/uploads\/photo-gallery\/IA-2023\/thumb\/WhatsApp-Image-2024-04-10-at-11.44.11.jpeg?bwg=1712760511\"                 data-src=\"https:\/\/ifmaker.gravatai.ifsul.edu.br\/wp-content\/uploads\/photo-gallery\/IA-2023\/thumb\/WhatsApp-Image-2024-04-10-at-11.44.11.jpeg?bwg=1712760511\"                 data-width=\"500.00\"                 data-height=\"360.00\"                 alt=\"WhatsApp-Image-2024-04-10-at-11.44.11\"                 title=\"WhatsApp-Image-2024-04-10-at-11.44.11\" \/>                      <\/div>        <\/a>                <a  class=\"bwg-a bwg_lightbox bwg_lightbox_0\" href=\"https:\/\/ifmaker.gravatai.ifsul.edu.br\/wp-content\/uploads\/photo-gallery\/IA-2023\/WhatsApp-Image-2024-04-10-at-11.45.09.jpeg?bwg=1712760511\" data-image-id=\"36\" data-elementor-open-lightbox=\"no\">          <div class=\"bwg_mosaic_thumb_spun_0 bwg-item0 bwg-mosaic-thumb-span \">            <img decoding=\"async\" class=\"bwg_mosaic_thumb_0 skip-lazy bwg_img_clear bwg_img_custom \"                 id=\"36\"                 src=\"https:\/\/ifmaker.gravatai.ifsul.edu.br\/wp-content\/uploads\/photo-gallery\/IA-2023\/thumb\/WhatsApp-Image-2024-04-10-at-11.45.09.jpeg?bwg=1712760511\"                 data-src=\"https:\/\/ifmaker.gravatai.ifsul.edu.br\/wp-content\/uploads\/photo-gallery\/IA-2023\/thumb\/WhatsApp-Image-2024-04-10-at-11.45.09.jpeg?bwg=1712760511\"                 data-width=\"500.00\"                 data-height=\"375.00\"                 alt=\"WhatsApp-Image-2024-04-10-at-11.45.09\"                 title=\"WhatsApp-Image-2024-04-10-at-11.45.09\" \/>                      <\/div>        <\/a>                <a  class=\"bwg-a bwg_lightbox bwg_lightbox_0\" href=\"https:\/\/ifmaker.gravatai.ifsul.edu.br\/wp-content\/uploads\/photo-gallery\/IA-2023\/WhatsApp-Image-2024-04-10-at-11.45.081.jpeg?bwg=1712760511\" data-image-id=\"37\" data-elementor-open-lightbox=\"no\">          <div class=\"bwg_mosaic_thumb_spun_0 bwg-item0 bwg-mosaic-thumb-span \">            <img decoding=\"async\" class=\"bwg_mosaic_thumb_0 skip-lazy bwg_img_clear bwg_img_custom \"                 id=\"37\"                 src=\"https:\/\/ifmaker.gravatai.ifsul.edu.br\/wp-content\/uploads\/photo-gallery\/IA-2023\/thumb\/WhatsApp-Image-2024-04-10-at-11.45.081.jpeg?bwg=1712760511\"                 data-src=\"https:\/\/ifmaker.gravatai.ifsul.edu.br\/wp-content\/uploads\/photo-gallery\/IA-2023\/thumb\/WhatsApp-Image-2024-04-10-at-11.45.081.jpeg?bwg=1712760511\"                 data-width=\"500.00\"                 data-height=\"375.00\"                 alt=\"WhatsApp-Image-2024-04-10-at-11.45.081\"                 title=\"WhatsApp-Image-2024-04-10-at-11.45.081\" \/>                      <\/div>        <\/a>                <a  class=\"bwg-a bwg_lightbox bwg_lightbox_0\" href=\"https:\/\/ifmaker.gravatai.ifsul.edu.br\/wp-content\/uploads\/photo-gallery\/IA-2023\/WhatsApp-Image-2024-04-10-at-11.45.12.jpeg?bwg=1712760511\" data-image-id=\"38\" data-elementor-open-lightbox=\"no\">          <div class=\"bwg_mosaic_thumb_spun_0 bwg-item0 bwg-mosaic-thumb-span \">            <img decoding=\"async\" class=\"bwg_mosaic_thumb_0 skip-lazy bwg_img_clear bwg_img_custom \"                 id=\"38\"                 src=\"https:\/\/ifmaker.gravatai.ifsul.edu.br\/wp-content\/uploads\/photo-gallery\/IA-2023\/thumb\/WhatsApp-Image-2024-04-10-at-11.45.12.jpeg?bwg=1712760511\"                 data-src=\"https:\/\/ifmaker.gravatai.ifsul.edu.br\/wp-content\/uploads\/photo-gallery\/IA-2023\/thumb\/WhatsApp-Image-2024-04-10-at-11.45.12.jpeg?bwg=1712760511\"                 data-width=\"500.00\"                 data-height=\"375.00\"                 alt=\"WhatsApp-Image-2024-04-10-at-11.45.12\"                 title=\"WhatsApp-Image-2024-04-10-at-11.45.12\" \/>                      <\/div>        <\/a>                <a  class=\"bwg-a bwg_lightbox bwg_lightbox_0\" href=\"https:\/\/ifmaker.gravatai.ifsul.edu.br\/wp-content\/uploads\/photo-gallery\/IA-2023\/WhatsApp-Image-2024-04-10-at-11.45.20.jpeg?bwg=1712760511\" data-image-id=\"39\" data-elementor-open-lightbox=\"no\">          <div class=\"bwg_mosaic_thumb_spun_0 bwg-item0 bwg-mosaic-thumb-span \">            <img decoding=\"async\" class=\"bwg_mosaic_thumb_0 skip-lazy bwg_img_clear bwg_img_custom \"                 id=\"39\"                 src=\"https:\/\/ifmaker.gravatai.ifsul.edu.br\/wp-content\/uploads\/photo-gallery\/IA-2023\/thumb\/WhatsApp-Image-2024-04-10-at-11.45.20.jpeg?bwg=1712760511\"                 data-src=\"https:\/\/ifmaker.gravatai.ifsul.edu.br\/wp-content\/uploads\/photo-gallery\/IA-2023\/thumb\/WhatsApp-Image-2024-04-10-at-11.45.20.jpeg?bwg=1712760511\"                 data-width=\"500.00\"                 data-height=\"375.00\"                 alt=\"WhatsApp-Image-2024-04-10-at-11.45.20\"                 title=\"WhatsApp-Image-2024-04-10-at-11.45.20\" \/>                      <\/div>        <\/a>                <a  class=\"bwg-a bwg_lightbox bwg_lightbox_0\" href=\"https:\/\/ifmaker.gravatai.ifsul.edu.br\/wp-content\/uploads\/photo-gallery\/IA-2023\/WhatsApp-Image-2024-04-10-at-11.45.22.jpeg?bwg=1712760511\" data-image-id=\"40\" data-elementor-open-lightbox=\"no\">          <div class=\"bwg_mosaic_thumb_spun_0 bwg-item0 bwg-mosaic-thumb-span \">            <img decoding=\"async\" class=\"bwg_mosaic_thumb_0 skip-lazy bwg_img_clear bwg_img_custom \"                 id=\"40\"                 src=\"https:\/\/ifmaker.gravatai.ifsul.edu.br\/wp-content\/uploads\/photo-gallery\/IA-2023\/thumb\/WhatsApp-Image-2024-04-10-at-11.45.22.jpeg?bwg=1712760511\"                 data-src=\"https:\/\/ifmaker.gravatai.ifsul.edu.br\/wp-content\/uploads\/photo-gallery\/IA-2023\/thumb\/WhatsApp-Image-2024-04-10-at-11.45.22.jpeg?bwg=1712760511\"                 data-width=\"500.00\"                 data-height=\"375.00\"                 alt=\"WhatsApp-Image-2024-04-10-at-11.45.22\"                 title=\"WhatsApp-Image-2024-04-10-at-11.45.22\" \/>                      <\/div>        <\/a>            <\/div>    <\/div>    <style>      \/*pagination styles*\/      #bwg_container1_0 #bwg_container2_0 .tablenav-pages_0 {\t\t\t\ttext-align: center;\t\t\t\tfont-size: 12px;\t\t\t\tfont-family: Ubuntu;\t\t\t\tfont-weight: bold;\t\t\t\tcolor: #666666;\t\t\t\tmargin: 6px 0 4px;\t\t\t\tdisplay: block;      }      @media only screen and (max-width : 320px) {      #bwg_container1_0 #bwg_container2_0 .displaying-num_0 {     \t display: none;      }      }      #bwg_container1_0 #bwg_container2_0 .displaying-num_0 {\t\t\t\tfont-size: 12px;\t\t\t\tfont-family: Ubuntu;\t\t\t\tfont-weight: bold;\t\t\t\tcolor: #666666;\t\t\t\tmargin-right: 10px;\t\t\t\tvertical-align: middle;      }      #bwg_container1_0 #bwg_container2_0 .paging-input_0 {\t\t\t\tfont-size: 12px;\t\t\t\tfont-family: Ubuntu;\t\t\t\tfont-weight: bold;\t\t\t\tcolor: #666666;\t\t\t\tvertical-align: middle;      }      #bwg_container1_0 #bwg_container2_0 .tablenav-pages_0 a.disabled,      #bwg_container1_0 #bwg_container2_0 .tablenav-pages_0 a.disabled:hover,      #bwg_container1_0 #bwg_container2_0 .tablenav-pages_0 a.disabled:focus,\t\t\t#bwg_container1_0 #bwg_container2_0 .tablenav-pages_0 input.bwg_current_page {\t\t\t\tcursor: default;\t\t\t\tcolor: rgba(102, 102, 102, 0.5);      }      #bwg_container1_0 #bwg_container2_0 .tablenav-pages_0 a,      #bwg_container1_0 #bwg_container2_0 .tablenav-pages_0 input.bwg_current_page {\t\t\t\tcursor: pointer;\t\t\t\ttext-align: center;\t\t\t\tfont-size: 12px;\t\t\t\tfont-family: Ubuntu;\t\t\t\tfont-weight: bold;\t\t\t\tcolor: #666666;\t\t\t\ttext-decoration: none;\t\t\t\tpadding: 3px 6px;\t\t\t\tmargin: 0;\t\t\t\tborder-radius: 0;\t\t\t\tborder-style: solid;\t\t\t\tborder-width: 1px;\t\t\t\tborder-color: #E3E3E3;\t\t\t\t\t\t\t\tbackground-color: rgba(255, 255, 255, 1.00);\t\t\t\tbox-shadow: 0;\t\t\t\ttransition: all 0.3s ease 0s;-webkit-transition: all 0.3s ease 0s;      }      <\/style>      <span class=\"bwg_nav_cont_0\">              <div class=\"tablenav-pages_0\">                  <\/div>                <input type=\"hidden\" id=\"page_number_0\" name=\"page_number_0\" value=\"1\" \/>      <script type=\"text\/javascript\">        if( jQuery('.bwg_nav_cont_0').length > 1 ) {          jQuery('.bwg_nav_cont_0').first().remove()        }        function spider_page_0(cur, x, y, load_more) {          if (typeof load_more == \"undefined\") {            var load_more = false;          }          if (jQuery(cur).hasClass('disabled')) {            return false;          }          var items_county_0 = 1;          switch (y) {            case 1:              if (x >= items_county_0) {                document.getElementById('page_number_0').value = items_county_0;              }              else {                document.getElementById('page_number_0').value = x + 1;              }              break;            case 2:              document.getElementById('page_number_0').value = items_county_0;              break;            case -1:              if (x == 1) {                document.getElementById('page_number_0').value = 1;              }              else {                document.getElementById('page_number_0').value = x - 1;              }              break;            case -2:              document.getElementById('page_number_0').value = 1;              break;\t\t\t\t\t\tcase 0:              document.getElementById('page_number_0').value = x;              break;            default:              document.getElementById('page_number_0').value = 1;          }          bwg_ajax('gal_front_form_0', '0', 'bwg_thumbnails_mosaic_0', '0', '', 'gallery', 0, '', '', load_more, '', 1);        }                    jQuery('.first-page-0').on('click', function () {              spider_page_0(this, 1, -2, 'numeric');              return false;            });            jQuery('.prev-page-0').on('click', function () {              spider_page_0(this, 1, -1, 'numeric');              return false;            });            jQuery('.next-page-0').on('click', function () {              spider_page_0(this, 1, 1, 'numeric');              return false;            });            jQuery('.last-page-0').on('click', function () {              spider_page_0(this, 1, 2, 'numeric');              return false;            });        \t\t\t\t\/* Change page on input enter. *\/        function bwg_change_page_0( e, that ) {          if (  e.key == 'Enter' ) {            var to_page = parseInt(jQuery(that).val());            var pages_count = jQuery(that).parents(\".pagination-links\").data(\"pages-count\");            var current_url_param = jQuery(that).attr('data-url-info');            if (to_page > pages_count) {              to_page = 1;            }\t \t\t\t\t\t\t\t\t\t\t\t\tspider_page_0(this, to_page, 0, 'numeric');\t\t\t\t\t\t\treturn false;\t\t\t\t\t\t          }          return true;        }        jQuery('.bwg_load_btn_0').on('click', function () {            spider_page_0(this, 1, 1, true);            return false;        });      <\/script>      <\/span>                <\/div>        <\/form>        <style>          #bwg_container1_0 #bwg_container2_0 #spider_popup_overlay_0 {          background-color: #EEEEEE;          opacity: 0.60;          }          <\/style>        <div id=\"bwg_spider_popup_loading_0\" class=\"bwg_spider_popup_loading\"><\/div>        <div id=\"spider_popup_overlay_0\" class=\"spider_popup_overlay\" onclick=\"spider_destroypopup(1000)\"><\/div>        <input type=\"hidden\" id=\"bwg_random_seed_0\" value=\"299400480\">                <\/div>    <\/div>    <script>      if (document.readyState === 'complete') {        if( typeof bwg_main_ready == 'function' ) {          if ( jQuery(\"#bwg_container1_0\").height() ) {            bwg_main_ready(jQuery(\"#bwg_container1_0\"));          }        }      } else {        document.addEventListener('DOMContentLoaded', function() {          if( typeof bwg_main_ready == 'function' ) {            if ( jQuery(\"#bwg_container1_0\").height() ) {             bwg_main_ready(jQuery(\"#bwg_container1_0\"));            }          }        });      }    <\/script>    \n","protected":false},"excerpt":{"rendered":"<p>Projeto de Ensino Clube de Intelig\u00eancia Artificial (2023) O projeto de ensino Clube de Intelig\u00eancia Artificial visa fomentar estudos nas \u00e1reas de Intelig\u00eancia Artificial, Ci\u00eancia de Dados, Engenharia de Dados e Banco de Dados, promovendo o desenvolvimento de conhecimentos complementares aos trabalhados nos cursos oferecidos pelo IFSUL no c\u00e2mpus Gravata\u00ed. Atrav\u00e9s de encontros semanais, os [&hellip;]<\/p>\n","protected":false},"author":2,"featured_media":0,"parent":0,"menu_order":0,"comment_status":"closed","ping_status":"closed","template":"templates\/template-page-full-width.php","meta":{"footnotes":""},"class_list":["post-1076","page","type-page","status-publish","hentry"],"_links":{"self":[{"href":"https:\/\/ifmaker.gravatai.ifsul.edu.br\/index.php?rest_route=\/wp\/v2\/pages\/1076","targetHints":{"allow":["GET"]}}],"collection":[{"href":"https:\/\/ifmaker.gravatai.ifsul.edu.br\/index.php?rest_route=\/wp\/v2\/pages"}],"about":[{"href":"https:\/\/ifmaker.gravatai.ifsul.edu.br\/index.php?rest_route=\/wp\/v2\/types\/page"}],"author":[{"embeddable":true,"href":"https:\/\/ifmaker.gravatai.ifsul.edu.br\/index.php?rest_route=\/wp\/v2\/users\/2"}],"replies":[{"embeddable":true,"href":"https:\/\/ifmaker.gravatai.ifsul.edu.br\/index.php?rest_route=%2Fwp%2Fv2%2Fcomments&post=1076"}],"version-history":[{"count":8,"href":"https:\/\/ifmaker.gravatai.ifsul.edu.br\/index.php?rest_route=\/wp\/v2\/pages\/1076\/revisions"}],"predecessor-version":[{"id":1107,"href":"https:\/\/ifmaker.gravatai.ifsul.edu.br\/index.php?rest_route=\/wp\/v2\/pages\/1076\/revisions\/1107"}],"wp:attachment":[{"href":"https:\/\/ifmaker.gravatai.ifsul.edu.br\/index.php?rest_route=%2Fwp%2Fv2%2Fmedia&parent=1076"}],"curies":[{"name":"wp","href":"https:\/\/api.w.org\/{rel}","templated":true}]}}