{"id":1070,"date":"2024-04-09T16:54:24","date_gmt":"2024-04-09T19:54:24","guid":{"rendered":"https:\/\/ifmaker.gravatai.ifsul.edu.br\/?page_id=1070"},"modified":"2024-04-10T13:54:12","modified_gmt":"2024-04-10T16:54:12","slug":"projeto-de-ensino-modelagem-e-impressao-de-objetos-3d-aplicada-as-praticas-de-biologia","status":"publish","type":"page","link":"https:\/\/ifmaker.gravatai.ifsul.edu.br\/?page_id=1070","title":{"rendered":"Projeto de Ensino Modelagem e impress\u00e3o de objetos 3D aplicada \u00e0s pr\u00e1ticas de\u00a0biologia"},"content":{"rendered":"\n<h2 class=\"wp-block-heading\"><strong>Projeto de Ensino Modelagem e impress\u00e3o de objetos 3D aplicada \u00e0s pr\u00e1ticas de&nbsp;biologia<\/strong> (2023)<\/h2>\n\n\n\n<div style=\"height:53px\" aria-hidden=\"true\" class=\"wp-block-spacer\"><\/div>\n\n\n\n<p class=\"has-medium-font-size\">O projeto de ensino <strong>Modelagem e impress\u00e3o de objetos 3D aplicada \u00e0s pr\u00e1ticas de biologia<\/strong> consiste na integra\u00e7\u00e3o de conhecimentos das \u00e1reas de modelagem e impress\u00e3o 3D e biologia, por meio da cria\u00e7\u00e3o de um grupo de estudos que tem por objetivo identificar, modelar e imprimir objetos tridimensionais no Laborat\u00f3rio de Prototipagem IFMaker para serem usados nas pr\u00e1ticas de biologia no Laborat\u00f3rio Multidisciplinar, ambos no Campus Gravata\u00ed. A utiliza\u00e7\u00e3o da impress\u00e3o 3D na elabora\u00e7\u00e3o, por parte dos estudantes, de materiais para o estudo e ensino de biologia possibilita o despertar de sua criatividade e desenvolvimento de seus conhecimentos relacionados a essa tecnologia. Al\u00e9m disso, permite tamb\u00e9m a revisita\u00e7\u00e3o dos conceitos biol\u00f3gicos te\u00f3ricos no momento da elabora\u00e7\u00e3o dos modelos a serem impressos, o que auxilia na consolida\u00e7\u00e3o do conhecimento. O projeto, que em 2023 est\u00e1 no seu segundo ano de execu\u00e7\u00e3o, j\u00e1 proporcionou o conhecimento da \u00e1rea de modelagem e impress\u00e3o 3D para quinze estudantes, produziu 35 modelos 3D e possibilitou a impress\u00e3o de 340 objetos 3D para utiliza\u00e7\u00e3o no ensino e aprendizagem da disciplina de Biologia.<\/p>\n\n\n\n<div style=\"height:48px\" aria-hidden=\"true\" class=\"wp-block-spacer\"><\/div>\n\n\n\n<p class=\"has-medium-font-size\"><strong>Per\u00edodo de Execu\u00e7\u00e3o:<\/strong>&nbsp;de maio a dezembro de 2023<\/p>\n\n\n\n<p class=\"has-medium-font-size\"><strong>Coordenadores:<\/strong>&nbsp;&nbsp;Ademir Dorneles de Dorneles e Raquel Calloni<\/p>\n\n\n\n<p class=\"has-medium-font-size\"><strong>Contatos:<\/strong>&nbsp;&nbsp;<a href=\"mailto:ademirdorneles@ifsul.edu.br\">ademirdorneles@ifsul.edu.br<\/a>&nbsp;e <a href=\"mailto:raquelcalloni@ifsul.edu.br\">raquelcalloni@ifsul.edu.br<\/a><\/p>\n\n\n\n<p class=\"has-medium-font-size\"><strong>N\u00ba de Registro<\/strong>:&nbsp;PJE2023038<\/p>\n","protected":false},"excerpt":{"rendered":"<p>Projeto de Ensino Modelagem e impress\u00e3o de objetos 3D aplicada \u00e0s pr\u00e1ticas de&nbsp;biologia (2023) O projeto de ensino Modelagem e impress\u00e3o de objetos 3D aplicada \u00e0s pr\u00e1ticas de biologia consiste na integra\u00e7\u00e3o de conhecimentos das \u00e1reas de modelagem e impress\u00e3o 3D e biologia, por meio da cria\u00e7\u00e3o de um grupo de estudos que tem por [&hellip;]<\/p>\n","protected":false},"author":2,"featured_media":0,"parent":0,"menu_order":0,"comment_status":"closed","ping_status":"closed","template":"templates\/template-page-full-width.php","meta":{"footnotes":""},"class_list":["post-1070","page","type-page","status-publish","hentry"],"_links":{"self":[{"href":"https:\/\/ifmaker.gravatai.ifsul.edu.br\/index.php?rest_route=\/wp\/v2\/pages\/1070","targetHints":{"allow":["GET"]}}],"collection":[{"href":"https:\/\/ifmaker.gravatai.ifsul.edu.br\/index.php?rest_route=\/wp\/v2\/pages"}],"about":[{"href":"https:\/\/ifmaker.gravatai.ifsul.edu.br\/index.php?rest_route=\/wp\/v2\/types\/page"}],"author":[{"embeddable":true,"href":"https:\/\/ifmaker.gravatai.ifsul.edu.br\/index.php?rest_route=\/wp\/v2\/users\/2"}],"replies":[{"embeddable":true,"href":"https:\/\/ifmaker.gravatai.ifsul.edu.br\/index.php?rest_route=%2Fwp%2Fv2%2Fcomments&post=1070"}],"version-history":[{"count":3,"href":"https:\/\/ifmaker.gravatai.ifsul.edu.br\/index.php?rest_route=\/wp\/v2\/pages\/1070\/revisions"}],"predecessor-version":[{"id":1131,"href":"https:\/\/ifmaker.gravatai.ifsul.edu.br\/index.php?rest_route=\/wp\/v2\/pages\/1070\/revisions\/1131"}],"wp:attachment":[{"href":"https:\/\/ifmaker.gravatai.ifsul.edu.br\/index.php?rest_route=%2Fwp%2Fv2%2Fmedia&parent=1070"}],"curies":[{"name":"wp","href":"https:\/\/api.w.org\/{rel}","templated":true}]}}