{"id":1065,"date":"2024-04-09T16:48:58","date_gmt":"2024-04-09T19:48:58","guid":{"rendered":"https:\/\/ifmaker.gravatai.ifsul.edu.br\/?page_id=1065"},"modified":"2024-04-10T11:53:13","modified_gmt":"2024-04-10T14:53:13","slug":"modelagem-e-impressao-de-objetos-3d-aplicada-as-praticas-de-quimica-2","status":"publish","type":"page","link":"https:\/\/ifmaker.gravatai.ifsul.edu.br\/?page_id=1065","title":{"rendered":"Modelagem e impress\u00e3o de objetos 3D aplicada \u00e0s pr\u00e1ticas de qu\u00edmica"},"content":{"rendered":"\n<h2 class=\"wp-block-heading\">Projeto de Ensino Modelagem e impress\u00e3o de objetos 3D aplicada \u00e0s pr\u00e1ticas de qu\u00edmica (2023)<\/h2>\n\n\n\n<div style=\"height:64px\" aria-hidden=\"true\" class=\"wp-block-spacer\"><\/div>\n\n\n\n<p class=\"has-medium-font-size\">O projeto de ensino Modelagem e impress\u00e3o de objetos 3D aplicada \u00e0s pr\u00e1ticas de qu\u00edmica est\u00e1 vinculado ao Laborat\u00f3rio de Prototipagem IFMaker \u2013 Gravata\u00ed e tem por objetivo a integra\u00e7\u00e3o de conhecimentos das \u00e1reas de modelagem e impress\u00e3o 3D e qu\u00edmica, por meio da cria\u00e7\u00e3o de um grupo de estudos que ter\u00e1 por objetivo identificar, modelar e imprimir objetos tridimensionais no Laborat\u00f3rio de Prototipagem IFMaker para serem empregados nas pr\u00e1ticas de qu\u00edmica executadas no Laborat\u00f3rio Multidisciplinar, ambos no C\u00e2mpus Gravata\u00ed.<\/p>\n\n\n\n<div style=\"height:64px\" aria-hidden=\"true\" class=\"wp-block-spacer\"><\/div>\n\n\n\n<p class=\"has-medium-font-size\"><strong>Per\u00edodo de Execu\u00e7\u00e3o:<\/strong> de maio a dezembro de 2023<\/p>\n\n\n\n<p class=\"has-medium-font-size\"><strong>Coordenadores:<\/strong> Ademir Dorneles de Dorneles e Cl\u00e9ia de Andrade Salles<\/p>\n\n\n\n<p class=\"has-medium-font-size\"><strong>Contatos:<\/strong>&nbsp; <a href=\"mailto:ademirdorneles@ifsul.edu.br\">ademirdorneles@ifsul.edu.br<\/a> e <a href=\"mailto:cleiasalles@ifsul.edu.br\">cleiasalles@ifsul.edu.br<\/a><\/p>\n\n\n\n<p class=\"has-medium-font-size\"><strong>N\u00ba de Registro: <\/strong>PJE2023037<\/p>\n","protected":false},"excerpt":{"rendered":"<p>Projeto de Ensino Modelagem e impress\u00e3o de objetos 3D aplicada \u00e0s pr\u00e1ticas de qu\u00edmica (2023) O projeto de ensino Modelagem e impress\u00e3o de objetos 3D aplicada \u00e0s pr\u00e1ticas de qu\u00edmica est\u00e1 vinculado ao Laborat\u00f3rio de Prototipagem IFMaker \u2013 Gravata\u00ed e tem por objetivo a integra\u00e7\u00e3o de conhecimentos das \u00e1reas de modelagem e impress\u00e3o 3D e [&hellip;]<\/p>\n","protected":false},"author":2,"featured_media":0,"parent":0,"menu_order":0,"comment_status":"closed","ping_status":"closed","template":"templates\/template-page-full-width.php","meta":{"footnotes":""},"class_list":["post-1065","page","type-page","status-publish","hentry"],"_links":{"self":[{"href":"https:\/\/ifmaker.gravatai.ifsul.edu.br\/index.php?rest_route=\/wp\/v2\/pages\/1065","targetHints":{"allow":["GET"]}}],"collection":[{"href":"https:\/\/ifmaker.gravatai.ifsul.edu.br\/index.php?rest_route=\/wp\/v2\/pages"}],"about":[{"href":"https:\/\/ifmaker.gravatai.ifsul.edu.br\/index.php?rest_route=\/wp\/v2\/types\/page"}],"author":[{"embeddable":true,"href":"https:\/\/ifmaker.gravatai.ifsul.edu.br\/index.php?rest_route=\/wp\/v2\/users\/2"}],"replies":[{"embeddable":true,"href":"https:\/\/ifmaker.gravatai.ifsul.edu.br\/index.php?rest_route=%2Fwp%2Fv2%2Fcomments&post=1065"}],"version-history":[{"count":5,"href":"https:\/\/ifmaker.gravatai.ifsul.edu.br\/index.php?rest_route=\/wp\/v2\/pages\/1065\/revisions"}],"predecessor-version":[{"id":1106,"href":"https:\/\/ifmaker.gravatai.ifsul.edu.br\/index.php?rest_route=\/wp\/v2\/pages\/1065\/revisions\/1106"}],"wp:attachment":[{"href":"https:\/\/ifmaker.gravatai.ifsul.edu.br\/index.php?rest_route=%2Fwp%2Fv2%2Fmedia&parent=1065"}],"curies":[{"name":"wp","href":"https:\/\/api.w.org\/{rel}","templated":true}]}}